{"id":1126,"date":"2022-07-25T13:25:58","date_gmt":"2022-07-25T11:25:58","guid":{"rendered":"https:\/\/www.realmurcia.es\/tiendaonline\/?page_id=1126"},"modified":"2023-02-21T17:34:06","modified_gmt":"2023-02-21T16:34:06","slug":"politica-de-privacidad","status":"publish","type":"page","link":"https:\/\/www.realmurcia.es\/tiendaonline\/politica-de-privacidad\/","title":{"rendered":"Pol\u00edtica de privacidad"},"content":{"rendered":"<style>\/*! elementor - v3.7.8 - 02-10-2022 *\/<br \/>\n.elementor-heading-title{padding:0;margin:0;line-height:1}.elementor-widget-heading .elementor-heading-title[class*=elementor-size-]>a{color:inherit;font-size:inherit;line-height:inherit}.elementor-widget-heading .elementor-heading-title.elementor-size-small{font-size:15px}.elementor-widget-heading .elementor-heading-title.elementor-size-medium{font-size:19px}.elementor-widget-heading .elementor-heading-title.elementor-size-large{font-size:29px}.elementor-widget-heading .elementor-heading-title.elementor-size-xl{font-size:39px}.elementor-widget-heading .elementor-heading-title.elementor-size-xxl{font-size:59px}<\/style>\n<h1>Pol\u00edtica de Privacidad Real Murcia<\/h1>\n<p>Esta pol\u00edtica de privacidad describe los datos personales recopilados o generados (tratados) cuando interact\u00faa con el Real Murcia CF SAD a trav\u00e9s de nuestros sitios web, experiencias digitales, aplicaciones m\u00f3viles, tiendas, eventos, o alguno de nuestros productos o servicios, todos los cuales forman parte de la Plataforma del Real Murcia (\u00abPlataforma\u00bb). Tambi\u00e9n explica c\u00f3mo se utilizan, comparten y protegen sus datos personales, qu\u00e9 opciones tiene en relaci\u00f3n con los mismos y c\u00f3mo se puede&nbsp; poner en contacto con nosotros.<\/p>\n<h2>\u00bfQUI\u00c9N es Responsable del Tratamiento de sus datos personales?<\/h2>\n<p>La sociedad Real Murcia CF SAD que ser\u00e1 responsable del tratamiento de sus datos personales depender\u00e1 de c\u00f3mo interact\u00fae con la Plataforma de Real Murcia y del lugar donde se encuentre. En esta pol\u00edtica de privacidad se hace referencia a Real Murcia como \u201cReal Murcia\u201d o \u201cnosotros\u201d.<\/p>\n<h2>\u00bfQU\u00c9 datos personales recopilamos y CU\u00c1NDO?<\/h2>\n<p>Para proporcionarle los productos o servicios que solicite, le pediremos ciertos datos personales. Por ejemplo, cuando realice compras, se ponga en contacto con nuestros servicios de atenci\u00f3n al consumidor, solicite recibir comunicaciones, cree una cuenta, participe en nuestros eventos o concursos, o utilice nuestra Plataforma. Adem\u00e1s, cuando solicite servicios espec\u00edficos en las tiendas, es posible que le pidamos que inicie sesi\u00f3n a fin de proporcionarle servicios que posteriormente se asociar\u00e1n a su cuenta (por ejemplo, talla, ajuste, preferencias).<\/p>\n<p>Estos datos personales incluyen sus:<\/p>\n<ul>\n<li>datos de contacto, incluyendo nombre, correo electr\u00f3nico, n\u00famero de tel\u00e9fono y direcci\u00f3n de env\u00edo y facturaci\u00f3n;<\/li>\n<li>informaci\u00f3n de acceso y cuenta, incluyendo nombre de usuario, contrase\u00f1a e ID de usuario \u00fanico;<\/li>\n<li>datos personales incluyendo sexo, ciudad natal, fecha de nacimiento e historial de compra;<\/li>\n<li>informaci\u00f3n de pago o tarjeta de cr\u00e9dito;<\/li>\n<li>im\u00e1genes, fotos y videos;<\/li>\n<li>datos sobre las caracter\u00edsticas f\u00edsicas, incluyendo el peso, la estatura y las medidas corporales (tales como la zancada estimada y las medidas del zapato\/pie o la talla de ropa);<\/li>\n<li>datos de actividad f\u00edsica que han sido proporcionados por usted o generados a trav\u00e9s de nuestra Plataforma (tiempo, duraci\u00f3n, distancia, ubicaci\u00f3n, cantidad de calor\u00edas, ritmo\/zancada);<\/li>\n<li>preferencias personales incluyendo su lista de deseos, as\u00ed como las preferencias de marketing y cookies.<\/li>\n<\/ul>\n<p>Recogemos datos personales adicionales suyos para habilitar funciones particulares dentro de nuestra Plataforma. Estos datos personales incluyen sus:<\/p>\n<ul>\n<li>datos de movimiento del aceler\u00f3metro de su dispositivo;<\/li>\n<li>fotograf\u00edas, audios, contactos e informaci\u00f3n del calendario;<\/li>\n<li>datos de localizaci\u00f3n (GPS); o informaci\u00f3n de redes sociales, incluyendo credenciales y cualquier informaci\u00f3n de sus publicaciones p\u00fablicas sobre Real Murcia o sus comunicaciones con nosotros.<\/li>\n<\/ul>\n<h2>MENORES<\/h2>\n<p>Cumplimos con la normativa local y no permitimos que los menores se registren en nuestra Plataforma cuando est\u00e9n por debajo del l\u00edmite legal del pa\u00eds en el que residan. Se requerir\u00e1 el consentimiento de los padres para que los menores participen en experiencias Real Murcia y eventos.&nbsp;<\/p>\n<h2>HERRAMIENTAS para administrar los datos personales que recopilamos<\/h2>\n<p>Al usar nuestra Plataforma, tambi\u00e9n le facilitamos avisos al momento de obtener el consentimiento para ciertas pr\u00e1cticas. Por ejemplo, obtendremos el consentimiento para usar su localizaci\u00f3n o enviar notificaciones push. Podremos obtener este consentimiento a trav\u00e9s de la Plataforma o usando los permisos est\u00e1ndar disponibles en su dispositivo.<\/p>\n<p>En muchos casos, su navegador web o plataforma de dispositivo m\u00f3vil proporcionar\u00e1 otras herramientas adicionales que le permitir\u00e1n controlar cu\u00e1ndo su dispositivo recopila o comparte determinadas categor\u00edas de datos personales. Por ejemplo, su dispositivo m\u00f3vil o navegador web puede ofrecerle herramientas que le permitan gestionar el uso de cookies o el uso compartido de ubicaciones.&nbsp; Le animamos a que se familiarice y utilice las herramientas disponibles en sus dispositivos.<\/p>\n<h2>\u00bfPOR QU\u00c9 y C\u00d3MO utilizamos sus datos personales?<\/h2>\n<p>&nbsp;Usamos sus datos personales de la siguiente manera:<\/p>\n<p><strong>Para proporcionar las funciones de la Plataforma y Servicios que solicita<\/strong><\/p>\n<p>Cuando utilice nuestra Plataforma, utilizaremos sus datos personales para proporcionarle el producto o servicio que solicite.&nbsp; Por ejemplo, si hace una compra en <a href=\"http:\/\/tienda.realmurcia.es\">tienda.realmurcia.es<\/a>, o participa en un evento o promoci\u00f3n, utilizaremos la informaci\u00f3n de contacto que nos proporcione para comunicarnos con usted sobre la compra, evento o promoci\u00f3n. Si contacta con nuestros servicios de atenci\u00f3n al consumidor, utilizaremos informaci\u00f3n suya, tal como la informaci\u00f3n de entrega o pago, o el producto que ha comprado, con la finalidad de ayudarle a resolver un problema o pregunta.&nbsp;&nbsp;&nbsp;<\/p>\n<p>En muchos casos, para utilizar funciones particulares dentro de nuestra Plataforma, es posible que necesite proporcionar a Real Murcia datos adicionales o un consentimiento adicional para utilizar determinados datos de determinada manera.&nbsp;<\/p>\n<p><strong>Para comunicar informaci\u00f3n sobre nuestros productos, servicios, eventos y para otros objetivos promocionales<\/strong><\/p>\n<p>Cuando d\u00e9 su consentimiento, le enviaremos comunicaciones de marketing y noticias sobre los productos, servicios, eventos y otras promociones del Real Murcia que puedan ser de su inter\u00e9s.&nbsp; Puede renunciar a ello en cualquier momento despu\u00e9s de haber dado su consentimiento.<\/p>\n<p><em><u>Marketing directo<\/u><\/em><\/p>\n<p>Si usted es un cliente actual del Real Murcia (por ejemplo, si ha realizado un pedido con nosotros), podemos utilizar los datos de contacto que nos ha proporcionado para enviarle comunicaciones de marketing sobre productos o servicios similares de Real Murcia, cuando as\u00ed lo permita la ley aplicable (salvo que haya renunciado a ello). En otros casos, le solicitaremos su consentimiento para enviarle informaci\u00f3n de marketing.<\/p>\n<p><em><u>Personalizaci\u00f3n<\/u><\/em><\/p>\n<p>Podemos utilizar la informaci\u00f3n que usted nos proporciona, as\u00ed como la informaci\u00f3n de otros productos o servicios de Real Murcia &#8211; tales como el uso que hace de la Plataforma de Real Murcia, sus visitas o compras realizadas en las tiendas Real Murcia, su participaci\u00f3n en eventos y concursos de Real Murcia &#8211; con el fin de personalizar las comunicaciones sobre productos y servicios que puedan ser de su inter\u00e9s. Al hacerlo, podemos combinar la informaci\u00f3n que usted nos proporciona con la informaci\u00f3n que generamos sobre su actividad en l\u00ednea, incluyendo perspectivas y an\u00e1lisis internos.<\/p>\n<p><strong>Para operar, mejorar y mantener nuestro negocio, productos y servicios<\/strong><\/p>\n<p>Es posible que utilicemos los datos que usted nos proporciona para operar nuestro negocio.&nbsp; Por ejemplo, cuando realiza una compra, podemos utilizar esa informaci\u00f3n para la contabilidad, auditor\u00eda y para otras funciones internas.&nbsp; Otro ejemplo podr\u00eda ser la posibilidad de que utilicemos datos acerca de c\u00f3mo utiliza nuestros productos y servicios para mejorar su experiencia de usuario y para ayudarnos a diagnosticar problemas t\u00e9cnicos y de servicio, as\u00ed como para administrar nuestra Plataforma.<\/p>\n<p><strong>Para proteger nuestra propiedad o seguridad o derechos propios o de terceros<\/strong><\/p>\n<p>Tambi\u00e9n es posible que utilicemos datos personales acerca de c\u00f3mo utiliza nuestra Plataforma para prevenir, detectar o investigar fraudes, abusos, usos ilegales, infracciones de nuestros T\u00e9rminos de uso, y para cumplir con las \u00f3rdenes judiciales, solicitudes gubernamentales o leyes aplicables.<\/p>\n<p><strong>Para objetivos generales de investigaci\u00f3n y an\u00e1lisis<\/strong><\/p>\n<p>Utilizamos datos acerca de c\u00f3mo nuestros visitantes utilizan nuestra Plataforma y servicios para comprender el comportamiento o las preferencias de los clientes.&nbsp; Por ejemplo, podemos utilizar la informaci\u00f3n acerca de c\u00f3mo los visitantes de <a href=\"http:\/\/tienda.realmurcia.es\">tienda.realmurcia.es<\/a> buscan y encuentran productos para comprender mejor las distintas formas de organizar y presentar ofertas de productos en nuestra tienda.&nbsp;&nbsp;<\/p>\n<p><strong>Otras finalidades<\/strong><\/p>\n<p>Tambi\u00e9n podemos utilizar sus datos personales para otras finalidades y, para ello, le proporcionaremos un aviso espec\u00edfico en el momento de la recopilaci\u00f3n y obtendremos su consentimiento cuando sea necesario.<\/p>\n<p><strong>Legitimaci\u00f3n<\/strong><\/p>\n<p><strong>Para el tratamiento de sus datos personales, nuestra base legal depende de c\u00f3mo interact\u00fae con nuestra Plataforma.<\/strong><\/p>\n<ul>\n<li>Cuando compra productos Real Murcia desde nuestra Plataforma, necesitamos sus datos personales para el cumplimiento de nuestra relaci\u00f3n contractual. Por ejemplo, necesitaremos sus datos bancarios y de contacto para la entrega de su pedido.<\/li>\n<li>Tambi\u00e9n nos basamos en otros fundamentos legales, tales como nuestros intereses leg\u00edtimos como empresa, para tratar informaci\u00f3n acerca de la eficacia de nuestras campa\u00f1as de marketing, nuestros productos, servicios, eventos y otras iniciativas promocionales; para operar, mejorar y mantener nuestro negocio, productos y servicios; para proteger nuestros derechos, propiedad o seguridad o los de otros; y para fines generales de investigaci\u00f3n y an\u00e1lisis. Cuando tratamos los datos personales para nuestros intereses leg\u00edtimos, adoptamos las medidas oportunas para garantizar que los intereses que perseguimos est\u00e9n en consonancia con sus intereses, derechos y libertades, lo cual le explicaremos con mucho gusto si lo solicita<\/li>\n<li>Asimismo tratamos sus datos personales para cumplir con una obligaci\u00f3n legal o proteger sus intereses vitales.&nbsp;<\/li>\n<\/ul>\n<ol>\n<li><strong>INTERCAMBIO de sus datos personales<\/strong><\/li>\n<\/ol>\n<p><strong>Intercambio de Real Murcia<\/strong><\/p>\n<p>Nike comparte sus datos personales con:<\/p>\n<ol>\n<li style=\"list-style-type: none;\">\n<ul>\n<li>Entidades del grupo Real Murcia para las finalidades y bajo las condiciones descritas anteriormente<\/li>\n<li>Proveedores de servicios que tratan datos personales en nombre de Real Murcia, por ejemplo, para procesar tarjetas de cr\u00e9dito y pagos, env\u00edos y entregas, alojar, gestionar y dar servicio a nuestros datos, distribuir correos electr\u00f3nicos, investigar y analizar, gestionar promociones de marcas y productos, as\u00ed como administrar ciertos servicios y funciones. Cuando se utilicen servicios prestados por un proveedor, acordaremos que les sea exigido el establecimiento de medidas t\u00e9cnicas y organizativas para proteger sus datos personales.<\/li>\n<li>Otros terceros en la medida necesaria para: (i) cumplir con una solicitud del gobierno, una orden judicial o ley aplicable; (ii) prevenir usos ilegales de nuestra Plataforma o violaciones de los T\u00e9rminos de Uso y las pol\u00edticas de nuestra Plataforma; (iii) defendernos contra reclamaciones de terceros; y (iv) ayudar en la prevenci\u00f3n o investigaci\u00f3n de fraude (por ejemplo, falsificaci\u00f3n).<\/li>\n<li>Terceras partes proveedoras de publicidad dirigida que nos proporcionan servicios de publicidad personalizada a medida. Utilizamos tales servicios para combinar la informaci\u00f3n agregada que poseemos con los datos personales de su base de datos con el fin de crear anuncios personalizados y adaptar la publicidad a sus intereses en Internet, incluidas redes sociales, cuando as\u00ed lo permita la ley aplicable. Puede renunciar a la publicidad personalizada mediante los ajustes correspondientes en nuestra Plataforma.<\/li>\n<\/ul>\n<\/li>\n<\/ol>\n<ul>\n<li>A cualquier otro tercero siempre y cuando haya dado su consentimiento.<\/li>\n<\/ul>\n<ol>\n<li>Tambi\u00e9n podemos transferir los datos personales que tengamos sobre usted en caso de que vendamos o transfiramos la totalidad o una parte de nuestro negocio o activos (incluyendo en caso de reorganizaci\u00f3n, escisi\u00f3n, disoluci\u00f3n o liquidaci\u00f3n).<\/li>\n<\/ol>\n<p><strong>Su intercambio&nbsp;<\/strong><\/p>\n<p>Cuando utilice ciertas funcionalidades sociales en nuestra Plataforma, puede crear un perfil p\u00fablico que puede incluir informaci\u00f3n como su nombre de usuario, imagen de perfil y ciudad de nacimiento. Tambi\u00e9n puede compartir el contenido con sus amigos o p\u00fablico, incluyendo la informaci\u00f3n sobre su actividad Real Murcia. Le animamos a utilizar las herramientas que proporcionamos para gestionar el intercambio social de Real Murcia con la finalidad de controlar la informaci\u00f3n que pone a disposici\u00f3n a trav\u00e9s de las funcionalidades sociales de Real Murcia.&nbsp;<\/p>\n<h2>PROTECCI\u00d3N y GESTI\u00d3N de sus datos personales<\/h2>\n<p><strong>Encriptaci\u00f3n y seguridad<\/strong><\/p>\n<p>Utilizamos una variedad de medidas de seguridad t\u00e9cnica y organizativa, incluyendo herramientas de encriptaci\u00f3n y autenticaci\u00f3n, para mantener la seguridad de sus datos personales.<\/p>\n<p><strong>Conservaci\u00f3n de sus datos personales<\/strong><\/p>\n<p>Su informaci\u00f3n personal se conservar\u00e1 por el tiempo que resulte necesario para llevar a cabo el cumplimiento de las finalidades establecidas en esta pol\u00edtica de privacidad (a no ser que la legislaci\u00f3n exija un periodo de conservaci\u00f3n m\u00e1s largo). En general, esto significa que guardaremos sus datos personales mientras usted mantenga su cuenta en Real Murcia. Para los datos personales relacionados con la compra de productos, conservaremos los datos m\u00e1s tiempo para cumplir con las obligaciones legales (tales como obligaciones fiscales, de compraventa y a efectos de garant\u00eda).<\/p>\n<h2>SUS DERECHOS en relaci\u00f3n con sus Datos personales<\/h2>\n<p>Usted tiene derecho a solicitar: (i) el acceso a sus datos personales; (ii) una copia electr\u00f3nica de sus datos personales (portabilidad) y a que esta informaci\u00f3n se transmita a otra empresa; (iii) la correcci\u00f3n de sus datos personales si est\u00e1n incompletos o son inexactos; o (iv) la eliminaci\u00f3n o restricci\u00f3n de sus datos personales en ciertas circunstancias ofrecidas por la ley. Estos derechos no son absolutos. Cuando hayamos obtenido su consentimiento para el tratamiento de sus datos personales, tiene derecho a revocar el mismo en cualquier momento.<\/p>\n<p><strong>Renuncia a comunicaciones comerciales<\/strong><\/p>\n<p>Si tiene una cuenta en Real Murcia, puede dejar de recibir comunicaciones publicitarias por parte de Real Murcia, modificando sus preferencias en la secci\u00f3n <em>\u201cver o cambiar mi perfil\u201d <\/em>de nuestra P\u00e1gina Web.&nbsp; Tambi\u00e9n puede renunciar a ellas modificando su email, en los SMS pulsando el link para anular su suscripci\u00f3n, o bien siguiendo las instrucciones de renuncia incluidas en el mensaje. As\u00ed mismo puede contactar con nosotros usando los datos de contacto detallados en la secci\u00f3n \u201cPreguntas y comentarios\u201d que est\u00e1 m\u00e1s adelante.<\/p>\n<h2>CAMBIOS a nuestra Pol\u00edtica de Privacidad<\/h2>\n<p>La ley aplicable y nuestras pr\u00e1cticas cambian con el tiempo. Si decidimos actualizar nuestra pol\u00edtica de privacidad, publicaremos los cambios en nuestra Plataforma. Si cambiamos materialmente la forma en que tratamos sus datos personales, le proporcionaremos un aviso previo o, cuando sea legalmente necesario, solicitaremos su consentimiento antes de llevar a cabo dichos cambios. Le recomendamos encarecidamente que lea nuestra Pol\u00edtica y se mantenga informado de nuestras pr\u00e1cticas. Esta Pol\u00edtica fue modificada por \u00faltima vez en junio de 2021.<\/p>\n<h2>Preguntas y Comentarios<\/h2>\n<p>Todas las preguntas, comentarios e inquietudes sobre nuestra pol\u00edtica de privacidad y pr\u00e1cticas de privacidad son bienvenidas.<\/p>\n","protected":false},"excerpt":{"rendered":"<p>Pol\u00edtica de Privacidad Real Murcia Esta pol\u00edtica de privacidad describe los datos personales recopilados o generados (tratados) cuando interact\u00faa con el Real Murcia CF SAD a trav\u00e9s de nuestros sitios web, experiencias digitales, aplicaciones m\u00f3viles, tiendas, eventos, o alguno de nuestros productos o servicios, todos los cuales forman parte de la Plataforma del Real Murcia [&hellip;]<\/p>\n","protected":false},"author":1,"featured_media":0,"parent":0,"menu_order":0,"comment_status":"closed","ping_status":"closed","template":"","meta":{"_mo_disable_npp":"","site-sidebar-layout":"default","site-content-layout":"","ast-site-content-layout":"default","site-content-style":"default","site-sidebar-style":"default","ast-global-header-display":"","ast-banner-title-visibility":"","ast-main-header-display":"","ast-hfb-above-header-display":"","ast-hfb-below-header-display":"","ast-hfb-mobile-header-display":"","site-post-title":"","ast-breadcrumbs-content":"","ast-featured-img":"","footer-sml-layout":"","ast-disable-related-posts":"","theme-transparent-header-meta":"","adv-header-id-meta":"","stick-header-meta":"","header-above-stick-meta":"","header-main-stick-meta":"","header-below-stick-meta":"","astra-migrate-meta-layouts":"default","ast-page-background-enabled":"default","ast-page-background-meta":{"desktop":{"background-color":"var(--ast-global-color-4)","background-image":"","background-repeat":"repeat","background-position":"center center","background-size":"auto","background-attachment":"scroll","background-type":"","background-media":"","overlay-type":"","overlay-color":"","overlay-opacity":"","overlay-gradient":""},"tablet":{"background-color":"","background-image":"","background-repeat":"repeat","background-position":"center center","background-size":"auto","background-attachment":"scroll","background-type":"","background-media":"","overlay-type":"","overlay-color":"","overlay-opacity":"","overlay-gradient":""},"mobile":{"background-color":"","background-image":"","background-repeat":"repeat","background-position":"center center","background-size":"auto","background-attachment":"scroll","background-type":"","background-media":"","overlay-type":"","overlay-color":"","overlay-opacity":"","overlay-gradient":""}},"ast-content-background-meta":{"desktop":{"background-color":"var(--ast-global-color-5)","background-image":"","background-repeat":"repeat","background-position":"center center","background-size":"auto","background-attachment":"scroll","background-type":"","background-media":"","overlay-type":"","overlay-color":"","overlay-opacity":"","overlay-gradient":""},"tablet":{"background-color":"var(--ast-global-color-5)","background-image":"","background-repeat":"repeat","background-position":"center center","background-size":"auto","background-attachment":"scroll","background-type":"","background-media":"","overlay-type":"","overlay-color":"","overlay-opacity":"","overlay-gradient":""},"mobile":{"background-color":"var(--ast-global-color-5)","background-image":"","background-repeat":"repeat","background-position":"center center","background-size":"auto","background-attachment":"scroll","background-type":"","background-media":"","overlay-type":"","overlay-color":"","overlay-opacity":"","overlay-gradient":""}},"_joinchat":[],"footnotes":""},"class_list":["post-1126","page","type-page","status-publish","hentry"],"_links":{"self":[{"href":"https:\/\/www.realmurcia.es\/tiendaonline\/wp-json\/wp\/v2\/pages\/1126","targetHints":{"allow":["GET"]}}],"collection":[{"href":"https:\/\/www.realmurcia.es\/tiendaonline\/wp-json\/wp\/v2\/pages"}],"about":[{"href":"https:\/\/www.realmurcia.es\/tiendaonline\/wp-json\/wp\/v2\/types\/page"}],"author":[{"embeddable":true,"href":"https:\/\/www.realmurcia.es\/tiendaonline\/wp-json\/wp\/v2\/users\/1"}],"replies":[{"embeddable":true,"href":"https:\/\/www.realmurcia.es\/tiendaonline\/wp-json\/wp\/v2\/comments?post=1126"}],"version-history":[{"count":0,"href":"https:\/\/www.realmurcia.es\/tiendaonline\/wp-json\/wp\/v2\/pages\/1126\/revisions"}],"wp:attachment":[{"href":"https:\/\/www.realmurcia.es\/tiendaonline\/wp-json\/wp\/v2\/media?parent=1126"}],"curies":[{"name":"wp","href":"https:\/\/api.w.org\/{rel}","templated":true}]}}