{"id":1756,"date":"2022-10-27T18:00:58","date_gmt":"2022-10-27T16:00:58","guid":{"rendered":"https:\/\/www.realmurcia.es\/tiendaonline\/?page_id=1756"},"modified":"2023-07-10T17:05:39","modified_gmt":"2023-07-10T15:05:39","slug":"politica-de-devoluciones","status":"publish","type":"page","link":"https:\/\/www.realmurcia.es\/tiendaonline\/politica-de-devoluciones\/","title":{"rendered":"Pol\u00edtica de devoluciones"},"content":{"rendered":"\t\t<div data-elementor-type=\"wp-page\" data-elementor-id=\"1756\" class=\"elementor elementor-1756\" data-elementor-settings=\"{&quot;ha_cmc_init_switcher&quot;:&quot;no&quot;}\" data-elementor-post-type=\"page\">\n\t\t\t\t\t\t<section class=\"elementor-section elementor-top-section elementor-element elementor-element-f1a41ff elementor-section-boxed elementor-section-height-default elementor-section-height-default\" data-id=\"f1a41ff\" data-element_type=\"section\" data-e-type=\"section\" data-settings=\"{&quot;_ha_eqh_enable&quot;:false}\">\n\t\t\t\t\t\t<div class=\"elementor-container elementor-column-gap-default\">\n\t\t\t\t\t<div class=\"elementor-column elementor-col-100 elementor-top-column elementor-element elementor-element-bd4d850\" data-id=\"bd4d850\" data-element_type=\"column\" data-e-type=\"column\">\n\t\t\t<div class=\"elementor-widget-wrap elementor-element-populated\">\n\t\t\t\t\t\t<div class=\"elementor-element elementor-element-c644afe elementor-widget elementor-widget-heading\" data-id=\"c644afe\" data-element_type=\"widget\" data-e-type=\"widget\" data-widget_type=\"heading.default\">\n\t\t\t\t<div class=\"elementor-widget-container\">\n\t\t\t\t\t<h2 class=\"elementor-heading-title elementor-size-default\">Env\u00edos y Pol\u00edtica de devoluciones<\/h2>\t\t\t\t<\/div>\n\t\t\t\t<\/div>\n\t\t\t\t<div class=\"elementor-element elementor-element-92d4a5e elementor-widget__width-initial elementor-widget elementor-widget-text-editor\" data-id=\"92d4a5e\" data-element_type=\"widget\" data-e-type=\"widget\" data-widget_type=\"text-editor.default\">\n\t\t\t\t<div class=\"elementor-widget-container\">\n\t\t\t\t\t\t\t\t\t<h3><strong style=\"font-style: inherit; background-color: var(--ast-global-color-1); color: var( --e-global-color-dea41e4 ); font-family: var( --e-global-typography-b2ce6af-font-family ), Sans-serif; letter-spacing: var( --e-global-typography-b2ce6af-letter-spacing ); word-spacing: var( --e-global-typography-b2ce6af-word-spacing );\">Env\u00edos<\/strong><\/h3><div><ul><li><b>Env\u00edos nacionales dentro de la pen\u00ednsula. <\/b>En general, los env\u00edos nacionales se entregan en un plazo est\u00e1ndar de 48 &#8211; 76 horas laborables (excluidas islas) una vez procesado el pedido y expedido el paquete a la red de env\u00edo. El tiempo de entrega est\u00e1ndar para la pen\u00ednsula es de 2 a 5 d\u00edas<\/li><\/ul><ul><li><b>Env\u00edos nacionales dentro de la pen\u00ednsula. <\/b>En general, los env\u00edos nacionales se entregan en un plazo est\u00e1ndar de 48 &#8211; 76 horas laborables (excluidas islas) una vez procesado el pedido y expedido el paquete a la red de env\u00edo<\/li><\/ul><ul><li><b>Env\u00edos internacionales Europa.<\/b> El precio para el env\u00edo est\u00e1ndar a Europa es de 15\u20ac para env\u00edos fuera de Espa\u00f1a y dentro de Europa. En general, los env\u00edos internacionales a Europa se entregan en un plazo est\u00e1ndar de 3 a 10 d\u00edas laborables.\u00a0<\/li><\/ul><ul><li><b>Env\u00edos internacionales Europa.<\/b> El precio para el env\u00edo est\u00e1ndar a Europa es de 15\u20ac para env\u00edos fuera de Espa\u00f1a y dentro de Europa. En general, los env\u00edos internacionales a Europa se entregan en un plazo est\u00e1ndar de 3 a 10 d\u00edas laborables.<\/li><\/ul><ul><li><b>Env\u00edos internacionales fuera de Europa. <\/b>Para env\u00edos fuera de los pa\u00edses de la Uni\u00f3n Europea deben contactar previamente a tienda@realmurcia.es para gestionar el pedido y proceder con las condiciones de env\u00edos ajustado al destino. \/ *For shipments of purchases outside the European Union countries, you must previously contact tienda@realmurcia.es to manage the order and proceed with the purchase conditions.<\/li><\/ul><\/div><div style=\"text-align: center;\"><span style=\"font-weight: bold; font-family: var( --e-global-typography-7044a64-font-family ), Sans-serif; font-style: inherit; letter-spacing: var( --e-global-typography-7044a64-letter-spacing ); word-spacing: var( --e-global-typography-7044a64-word-spacing ); color: var(--ast-global-color-2); font-size: var( --e-global-typography-7044a64-font-size );\">*Nuestra empresa de env\u00edos nacionales e internacionales es GLS*<\/span><span style=\"color: #000000;\"><span style=\"font-size: 18px;\"><br \/><\/span><\/span><\/div><div style=\"text-align: center;\"><span style=\"font-weight: bold; font-family: var( --e-global-typography-7044a64-font-family ), Sans-serif; font-style: inherit; letter-spacing: var( --e-global-typography-7044a64-letter-spacing ); word-spacing: var( --e-global-typography-7044a64-word-spacing ); color: var(--ast-global-color-2); font-size: var( --e-global-typography-7044a64-font-size );\">\u00a0<\/span><\/div><h3><b>Pol\u00edtica de devoluciones<\/b><\/h3><ul><li><span style=\"font-style: inherit; font-weight: inherit; background-color: var(--ast-global-color-1); color: var( --e-global-color-dea41e4 ); font-family: var( --e-global-typography-b2ce6af-font-family ), Sans-serif; letter-spacing: var( --e-global-typography-b2ce6af-letter-spacing ); word-spacing: var( --e-global-typography-b2ce6af-word-spacing );\">El cliente tiene los derechos y plazos para proceder a realizar la devoluci\u00f3n y \/ o reclamar los posibles vicios o defectos que presente el producto o servicio.<\/span><\/li><\/ul><ul><li><span style=\"font-style: inherit; font-weight: inherit; background-color: var(--ast-global-color-1); color: var( --e-global-color-dea41e4 ); font-family: var( --e-global-typography-b2ce6af-font-family ), Sans-serif; letter-spacing: var( --e-global-typography-b2ce6af-letter-spacing ); word-spacing: var( --e-global-typography-b2ce6af-word-spacing );\">El cliente dispone de un plazo de un mes, contado a partir de la fecha de recepci\u00f3n del producto, para la devoluci\u00f3n del mismo (art\u00edculo 71 de la Ley 3\/2014 de 27 de marzo).<\/span><\/li><\/ul><ul><li>La devoluci\u00f3n ser\u00e1 a trav\u00e9s de la empresa GLS y los gastos de cambios\/ devoluci\u00f3n ser\u00e1n por cuenta del cliente.\u00a0<\/li><\/ul><ul><li><span style=\"font-style: inherit; font-weight: inherit; background-color: var(--ast-global-color-1); color: var( --e-global-color-dea41e4 ); font-family: var( --e-global-typography-b2ce6af-font-family ), Sans-serif; letter-spacing: var( --e-global-typography-b2ce6af-letter-spacing ); word-spacing: var( --e-global-typography-b2ce6af-word-spacing );\">El producto deber\u00e1 ser devuelto en su embalaje original y en perfecto estado.\u00a0<\/span><\/li><\/ul><ul><li style=\"font-size: 16px;\">Los art\u00edculos devueltos ser\u00e1n inspeccionados a la llegada, antes de que se procese su reembolso.<\/li><\/ul><ul><li>Toda devoluci\u00f3n deber\u00e1 estar comunicada al Real Murcia C.F. indicando el n\u00famero de factura o pedido.<\/li><\/ul><p><strong>El cliente podr\u00e1 solicitarlo mediante dos v\u00edas de contacto:<\/strong><\/p><p><strong>Email:<\/strong> tienda@realmurcia.es<\/p><p><strong>Tel\u00e9fono:<\/strong> 968 24 28 12<\/p><div>\u00a0<\/div><h4><b>El derecho de devoluci\u00f3n no podr\u00e1 aplicarse en los siguientes casos:<\/b><\/h4><ul><li>Si el producto no se presenta en perfectas condiciones.<\/li><\/ul><ul><li>Si los embalajes del producto no son los originales o estos no se encuentran en perfecto estado.<\/li><\/ul><ul><li>El embalaje original deber\u00e1 proteger el producto de manera que se reciba en perfectas condiciones, quedando prohibido el uso de precintos y cintas adhesivas aplicados directamente sobre el mismo.<\/li><\/ul><ul><li>Cuando el producto est\u00e9 abierto sin poderse demostrar que no se haya usado.<\/li><\/ul><ul><li>Cuando sean productos personalizados o aquellos, que por razones de higiene u otras excepciones legalmente previstas, no sean susceptibles de este derecho.\u00a0<\/li><\/ul><ul><li>Solo podr\u00e1n ser devueltos los productos que se encuentren en mal estado por defecto de f\u00e1brica y bajo las acreditaciones correspondientes.<\/li><\/ul><ul><li>El cliente no podr\u00e1 devolver ni cambiar los productos personalizados. P<span style=\"font-size: 16px; font-style: normal; font-weight: 400;\">reviamente a la estampaci\u00f3n,\u00a0<\/span>los productos personalizados son revisados por el club para cerciorarse del perfecto estado antes del env\u00edo. Una vez estampado con el nombre y\/o n\u00famero y\/o patrocinador correctos seg\u00fan la orden de compra del cliente, el producto personalizado no podr\u00e1 devolverse.<\/li><\/ul><p style=\"text-align: center;\"><strong>*El procesamiento de su reembolso puede requerir hasta 14 d\u00edas h\u00e1biles. Recibir\u00e1 un correo electr\u00f3nico de confirmaci\u00f3n una vez que se haya completado*<\/strong><\/p><h5>\u00a0<\/h5>\t\t\t\t\t\t\t\t<\/div>\n\t\t\t\t<\/div>\n\t\t\t\t\t<\/div>\n\t\t<\/div>\n\t\t\t\t\t<\/div>\n\t\t<\/section>\n\t\t\t\t<\/div>\n\t\t","protected":false},"excerpt":{"rendered":"<p>Env\u00edos y Pol\u00edtica de devoluciones Env\u00edos Env\u00edos nacionales dentro de la pen\u00ednsula. En general, los env\u00edos nacionales se entregan en un plazo est\u00e1ndar de 48 &#8211; 76 horas laborables (excluidas islas) una vez procesado el pedido y expedido el paquete a la red de env\u00edo. El tiempo de entrega est\u00e1ndar para la pen\u00ednsula es de [&hellip;]<\/p>\n","protected":false},"author":1,"featured_media":0,"parent":0,"menu_order":0,"comment_status":"closed","ping_status":"closed","template":"","meta":{"_mo_disable_npp":"","site-sidebar-layout":"no-sidebar","site-content-layout":"page-builder","ast-site-content-layout":"default","site-content-style":"default","site-sidebar-style":"default","ast-global-header-display":"","ast-banner-title-visibility":"","ast-main-header-display":"","ast-hfb-above-header-display":"","ast-hfb-below-header-display":"","ast-hfb-mobile-header-display":"","site-post-title":"disabled","ast-breadcrumbs-content":"","ast-featured-img":"disabled","footer-sml-layout":"","ast-disable-related-posts":"","theme-transparent-header-meta":"","adv-header-id-meta":"","stick-header-meta":"","header-above-stick-meta":"","header-main-stick-meta":"","header-below-stick-meta":"","astra-migrate-meta-layouts":"default","ast-page-background-enabled":"default","ast-page-background-meta":{"desktop":{"background-color":"var(--ast-global-color-4)","background-image":"","background-repeat":"repeat","background-position":"center center","background-size":"auto","background-attachment":"scroll","background-type":"","background-media":"","overlay-type":"","overlay-color":"","overlay-opacity":"","overlay-gradient":""},"tablet":{"background-color":"","background-image":"","background-repeat":"repeat","background-position":"center center","background-size":"auto","background-attachment":"scroll","background-type":"","background-media":"","overlay-type":"","overlay-color":"","overlay-opacity":"","overlay-gradient":""},"mobile":{"background-color":"","background-image":"","background-repeat":"repeat","background-position":"center center","background-size":"auto","background-attachment":"scroll","background-type":"","background-media":"","overlay-type":"","overlay-color":"","overlay-opacity":"","overlay-gradient":""}},"ast-content-background-meta":{"desktop":{"background-color":"var(--ast-global-color-5)","background-image":"","background-repeat":"repeat","background-position":"center center","background-size":"auto","background-attachment":"scroll","background-type":"","background-media":"","overlay-type":"","overlay-color":"","overlay-opacity":"","overlay-gradient":""},"tablet":{"background-color":"var(--ast-global-color-5)","background-image":"","background-repeat":"repeat","background-position":"center center","background-size":"auto","background-attachment":"scroll","background-type":"","background-media":"","overlay-type":"","overlay-color":"","overlay-opacity":"","overlay-gradient":""},"mobile":{"background-color":"var(--ast-global-color-5)","background-image":"","background-repeat":"repeat","background-position":"center center","background-size":"auto","background-attachment":"scroll","background-type":"","background-media":"","overlay-type":"","overlay-color":"","overlay-opacity":"","overlay-gradient":""}},"_joinchat":[],"footnotes":""},"class_list":["post-1756","page","type-page","status-publish","hentry"],"_links":{"self":[{"href":"https:\/\/www.realmurcia.es\/tiendaonline\/wp-json\/wp\/v2\/pages\/1756","targetHints":{"allow":["GET"]}}],"collection":[{"href":"https:\/\/www.realmurcia.es\/tiendaonline\/wp-json\/wp\/v2\/pages"}],"about":[{"href":"https:\/\/www.realmurcia.es\/tiendaonline\/wp-json\/wp\/v2\/types\/page"}],"author":[{"embeddable":true,"href":"https:\/\/www.realmurcia.es\/tiendaonline\/wp-json\/wp\/v2\/users\/1"}],"replies":[{"embeddable":true,"href":"https:\/\/www.realmurcia.es\/tiendaonline\/wp-json\/wp\/v2\/comments?post=1756"}],"version-history":[{"count":0,"href":"https:\/\/www.realmurcia.es\/tiendaonline\/wp-json\/wp\/v2\/pages\/1756\/revisions"}],"wp:attachment":[{"href":"https:\/\/www.realmurcia.es\/tiendaonline\/wp-json\/wp\/v2\/media?parent=1756"}],"curies":[{"name":"wp","href":"https:\/\/api.w.org\/{rel}","templated":true}]}}