{"id":10164,"date":"2025-07-28T16:56:06","date_gmt":"2025-07-28T14:56:06","guid":{"rendered":"https:\/\/www.realmurcia.es\/tiendaonline\/?post_type=product&#038;p=10164"},"modified":"2026-04-30T01:37:48","modified_gmt":"2026-04-29T23:37:48","slug":"peluche-acho-pimenton","status":"publish","type":"product","link":"https:\/\/www.realmurcia.es\/tiendaonline\/producto\/peluche-acho-pimenton\/","title":{"rendered":"PELUCHE ACHO PIMENTON"},"content":{"rendered":"<p>\u00a1Ya est\u00e1 aqu\u00ed \u00abACHO\u00bb, la mascota del Real Murcia! \u2764\ufe0f\ud83c\udf36\ufe0f<\/p>\n<p>Este adorable y simp\u00e1tico pimiento no es solo un peluche, es un s\u00edmbolo de nuestro equipo y de nuestra tierra. Con su gran sonrisa y su tacto suave y blandito, \u00abAcho\u00bb est\u00e1 listo para celebrar cada gol y animar en cada partido desde tu sof\u00e1, la estanter\u00eda o en los brazos de los m\u00e1s peque\u00f1os de la casa.<\/p>\n<p>Es el regalo ideal para cualquier murcianista de coraz\u00f3n, desde los reci\u00e9n nacidos hasta los veteranos que han vivido mil batallas. \u00a1No te quedes sin el compa\u00f1ero m\u00e1s fiel y demuestra tu amor incondicional por el Real Murcia!<\/p>\n<p>\u2705 <b>S\u00faper suave y achuchable.<\/b><br \/>\n\u2705 <b>Ideal para regalar a los peques (y no tan peques).<br \/>\n<\/b>\u2705 <b>Demuestra tu pasi\u00f3n por el equipo con la mascota m\u00e1s simp\u00e1tica.<\/b><\/p>\n","protected":false},"excerpt":{"rendered":"<p>\u00a1Ya est\u00e1 aqu\u00ed \u00abACHO\u00bb, la mascota del Real Murcia! \u2764\ufe0f\ud83c\udf36\ufe0f Este adorable y simp\u00e1tico pimiento no es solo un peluche, es un s\u00edmbolo de nuestro equipo y de nuestra tierra. Con su gran sonrisa y su tacto suave y blandito, \u00abAcho\u00bb est\u00e1 listo para celebrar cada gol y animar en cada partido desde tu sof\u00e1, [&hellip;]<\/p>\n","protected":false},"featured_media":10173,"template":"","meta":{"_mo_disable_npp":"","site-sidebar-layout":"default","site-content-layout":"","ast-site-content-layout":"default","site-content-style":"default","site-sidebar-style":"default","ast-global-header-display":"","ast-banner-title-visibility":"","ast-main-header-display":"","ast-hfb-above-header-display":"","ast-hfb-below-header-display":"","ast-hfb-mobile-header-display":"","site-post-title":"","ast-breadcrumbs-content":"","ast-featured-img":"","footer-sml-layout":"","ast-disable-related-posts":"","theme-transparent-header-meta":"default","adv-header-id-meta":"","stick-header-meta":"default","header-above-stick-meta":"","header-main-stick-meta":"","header-below-stick-meta":"","astra-migrate-meta-layouts":"set","ast-page-background-enabled":"default","ast-page-background-meta":{"desktop":{"background-color":"var(--ast-global-color-4)","background-image":"","background-repeat":"repeat","background-position":"center center","background-size":"auto","background-attachment":"scroll","background-type":"","background-media":"","overlay-type":"","overlay-color":"","overlay-opacity":"","overlay-gradient":""},"tablet":{"background-color":"","background-image":"","background-repeat":"repeat","background-position":"center center","background-size":"auto","background-attachment":"scroll","background-type":"","background-media":"","overlay-type":"","overlay-color":"","overlay-opacity":"","overlay-gradient":""},"mobile":{"background-color":"","background-image":"","background-repeat":"repeat","background-position":"center center","background-size":"auto","background-attachment":"scroll","background-type":"","background-media":"","overlay-type":"","overlay-color":"","overlay-opacity":"","overlay-gradient":""}},"ast-content-background-meta":{"desktop":{"background-color":"var(--ast-global-color-5)","background-image":"","background-repeat":"repeat","background-position":"center center","background-size":"auto","background-attachment":"scroll","background-type":"","background-media":"","overlay-type":"","overlay-color":"","overlay-opacity":"","overlay-gradient":""},"tablet":{"background-color":"var(--ast-global-color-5)","background-image":"","background-repeat":"repeat","background-position":"center center","background-size":"auto","background-attachment":"scroll","background-type":"","background-media":"","overlay-type":"","overlay-color":"","overlay-opacity":"","overlay-gradient":""},"mobile":{"background-color":"var(--ast-global-color-5)","background-image":"","background-repeat":"repeat","background-position":"center center","background-size":"auto","background-attachment":"scroll","background-type":"","background-media":"","overlay-type":"","overlay-color":"","overlay-opacity":"","overlay-gradient":""}},"_joinchat":[]},"product_brand":[],"product_cat":[223],"product_tag":[],"class_list":{"0":"post-10164","1":"product","2":"type-product","3":"status-publish","4":"has-post-thumbnail","6":"product_cat-acho-pimenton","7":"desktop-align-center","8":"tablet-align-center","9":"mobile-align-center","10":"ast-product-gallery-layout-horizontal-slider","11":"ast-product-single-variable","12":"ast-product-tabs-layout-vertical","14":"first","15":"instock","16":"taxable","17":"shipping-taxable","18":"purchasable","19":"product-type-variable","20":"has-default-attributes"},"exclude_global_add_ons":[],"addons":[],"_links":{"self":[{"href":"https:\/\/www.realmurcia.es\/tiendaonline\/wp-json\/wp\/v2\/product\/10164","targetHints":{"allow":["GET"]}}],"collection":[{"href":"https:\/\/www.realmurcia.es\/tiendaonline\/wp-json\/wp\/v2\/product"}],"about":[{"href":"https:\/\/www.realmurcia.es\/tiendaonline\/wp-json\/wp\/v2\/types\/product"}],"wp:featuredmedia":[{"embeddable":true,"href":"https:\/\/www.realmurcia.es\/tiendaonline\/wp-json\/wp\/v2\/media\/10173"}],"wp:attachment":[{"href":"https:\/\/www.realmurcia.es\/tiendaonline\/wp-json\/wp\/v2\/media?parent=10164"}],"wp:term":[{"taxonomy":"product_brand","embeddable":true,"href":"https:\/\/www.realmurcia.es\/tiendaonline\/wp-json\/wp\/v2\/product_brand?post=10164"},{"taxonomy":"product_cat","embeddable":true,"href":"https:\/\/www.realmurcia.es\/tiendaonline\/wp-json\/wp\/v2\/product_cat?post=10164"},{"taxonomy":"product_tag","embeddable":true,"href":"https:\/\/www.realmurcia.es\/tiendaonline\/wp-json\/wp\/v2\/product_tag?post=10164"}],"curies":[{"name":"wp","href":"https:\/\/api.w.org\/{rel}","templated":true}]}}