{"id":10189,"date":"2025-07-29T13:29:12","date_gmt":"2025-07-29T11:29:12","guid":{"rendered":"https:\/\/www.realmurcia.es\/tiendaonline\/?post_type=product&#038;p=10189"},"modified":"2026-03-31T18:45:42","modified_gmt":"2026-03-31T16:45:42","slug":"camiseta-acho-cuerpo","status":"publish","type":"product","link":"https:\/\/www.realmurcia.es\/tiendaonline\/producto\/camiseta-acho-cuerpo\/","title":{"rendered":"CAMISETA ACHO CUERPO"},"content":{"rendered":"<h3><b>Especificaciones del Producto \/ Detalles T\u00e9cnicos<\/b><\/h3>\n<ul>\n<li><b>Composici\u00f3n:<\/b>\u00a0100% Algod\u00f3n.<\/li>\n<li><b>Cuello:<\/b>\u00a0Redondo y reforzado.<\/li>\n<li><b>Manga:<\/b>\u00a0Corta.<\/li>\n<li><b>Corte:<\/b>\u00a0Regular fit infantil.<\/li>\n<li><b>Estampado:<\/b>\u00a0Serigraf\u00eda de alta durabilidad, resistente a los lavados.<\/li>\n<\/ul>\n","protected":false},"excerpt":{"rendered":"<p>Camiseta infantil de manga corta fabricada en algod\u00f3n de alta calidad. El dise\u00f1o frontal se aplica mediante una t\u00e9cnica de serigraf\u00eda resistente para garantizar que el color y la forma se mantengan tras los lavados.<\/p>\n<p>El estampado frontal de la mascota est\u00e1 realizado con\u00a0<b>serigraf\u00eda de alta durabilidad<\/b>, una t\u00e9cnica que asegura la permanencia del dise\u00f1o y el color lavado tras lavado. Patr\u00f3n de\u00a0<b>corte regular (regular fit)<\/b>\u00a0que no aprieta y permite una total libertad de movimiento.<\/p>\n","protected":false},"featured_media":10185,"template":"","meta":{"_mo_disable_npp":"","site-sidebar-layout":"default","site-content-layout":"","ast-site-content-layout":"default","site-content-style":"default","site-sidebar-style":"default","ast-global-header-display":"","ast-banner-title-visibility":"","ast-main-header-display":"","ast-hfb-above-header-display":"","ast-hfb-below-header-display":"","ast-hfb-mobile-header-display":"","site-post-title":"","ast-breadcrumbs-content":"","ast-featured-img":"","footer-sml-layout":"","ast-disable-related-posts":"","theme-transparent-header-meta":"default","adv-header-id-meta":"","stick-header-meta":"default","header-above-stick-meta":"","header-main-stick-meta":"","header-below-stick-meta":"","astra-migrate-meta-layouts":"set","ast-page-background-enabled":"default","ast-page-background-meta":{"desktop":{"background-color":"var(--ast-global-color-4)","background-image":"","background-repeat":"repeat","background-position":"center center","background-size":"auto","background-attachment":"scroll","background-type":"","background-media":"","overlay-type":"","overlay-color":"","overlay-opacity":"","overlay-gradient":""},"tablet":{"background-color":"","background-image":"","background-repeat":"repeat","background-position":"center center","background-size":"auto","background-attachment":"scroll","background-type":"","background-media":"","overlay-type":"","overlay-color":"","overlay-opacity":"","overlay-gradient":""},"mobile":{"background-color":"","background-image":"","background-repeat":"repeat","background-position":"center center","background-size":"auto","background-attachment":"scroll","background-type":"","background-media":"","overlay-type":"","overlay-color":"","overlay-opacity":"","overlay-gradient":""}},"ast-content-background-meta":{"desktop":{"background-color":"var(--ast-global-color-5)","background-image":"","background-repeat":"repeat","background-position":"center center","background-size":"auto","background-attachment":"scroll","background-type":"","background-media":"","overlay-type":"","overlay-color":"","overlay-opacity":"","overlay-gradient":""},"tablet":{"background-color":"var(--ast-global-color-5)","background-image":"","background-repeat":"repeat","background-position":"center center","background-size":"auto","background-attachment":"scroll","background-type":"","background-media":"","overlay-type":"","overlay-color":"","overlay-opacity":"","overlay-gradient":""},"mobile":{"background-color":"var(--ast-global-color-5)","background-image":"","background-repeat":"repeat","background-position":"center center","background-size":"auto","background-attachment":"scroll","background-type":"","background-media":"","overlay-type":"","overlay-color":"","overlay-opacity":"","overlay-gradient":""}},"_joinchat":[]},"product_brand":[],"product_cat":[223],"product_tag":[],"class_list":{"0":"post-10189","1":"product","2":"type-product","3":"status-publish","4":"has-post-thumbnail","6":"product_cat-acho-pimenton","7":"desktop-align-center","8":"tablet-align-center","9":"mobile-align-center","10":"ast-product-gallery-layout-horizontal-slider","11":"ast-product-gallery-with-no-image","12":"ast-product-single-variable","13":"ast-product-tabs-layout-vertical","15":"first","16":"instock","17":"taxable","18":"shipping-taxable","19":"purchasable","20":"product-type-variable","21":"has-default-attributes"},"exclude_global_add_ons":[],"addons":[],"_links":{"self":[{"href":"https:\/\/www.realmurcia.es\/tiendaonline\/wp-json\/wp\/v2\/product\/10189","targetHints":{"allow":["GET"]}}],"collection":[{"href":"https:\/\/www.realmurcia.es\/tiendaonline\/wp-json\/wp\/v2\/product"}],"about":[{"href":"https:\/\/www.realmurcia.es\/tiendaonline\/wp-json\/wp\/v2\/types\/product"}],"wp:featuredmedia":[{"embeddable":true,"href":"https:\/\/www.realmurcia.es\/tiendaonline\/wp-json\/wp\/v2\/media\/10185"}],"wp:attachment":[{"href":"https:\/\/www.realmurcia.es\/tiendaonline\/wp-json\/wp\/v2\/media?parent=10189"}],"wp:term":[{"taxonomy":"product_brand","embeddable":true,"href":"https:\/\/www.realmurcia.es\/tiendaonline\/wp-json\/wp\/v2\/product_brand?post=10189"},{"taxonomy":"product_cat","embeddable":true,"href":"https:\/\/www.realmurcia.es\/tiendaonline\/wp-json\/wp\/v2\/product_cat?post=10189"},{"taxonomy":"product_tag","embeddable":true,"href":"https:\/\/www.realmurcia.es\/tiendaonline\/wp-json\/wp\/v2\/product_tag?post=10189"}],"curies":[{"name":"wp","href":"https:\/\/api.w.org\/{rel}","templated":true}]}}