{"id":10298,"date":"2025-08-04T16:57:07","date_gmt":"2025-08-04T14:57:07","guid":{"rendered":"https:\/\/www.realmurcia.es\/tiendaonline\/?post_type=product&#038;p=10298"},"modified":"2025-11-30T23:45:26","modified_gmt":"2025-11-30T22:45:26","slug":"pantalon-entreno-tecnico-nino","status":"publish","type":"product","link":"https:\/\/www.realmurcia.es\/tiendaonline\/producto\/pantalon-entreno-tecnico-nino\/","title":{"rendered":"PANTALON ENTRENO TECNICO NI\u00d1O"},"content":{"rendered":"<p data-start=\"251\" data-end=\"456\">Rinde al m\u00e1ximo en cada sesi\u00f3n con el <strong data-start=\"289\" data-end=\"345\">Pantal\u00f3n de Entrenamiento T\u00e9cnico del Real Murcia CF<\/strong>, dise\u00f1ado para ofrecer confort, movilidad y funcionalidad al cuerpo t\u00e9cnico y a los aficionados m\u00e1s exigentes.<\/p>\n<p data-start=\"458\" data-end=\"791\">Confeccionado en <strong data-start=\"475\" data-end=\"506\">tejido t\u00e9cnico transpirable<\/strong>, presenta un ajuste c\u00f3modo gracias a su cintura el\u00e1stica con cord\u00f3n interior. Su dise\u00f1o en color azul marino se completa con <strong data-start=\"632\" data-end=\"655\">bolsillos laterales<\/strong> para mayor practicidad y el <strong data-start=\"684\" data-end=\"713\">escudo del Real Murcia CF<\/strong> serigrafiado, acompa\u00f1ado del logo de <strong data-start=\"751\" data-end=\"759\">Joma<\/strong>, nuestra marca t\u00e9cnica oficial.<\/p>\n<p data-start=\"458\" data-end=\"791\"><strong data-start=\"796\" data-end=\"816\">Caracter\u00edsticas:<\/strong><\/p>\n<ul data-start=\"817\" data-end=\"1015\">\n<li data-start=\"817\" data-end=\"843\">\n<p data-start=\"819\" data-end=\"843\">Tejido t\u00e9cnico y ligero.<\/p>\n<\/li>\n<li data-start=\"844\" data-end=\"884\">\n<p data-start=\"846\" data-end=\"884\">Cintura el\u00e1stica con cord\u00f3n ajustable.<\/p>\n<\/li>\n<li data-start=\"885\" data-end=\"919\">\n<p data-start=\"887\" data-end=\"919\">Bolsillos laterales funcionales.<\/p>\n<\/li>\n<li data-start=\"920\" data-end=\"963\">\n<p data-start=\"922\" data-end=\"963\">Escudo del Real Murcia CF y logo de Joma.<\/p>\n<\/li>\n<li data-start=\"964\" data-end=\"984\">\n<p data-start=\"966\" data-end=\"984\">Color azul marino.<\/p>\n<\/li>\n<\/ul>\n","protected":false},"excerpt":{"rendered":"<p>Rinde al m\u00e1ximo en cada sesi\u00f3n con el Pantal\u00f3n de Entrenamiento T\u00e9cnico del Real Murcia CF, dise\u00f1ado para ofrecer confort, movilidad y funcionalidad al cuerpo t\u00e9cnico y a los aficionados m\u00e1s exigentes. Confeccionado en tejido t\u00e9cnico transpirable, presenta un ajuste c\u00f3modo gracias a su cintura el\u00e1stica con cord\u00f3n interior. Su dise\u00f1o en color azul marino [&hellip;]<\/p>\n","protected":false},"featured_media":10310,"template":"","meta":{"_mo_disable_npp":"","site-sidebar-layout":"default","site-content-layout":"","ast-site-content-layout":"default","site-content-style":"default","site-sidebar-style":"default","ast-global-header-display":"","ast-banner-title-visibility":"","ast-main-header-display":"","ast-hfb-above-header-display":"","ast-hfb-below-header-display":"","ast-hfb-mobile-header-display":"","site-post-title":"","ast-breadcrumbs-content":"","ast-featured-img":"","footer-sml-layout":"","ast-disable-related-posts":"","theme-transparent-header-meta":"default","adv-header-id-meta":"","stick-header-meta":"default","header-above-stick-meta":"","header-main-stick-meta":"","header-below-stick-meta":"","astra-migrate-meta-layouts":"set","ast-page-background-enabled":"default","ast-page-background-meta":{"desktop":{"background-color":"var(--ast-global-color-4)","background-image":"","background-repeat":"repeat","background-position":"center center","background-size":"auto","background-attachment":"scroll","background-type":"","background-media":"","overlay-type":"","overlay-color":"","overlay-opacity":"","overlay-gradient":""},"tablet":{"background-color":"","background-image":"","background-repeat":"repeat","background-position":"center center","background-size":"auto","background-attachment":"scroll","background-type":"","background-media":"","overlay-type":"","overlay-color":"","overlay-opacity":"","overlay-gradient":""},"mobile":{"background-color":"","background-image":"","background-repeat":"repeat","background-position":"center center","background-size":"auto","background-attachment":"scroll","background-type":"","background-media":"","overlay-type":"","overlay-color":"","overlay-opacity":"","overlay-gradient":""}},"ast-content-background-meta":{"desktop":{"background-color":"var(--ast-global-color-5)","background-image":"","background-repeat":"repeat","background-position":"center center","background-size":"auto","background-attachment":"scroll","background-type":"","background-media":"","overlay-type":"","overlay-color":"","overlay-opacity":"","overlay-gradient":""},"tablet":{"background-color":"var(--ast-global-color-5)","background-image":"","background-repeat":"repeat","background-position":"center center","background-size":"auto","background-attachment":"scroll","background-type":"","background-media":"","overlay-type":"","overlay-color":"","overlay-opacity":"","overlay-gradient":""},"mobile":{"background-color":"var(--ast-global-color-5)","background-image":"","background-repeat":"repeat","background-position":"center center","background-size":"auto","background-attachment":"scroll","background-type":"","background-media":"","overlay-type":"","overlay-color":"","overlay-opacity":"","overlay-gradient":""}},"_joinchat":[]},"product_brand":[],"product_cat":[191,152,194,276],"product_tag":[],"class_list":{"0":"post-10298","1":"product","2":"type-product","3":"status-publish","4":"has-post-thumbnail","6":"product_cat-entrenamiento","7":"product_cat-entreno","8":"product_cat-pantalones","9":"product_cat-tecnico","10":"desktop-align-center","11":"tablet-align-center","12":"mobile-align-center","13":"ast-product-gallery-layout-horizontal-slider","14":"ast-product-single-variable","15":"ast-product-tabs-layout-vertical","17":"first","18":"instock","19":"taxable","20":"shipping-taxable","21":"purchasable","22":"product-type-variable","23":"has-default-attributes"},"exclude_global_add_ons":[],"addons":[],"_links":{"self":[{"href":"https:\/\/www.realmurcia.es\/tiendaonline\/wp-json\/wp\/v2\/product\/10298","targetHints":{"allow":["GET"]}}],"collection":[{"href":"https:\/\/www.realmurcia.es\/tiendaonline\/wp-json\/wp\/v2\/product"}],"about":[{"href":"https:\/\/www.realmurcia.es\/tiendaonline\/wp-json\/wp\/v2\/types\/product"}],"wp:featuredmedia":[{"embeddable":true,"href":"https:\/\/www.realmurcia.es\/tiendaonline\/wp-json\/wp\/v2\/media\/10310"}],"wp:attachment":[{"href":"https:\/\/www.realmurcia.es\/tiendaonline\/wp-json\/wp\/v2\/media?parent=10298"}],"wp:term":[{"taxonomy":"product_brand","embeddable":true,"href":"https:\/\/www.realmurcia.es\/tiendaonline\/wp-json\/wp\/v2\/product_brand?post=10298"},{"taxonomy":"product_cat","embeddable":true,"href":"https:\/\/www.realmurcia.es\/tiendaonline\/wp-json\/wp\/v2\/product_cat?post=10298"},{"taxonomy":"product_tag","embeddable":true,"href":"https:\/\/www.realmurcia.es\/tiendaonline\/wp-json\/wp\/v2\/product_tag?post=10298"}],"curies":[{"name":"wp","href":"https:\/\/api.w.org\/{rel}","templated":true}]}}