{"id":10457,"date":"2025-08-18T18:27:19","date_gmt":"2025-08-18T16:27:19","guid":{"rendered":"https:\/\/www.realmurcia.es\/tiendaonline\/?post_type=product&#038;p=10457"},"modified":"2026-04-22T17:39:04","modified_gmt":"2026-04-22T15:39:04","slug":"mochila","status":"publish","type":"product","link":"https:\/\/www.realmurcia.es\/tiendaonline\/producto\/mochila\/","title":{"rendered":"MOCHILA ESCOLAR REAL MURCIA"},"content":{"rendered":"<p>La mochila ideal para el aficionado del Real Murcia que busca un dise\u00f1o cl\u00e1sico y funcional. Perfecta para el uso diario, cuenta con un espacioso compartimento principal para libros o un port\u00e1til, y un pr\u00e1ctico bolsillo frontal con cremallera para tus enseres personales.<\/p>\n<p>Est\u00e1 fabricada en tela roja de alta resistencia y luce el escudo del club bordado en el frente. Con sus tirantes acolchados y ajustables, es la combinaci\u00f3n perfecta de comodidad y pasi\u00f3n pimentonera.<\/p>\n<p><b>Caracter\u00edsticas Principales:<\/b><\/p>\n<ul>\n<li><b>Dise\u00f1o Cl\u00e1sico y Atemporal:<\/b> El ic\u00f3nico estilo de mochila con un toque 100% murcianista gracias al escudo bordado y la franja vertical.<\/li>\n<li><b>Organizaci\u00f3n Pr\u00e1ctica:<\/b> Dispone de un espacioso compartimento principal y un bolsillo exterior con cierre de cremallera para una organizaci\u00f3n sencilla y eficaz.<\/li>\n<li><b>C\u00f3moda para el D\u00eda a D\u00eda:<\/b> Sus tirantes son acolchados y regulables para adaptarse perfectamente a tu espalda y garantizar un transporte c\u00f3modo.<\/li>\n<li><b>Uso Polivalente:<\/b> Perfecta como mochila para estudiantes, bolsa para el gimnasio o como tu compa\u00f1era inseparable para el ocio y para animar al equipo en el estadio.<\/li>\n<li><b>Detalles de Calidad:<\/b> Confeccionada en poli\u00e9ster resistente y con tiradores personalizados en las cremalleras.<\/li>\n<\/ul>\n","protected":false},"excerpt":{"rendered":"<p>Tu compa\u00f1era para todo: \u00a1la mochila del Real Murcia! \ud83c\udf92\u2764\ufe0f<\/p>\n<p>Para clase, para el trabajo, para el gimnasio o para ir al estadio.<\/p>\n<p>\u2705 Amplio compartimento principal.<br \/>\n\u2705 Bolsillo frontal para tener todo a mano.<br \/>\n\u2705 \u00a1S\u00faper c\u00f3moda y resistente!<\/p>\n","protected":false},"featured_media":10517,"template":"","meta":{"_mo_disable_npp":"","site-sidebar-layout":"default","site-content-layout":"","ast-site-content-layout":"default","site-content-style":"default","site-sidebar-style":"default","ast-global-header-display":"","ast-banner-title-visibility":"","ast-main-header-display":"","ast-hfb-above-header-display":"","ast-hfb-below-header-display":"","ast-hfb-mobile-header-display":"","site-post-title":"","ast-breadcrumbs-content":"","ast-featured-img":"","footer-sml-layout":"","ast-disable-related-posts":"","theme-transparent-header-meta":"default","adv-header-id-meta":"","stick-header-meta":"default","header-above-stick-meta":"","header-main-stick-meta":"","header-below-stick-meta":"","astra-migrate-meta-layouts":"set","ast-page-background-enabled":"default","ast-page-background-meta":{"desktop":{"background-color":"var(--ast-global-color-4)","background-image":"","background-repeat":"repeat","background-position":"center center","background-size":"auto","background-attachment":"scroll","background-type":"","background-media":"","overlay-type":"","overlay-color":"","overlay-opacity":"","overlay-gradient":""},"tablet":{"background-color":"","background-image":"","background-repeat":"repeat","background-position":"center center","background-size":"auto","background-attachment":"scroll","background-type":"","background-media":"","overlay-type":"","overlay-color":"","overlay-opacity":"","overlay-gradient":""},"mobile":{"background-color":"","background-image":"","background-repeat":"repeat","background-position":"center center","background-size":"auto","background-attachment":"scroll","background-type":"","background-media":"","overlay-type":"","overlay-color":"","overlay-opacity":"","overlay-gradient":""}},"ast-content-background-meta":{"desktop":{"background-color":"var(--ast-global-color-5)","background-image":"","background-repeat":"repeat","background-position":"center center","background-size":"auto","background-attachment":"scroll","background-type":"","background-media":"","overlay-type":"","overlay-color":"","overlay-opacity":"","overlay-gradient":""},"tablet":{"background-color":"var(--ast-global-color-5)","background-image":"","background-repeat":"repeat","background-position":"center center","background-size":"auto","background-attachment":"scroll","background-type":"","background-media":"","overlay-type":"","overlay-color":"","overlay-opacity":"","overlay-gradient":""},"mobile":{"background-color":"var(--ast-global-color-5)","background-image":"","background-repeat":"repeat","background-position":"center center","background-size":"auto","background-attachment":"scroll","background-type":"","background-media":"","overlay-type":"","overlay-color":"","overlay-opacity":"","overlay-gradient":""}},"_joinchat":[]},"product_brand":[],"product_cat":[182,222,37,39,209,31],"product_tag":[],"class_list":{"0":"post-10457","1":"product","2":"type-product","3":"status-publish","4":"has-post-thumbnail","6":"product_cat-accesorios","7":"product_cat-colegio","8":"product_cat-complementos-2","9":"product_cat-hogar-y-oficina-2","10":"product_cat-mochilas-y-bolsas","11":"product_cat-regalos-y-accesorios","12":"desktop-align-center","13":"tablet-align-center","14":"mobile-align-center","15":"ast-product-gallery-layout-horizontal-slider","16":"ast-product-gallery-with-no-image","17":"ast-product-single-variable","18":"ast-product-tabs-layout-vertical","20":"first","21":"instock","22":"taxable","23":"shipping-taxable","24":"purchasable","25":"product-type-variable","26":"has-default-attributes"},"exclude_global_add_ons":[],"addons":[],"_links":{"self":[{"href":"https:\/\/www.realmurcia.es\/tiendaonline\/wp-json\/wp\/v2\/product\/10457","targetHints":{"allow":["GET"]}}],"collection":[{"href":"https:\/\/www.realmurcia.es\/tiendaonline\/wp-json\/wp\/v2\/product"}],"about":[{"href":"https:\/\/www.realmurcia.es\/tiendaonline\/wp-json\/wp\/v2\/types\/product"}],"wp:featuredmedia":[{"embeddable":true,"href":"https:\/\/www.realmurcia.es\/tiendaonline\/wp-json\/wp\/v2\/media\/10517"}],"wp:attachment":[{"href":"https:\/\/www.realmurcia.es\/tiendaonline\/wp-json\/wp\/v2\/media?parent=10457"}],"wp:term":[{"taxonomy":"product_brand","embeddable":true,"href":"https:\/\/www.realmurcia.es\/tiendaonline\/wp-json\/wp\/v2\/product_brand?post=10457"},{"taxonomy":"product_cat","embeddable":true,"href":"https:\/\/www.realmurcia.es\/tiendaonline\/wp-json\/wp\/v2\/product_cat?post=10457"},{"taxonomy":"product_tag","embeddable":true,"href":"https:\/\/www.realmurcia.es\/tiendaonline\/wp-json\/wp\/v2\/product_tag?post=10457"}],"curies":[{"name":"wp","href":"https:\/\/api.w.org\/{rel}","templated":true}]}}