{"id":10465,"date":"2025-08-18T18:27:22","date_gmt":"2025-08-18T16:27:22","guid":{"rendered":"https:\/\/www.realmurcia.es\/tiendaonline\/?post_type=product&#038;p=10465"},"modified":"2026-05-01T03:18:52","modified_gmt":"2026-05-01T01:18:52","slug":"portatodo","status":"publish","type":"product","link":"https:\/\/www.realmurcia.es\/tiendaonline\/producto\/portatodo\/","title":{"rendered":"PORTATODO ESCOLAR REAL MURCIA"},"content":{"rendered":"<p>\u00a1Vuelta al cole con lo esencial! \u270f\ufe0f\u26bd<\/p>\n<p>Si buscas un estuche pr\u00e1ctico, resistente y 100% pimentonero, \u00a1aqu\u00ed lo tienes!<\/p>\n<p>\ud83d\udd34 Un solo compartimento, \u00a1pero muy espacioso para que quepa todo!<br \/>\n\u26aa\ufe0f Con el escudo de nuestro Real Murcia para que te acompa\u00f1e todo el curso.<br \/>\n\ud83d\udd34 S\u00faper resistente para aguantar tu ritmo.<\/p>\n<p><b>Caracter\u00edsticas del producto:<\/b><\/p>\n<ul>\n<li>Formato de <b>un compartimento<\/b> principal.<\/li>\n<li>Cierre con cremallera.<\/li>\n<li>Dise\u00f1o oficial del <b>Real Murcia C.F.<\/b><\/li>\n<li>Material de tela <b>duradero<\/b>.<\/li>\n<li>Ideal para el <b>uso escolar diario<\/b>.<\/li>\n<\/ul>\n","protected":false},"excerpt":{"rendered":"<p>Este portatodo del Real Murcia es el compa\u00f1ero perfecto para la rutina escolar. Su dise\u00f1o cl\u00e1sico y funcional, con un \u00fanico y espacioso compartimento, es ideal para guardar todos los l\u00e1pices, bol\u00edgrafos y material de escritura necesarios para triunfar en el d\u00eda a d\u00eda.<\/p>\n<p>Confeccionado en un tejido rojo de gran resistencia, est\u00e1 preparado para aguantar todo el curso. El escudo de nuestro Real Murcia C.F. destaca en el centro sobre la ic\u00f3nica franja blanca, demostrando la pasi\u00f3n por el equipo en cada detalle. Es el estuche perfecto para quien busca sencillez, capacidad y, por supuesto, lucir con orgullo sus colores.<\/p>\n<p>Ideal para llevarlo solo o como el complemento perfecto a la mochila oficial del club.<\/p>\n","protected":false},"featured_media":10519,"template":"","meta":{"_mo_disable_npp":"","site-sidebar-layout":"default","site-content-layout":"","ast-site-content-layout":"default","site-content-style":"default","site-sidebar-style":"default","ast-global-header-display":"","ast-banner-title-visibility":"","ast-main-header-display":"","ast-hfb-above-header-display":"","ast-hfb-below-header-display":"","ast-hfb-mobile-header-display":"","site-post-title":"","ast-breadcrumbs-content":"","ast-featured-img":"","footer-sml-layout":"","ast-disable-related-posts":"","theme-transparent-header-meta":"default","adv-header-id-meta":"","stick-header-meta":"default","header-above-stick-meta":"","header-main-stick-meta":"","header-below-stick-meta":"","astra-migrate-meta-layouts":"set","ast-page-background-enabled":"default","ast-page-background-meta":{"desktop":{"background-color":"var(--ast-global-color-4)","background-image":"","background-repeat":"repeat","background-position":"center center","background-size":"auto","background-attachment":"scroll","background-type":"","background-media":"","overlay-type":"","overlay-color":"","overlay-opacity":"","overlay-gradient":""},"tablet":{"background-color":"","background-image":"","background-repeat":"repeat","background-position":"center center","background-size":"auto","background-attachment":"scroll","background-type":"","background-media":"","overlay-type":"","overlay-color":"","overlay-opacity":"","overlay-gradient":""},"mobile":{"background-color":"","background-image":"","background-repeat":"repeat","background-position":"center center","background-size":"auto","background-attachment":"scroll","background-type":"","background-media":"","overlay-type":"","overlay-color":"","overlay-opacity":"","overlay-gradient":""}},"ast-content-background-meta":{"desktop":{"background-color":"var(--ast-global-color-5)","background-image":"","background-repeat":"repeat","background-position":"center center","background-size":"auto","background-attachment":"scroll","background-type":"","background-media":"","overlay-type":"","overlay-color":"","overlay-opacity":"","overlay-gradient":""},"tablet":{"background-color":"var(--ast-global-color-5)","background-image":"","background-repeat":"repeat","background-position":"center center","background-size":"auto","background-attachment":"scroll","background-type":"","background-media":"","overlay-type":"","overlay-color":"","overlay-opacity":"","overlay-gradient":""},"mobile":{"background-color":"var(--ast-global-color-5)","background-image":"","background-repeat":"repeat","background-position":"center center","background-size":"auto","background-attachment":"scroll","background-type":"","background-media":"","overlay-type":"","overlay-color":"","overlay-opacity":"","overlay-gradient":""}},"_joinchat":[]},"product_brand":[],"product_cat":[182,222,213],"product_tag":[],"class_list":{"0":"post-10465","1":"product","2":"type-product","3":"status-publish","4":"has-post-thumbnail","6":"product_cat-accesorios","7":"product_cat-colegio","8":"product_cat-oficina-y-papeleria","9":"desktop-align-center","10":"tablet-align-center","11":"mobile-align-center","12":"ast-product-gallery-layout-horizontal-slider","13":"ast-product-gallery-with-no-image","14":"ast-product-single-variable","15":"ast-product-tabs-layout-vertical","17":"first","18":"instock","19":"taxable","20":"shipping-taxable","21":"purchasable","22":"product-type-variable","23":"has-default-attributes"},"exclude_global_add_ons":[],"addons":[],"_links":{"self":[{"href":"https:\/\/www.realmurcia.es\/tiendaonline\/wp-json\/wp\/v2\/product\/10465","targetHints":{"allow":["GET"]}}],"collection":[{"href":"https:\/\/www.realmurcia.es\/tiendaonline\/wp-json\/wp\/v2\/product"}],"about":[{"href":"https:\/\/www.realmurcia.es\/tiendaonline\/wp-json\/wp\/v2\/types\/product"}],"wp:featuredmedia":[{"embeddable":true,"href":"https:\/\/www.realmurcia.es\/tiendaonline\/wp-json\/wp\/v2\/media\/10519"}],"wp:attachment":[{"href":"https:\/\/www.realmurcia.es\/tiendaonline\/wp-json\/wp\/v2\/media?parent=10465"}],"wp:term":[{"taxonomy":"product_brand","embeddable":true,"href":"https:\/\/www.realmurcia.es\/tiendaonline\/wp-json\/wp\/v2\/product_brand?post=10465"},{"taxonomy":"product_cat","embeddable":true,"href":"https:\/\/www.realmurcia.es\/tiendaonline\/wp-json\/wp\/v2\/product_cat?post=10465"},{"taxonomy":"product_tag","embeddable":true,"href":"https:\/\/www.realmurcia.es\/tiendaonline\/wp-json\/wp\/v2\/product_tag?post=10465"}],"curies":[{"name":"wp","href":"https:\/\/api.w.org\/{rel}","templated":true}]}}