{"id":10467,"date":"2025-08-18T18:27:23","date_gmt":"2025-08-18T16:27:23","guid":{"rendered":"https:\/\/www.realmurcia.es\/tiendaonline\/?post_type=product&#038;p=10467"},"modified":"2026-04-28T11:44:13","modified_gmt":"2026-04-28T09:44:13","slug":"portatodo-triple","status":"publish","type":"product","link":"https:\/\/www.realmurcia.es\/tiendaonline\/producto\/portatodo-triple\/","title":{"rendered":"PORTATODO TRIPLE ESCOLAR REAL MURCIA"},"content":{"rendered":"<p><b>Caracter\u00edsticas Principales:<\/b><\/p>\n<ul>\n<li><b>M\u00e1xima Organizaci\u00f3n:<\/b> Tres compartimentos separados con cierre de cremallera para clasificar y encontrar el material f\u00e1cilmente.<\/li>\n<li><b>Dise\u00f1o Oficial:<\/b> Luce los colores y el escudo del Real Murcia, combinando a la perfecci\u00f3n con el resto de la colecci\u00f3n escolar.<\/li>\n<li><b>Material Resistente:<\/b> Confeccionado en poli\u00e9ster de alta calidad para soportar el uso intensivo durante todo el curso.<\/li>\n<li><b>Pr\u00e1ctico y Vers\u00e1til:<\/b> Tama\u00f1o perfecto para llevarlo dentro de la mochila sin ocupar demasiado espacio. Ideal para l\u00e1pices, colores, bol\u00edgrafos y m\u00e1s.<\/li>\n<li><b>Detalle Exclusivo:<\/b> Tirador de la cremallera personalizado con el nombre del club.<\/li>\n<\/ul>\n","protected":false},"excerpt":{"rendered":"<p>Con el portatodo triple del Real Murcia, los m\u00e1s peque\u00f1os de la casa tendr\u00e1n todo su material escolar perfectamente ordenado y siempre a mano. Es el complemento ideal para la mochila pimentonera y la mejor forma de llevar la pasi\u00f3n por nuestro equipo a las aulas.<\/p>\n<p>Este estuche cuenta con <b>tres amplios compartimentos independientes<\/b> con cierre de cremallera, ideales para clasificar l\u00e1pices, bol\u00edgrafos, rotuladores, la goma de borrar y todo lo necesario para el d\u00eda a d\u00eda en el colegio. Se acabaron los estuches desordenados.<\/p>\n<p>Su dise\u00f1o, en el vibrante rojo de nuestro club y con el escudo del Real Murcia C.F. en el centro, lo convierte en un accesorio escolar que cualquier joven aficionado querr\u00e1 lucir con orgullo.<\/p>\n","protected":false},"featured_media":10520,"template":"","meta":{"_mo_disable_npp":"","site-sidebar-layout":"default","site-content-layout":"","ast-site-content-layout":"default","site-content-style":"default","site-sidebar-style":"default","ast-global-header-display":"","ast-banner-title-visibility":"","ast-main-header-display":"","ast-hfb-above-header-display":"","ast-hfb-below-header-display":"","ast-hfb-mobile-header-display":"","site-post-title":"","ast-breadcrumbs-content":"","ast-featured-img":"","footer-sml-layout":"","ast-disable-related-posts":"","theme-transparent-header-meta":"default","adv-header-id-meta":"","stick-header-meta":"default","header-above-stick-meta":"","header-main-stick-meta":"","header-below-stick-meta":"","astra-migrate-meta-layouts":"set","ast-page-background-enabled":"default","ast-page-background-meta":{"desktop":{"background-color":"var(--ast-global-color-4)","background-image":"","background-repeat":"repeat","background-position":"center center","background-size":"auto","background-attachment":"scroll","background-type":"","background-media":"","overlay-type":"","overlay-color":"","overlay-opacity":"","overlay-gradient":""},"tablet":{"background-color":"","background-image":"","background-repeat":"repeat","background-position":"center center","background-size":"auto","background-attachment":"scroll","background-type":"","background-media":"","overlay-type":"","overlay-color":"","overlay-opacity":"","overlay-gradient":""},"mobile":{"background-color":"","background-image":"","background-repeat":"repeat","background-position":"center center","background-size":"auto","background-attachment":"scroll","background-type":"","background-media":"","overlay-type":"","overlay-color":"","overlay-opacity":"","overlay-gradient":""}},"ast-content-background-meta":{"desktop":{"background-color":"var(--ast-global-color-5)","background-image":"","background-repeat":"repeat","background-position":"center center","background-size":"auto","background-attachment":"scroll","background-type":"","background-media":"","overlay-type":"","overlay-color":"","overlay-opacity":"","overlay-gradient":""},"tablet":{"background-color":"var(--ast-global-color-5)","background-image":"","background-repeat":"repeat","background-position":"center center","background-size":"auto","background-attachment":"scroll","background-type":"","background-media":"","overlay-type":"","overlay-color":"","overlay-opacity":"","overlay-gradient":""},"mobile":{"background-color":"var(--ast-global-color-5)","background-image":"","background-repeat":"repeat","background-position":"center center","background-size":"auto","background-attachment":"scroll","background-type":"","background-media":"","overlay-type":"","overlay-color":"","overlay-opacity":"","overlay-gradient":""}},"_joinchat":[]},"product_brand":[],"product_cat":[182,222,213],"product_tag":[],"class_list":{"0":"post-10467","1":"product","2":"type-product","3":"status-publish","4":"has-post-thumbnail","6":"product_cat-accesorios","7":"product_cat-colegio","8":"product_cat-oficina-y-papeleria","9":"desktop-align-center","10":"tablet-align-center","11":"mobile-align-center","12":"ast-product-gallery-layout-horizontal-slider","13":"ast-product-gallery-with-no-image","14":"ast-product-single-variable","15":"ast-product-tabs-layout-vertical","17":"first","18":"instock","19":"taxable","20":"shipping-taxable","21":"purchasable","22":"product-type-variable","23":"has-default-attributes"},"exclude_global_add_ons":[],"addons":[],"_links":{"self":[{"href":"https:\/\/www.realmurcia.es\/tiendaonline\/wp-json\/wp\/v2\/product\/10467","targetHints":{"allow":["GET"]}}],"collection":[{"href":"https:\/\/www.realmurcia.es\/tiendaonline\/wp-json\/wp\/v2\/product"}],"about":[{"href":"https:\/\/www.realmurcia.es\/tiendaonline\/wp-json\/wp\/v2\/types\/product"}],"wp:featuredmedia":[{"embeddable":true,"href":"https:\/\/www.realmurcia.es\/tiendaonline\/wp-json\/wp\/v2\/media\/10520"}],"wp:attachment":[{"href":"https:\/\/www.realmurcia.es\/tiendaonline\/wp-json\/wp\/v2\/media?parent=10467"}],"wp:term":[{"taxonomy":"product_brand","embeddable":true,"href":"https:\/\/www.realmurcia.es\/tiendaonline\/wp-json\/wp\/v2\/product_brand?post=10467"},{"taxonomy":"product_cat","embeddable":true,"href":"https:\/\/www.realmurcia.es\/tiendaonline\/wp-json\/wp\/v2\/product_cat?post=10467"},{"taxonomy":"product_tag","embeddable":true,"href":"https:\/\/www.realmurcia.es\/tiendaonline\/wp-json\/wp\/v2\/product_tag?post=10467"}],"curies":[{"name":"wp","href":"https:\/\/api.w.org\/{rel}","templated":true}]}}