{"id":10528,"date":"2025-08-22T11:55:44","date_gmt":"2025-08-22T09:55:44","guid":{"rendered":"https:\/\/www.realmurcia.es\/tiendaonline\/?post_type=product&#038;p=10528"},"modified":"2026-04-30T01:37:48","modified_gmt":"2026-04-29T23:37:48","slug":"mochila-acho-pimenton","status":"publish","type":"product","link":"https:\/\/www.realmurcia.es\/tiendaonline\/producto\/mochila-acho-pimenton\/","title":{"rendered":"MOCHILA ACHO PIMENTON"},"content":{"rendered":"<p>\ud83e\uddf8 <b>Tacto de Peluche Ultrasuave:<\/b> Fabricada en un material de peluche rojo incre\u00edblemente suave y agradable, que invita a abrazarla. \u00a1Es una mochila y un amigo, todo en uno!<\/p>\n<p>\u2764\ufe0f <b>Dise\u00f1o Oficial y Divertido:<\/b> Luce a nuestra mascota \u00abAcho Piment\u00f3n\u00bb en un bordado grande y alegre en el frontal, junto al escudo del Real Murcia C.F. bordado con la m\u00e1xima calidad en el bolsillo inferior.<\/p>\n<p>\ud83c\udf92 <b style=\"font-style: inherit;\">Tama\u00f1o Ideal para Ni\u00f1os:<\/b><span style=\"font-size: 16px;\"> Cuenta con un compartimento principal espacioso para la merienda, libros o juguetes; un pr\u00e1ctico bolsillo frontal para peque\u00f1os tesoros y dos bolsillos laterales perfectos para una botella de agua.<\/span><\/p>\n","protected":false},"excerpt":{"rendered":"<p>Mochila infantil con licencia oficial, dise\u00f1ada con los colores y el escudo del Real Murcia C.F. Fabricada en poli\u00e9ster de alta resistencia con un acabado exterior de peluche suave al tacto. El frontal presenta dos bordados de alta definici\u00f3n: la mascota \u00abAcho Piment\u00f3n\u00bb en el cuerpo principal y el escudo del club en el bolsillo inferior. Dise\u00f1ada ergon\u00f3micamente para el p\u00fablico infantil, con correas ajustables y m\u00faltiples compartimentos para una organizaci\u00f3n \u00f3ptima.<\/p>\n","protected":false},"featured_media":10530,"template":"","meta":{"_mo_disable_npp":"","site-sidebar-layout":"default","site-content-layout":"","ast-site-content-layout":"default","site-content-style":"default","site-sidebar-style":"default","ast-global-header-display":"","ast-banner-title-visibility":"","ast-main-header-display":"","ast-hfb-above-header-display":"","ast-hfb-below-header-display":"","ast-hfb-mobile-header-display":"","site-post-title":"","ast-breadcrumbs-content":"","ast-featured-img":"","footer-sml-layout":"","ast-disable-related-posts":"","theme-transparent-header-meta":"default","adv-header-id-meta":"","stick-header-meta":"default","header-above-stick-meta":"","header-main-stick-meta":"","header-below-stick-meta":"","astra-migrate-meta-layouts":"set","ast-page-background-enabled":"default","ast-page-background-meta":{"desktop":{"background-color":"var(--ast-global-color-4)","background-image":"","background-repeat":"repeat","background-position":"center center","background-size":"auto","background-attachment":"scroll","background-type":"","background-media":"","overlay-type":"","overlay-color":"","overlay-opacity":"","overlay-gradient":""},"tablet":{"background-color":"","background-image":"","background-repeat":"repeat","background-position":"center center","background-size":"auto","background-attachment":"scroll","background-type":"","background-media":"","overlay-type":"","overlay-color":"","overlay-opacity":"","overlay-gradient":""},"mobile":{"background-color":"","background-image":"","background-repeat":"repeat","background-position":"center center","background-size":"auto","background-attachment":"scroll","background-type":"","background-media":"","overlay-type":"","overlay-color":"","overlay-opacity":"","overlay-gradient":""}},"ast-content-background-meta":{"desktop":{"background-color":"var(--ast-global-color-5)","background-image":"","background-repeat":"repeat","background-position":"center center","background-size":"auto","background-attachment":"scroll","background-type":"","background-media":"","overlay-type":"","overlay-color":"","overlay-opacity":"","overlay-gradient":""},"tablet":{"background-color":"var(--ast-global-color-5)","background-image":"","background-repeat":"repeat","background-position":"center center","background-size":"auto","background-attachment":"scroll","background-type":"","background-media":"","overlay-type":"","overlay-color":"","overlay-opacity":"","overlay-gradient":""},"mobile":{"background-color":"var(--ast-global-color-5)","background-image":"","background-repeat":"repeat","background-position":"center center","background-size":"auto","background-attachment":"scroll","background-type":"","background-media":"","overlay-type":"","overlay-color":"","overlay-opacity":"","overlay-gradient":""}},"_joinchat":[]},"product_brand":[],"product_cat":[182,223,214,222,209],"product_tag":[],"class_list":{"0":"post-10528","1":"product","2":"type-product","3":"status-publish","4":"has-post-thumbnail","6":"product_cat-accesorios","7":"product_cat-acho-pimenton","8":"product_cat-bebe","9":"product_cat-colegio","10":"product_cat-mochilas-y-bolsas","11":"desktop-align-center","12":"tablet-align-center","13":"mobile-align-center","14":"ast-product-gallery-layout-horizontal-slider","15":"ast-product-single-variable","16":"ast-product-tabs-layout-vertical","18":"first","19":"instock","20":"taxable","21":"shipping-taxable","22":"purchasable","23":"product-type-variable","24":"has-default-attributes"},"exclude_global_add_ons":[],"addons":[],"_links":{"self":[{"href":"https:\/\/www.realmurcia.es\/tiendaonline\/wp-json\/wp\/v2\/product\/10528","targetHints":{"allow":["GET"]}}],"collection":[{"href":"https:\/\/www.realmurcia.es\/tiendaonline\/wp-json\/wp\/v2\/product"}],"about":[{"href":"https:\/\/www.realmurcia.es\/tiendaonline\/wp-json\/wp\/v2\/types\/product"}],"wp:featuredmedia":[{"embeddable":true,"href":"https:\/\/www.realmurcia.es\/tiendaonline\/wp-json\/wp\/v2\/media\/10530"}],"wp:attachment":[{"href":"https:\/\/www.realmurcia.es\/tiendaonline\/wp-json\/wp\/v2\/media?parent=10528"}],"wp:term":[{"taxonomy":"product_brand","embeddable":true,"href":"https:\/\/www.realmurcia.es\/tiendaonline\/wp-json\/wp\/v2\/product_brand?post=10528"},{"taxonomy":"product_cat","embeddable":true,"href":"https:\/\/www.realmurcia.es\/tiendaonline\/wp-json\/wp\/v2\/product_cat?post=10528"},{"taxonomy":"product_tag","embeddable":true,"href":"https:\/\/www.realmurcia.es\/tiendaonline\/wp-json\/wp\/v2\/product_tag?post=10528"}],"curies":[{"name":"wp","href":"https:\/\/api.w.org\/{rel}","templated":true}]}}