{"id":10581,"date":"2025-08-27T09:55:55","date_gmt":"2025-08-27T07:55:55","guid":{"rendered":"https:\/\/www.realmurcia.es\/tiendaonline\/?post_type=product&#038;p=10581"},"modified":"2026-04-27T02:06:07","modified_gmt":"2026-04-27T00:06:07","slug":"gorra-roja-rmu","status":"publish","type":"product","link":"https:\/\/www.realmurcia.es\/tiendaonline\/producto\/gorra-roja-rmu\/","title":{"rendered":"GORRA ROJA RMU"},"content":{"rendered":"<p>Gorra de estilo t\u00e9cnico (<b>Dry-fit<\/b> o similar) de color <b>rojo grana<\/b> intenso. Los paneles traseros y laterales presentan un <b>tejido perforado (l\u00e1ser-cut)<\/b> para m\u00e1xima transpiraci\u00f3n. El escudo triangular del club est\u00e1 representado en un <b>parche de goma<\/b>\u00a0de alto relieve en el frontal. Ajuste trasero de tipo <b>Snapback<\/b> o pl\u00e1stico.<\/p>\n","protected":false},"excerpt":{"rendered":"<p>Dise\u00f1ada para el m\u00e1ximo confort y transpiraci\u00f3n, esta gorra es ideal para el verano, el deporte o para esos d\u00edas intensos en el estadio, combinando estilo moderno y la pasi\u00f3n grana.<\/p>\n<ul>\n<li><b>Tipo de Producto:<\/b> Gorra T\u00e9cnica \/ Performance Cap de 5 o 6 paneles.<\/li>\n<li><b>Material:<\/b> Fabricada con <b>tejido sint\u00e9tico ligero<\/b> (poli\u00e9ster o mezcla) con propiedades de secado r\u00e1pido (Dry-Fit o similar).<\/li>\n<li><b>Color:<\/b> <b>Rojo grana<\/b> en toda la estructura de la gorra, incluyendo la visera.<\/li>\n<li><b>Transpiraci\u00f3n:<\/b> Los paneles laterales y traseros est\u00e1n dise\u00f1ados con un <b>patr\u00f3n de micro-perforaciones (l\u00e1ser-cut)<\/b>, garantizando una ventilaci\u00f3n superior y manteniendo la cabeza fresca.<\/li>\n<li><b>Elementos de Identidad (Parches de Goma\/PVC):<\/b>\n<ul>\n<li><b>Frontal:<\/b> Presenta el <b>Escudo Triangular y Coronado del Real Murcia C.F.<\/b> en un <b>parche de goma (PVC) flexible<\/b> con efecto 3D y colores detallados.<\/li>\n<li><b>Lateral:<\/b> Incluye un <b>parche rectangular de goma rojo<\/b> con el texto <b>\u00abREAL MURCIA\u00bb<\/b> en relieve y color blanco.<\/li>\n<li><b>Trasera:<\/b> Sobre el cierre, lleva un peque\u00f1o <b>parche textil bordado<\/b> con las coronas y s\u00edmbolos de la bandera de la Regi\u00f3n de Murcia (o elementos del escudo) en hilo dorado\/amarillo sobre fondo grana.<\/li>\n<\/ul>\n<\/li>\n<li><b>Visera:<\/b> Visera precurvada, construida con el mismo material.<\/li>\n<li><b>Ajuste:<\/b> Cierre trasero de <b>tiras pl\u00e1sticas ajustables (Snapback)<\/b> o cierre de clip del mismo color grana para un ajuste personalizado y seguro.<\/li>\n<\/ul>\n","protected":false},"featured_media":11379,"template":"","meta":{"_mo_disable_npp":"","site-sidebar-layout":"default","site-content-layout":"","ast-site-content-layout":"default","site-content-style":"default","site-sidebar-style":"default","ast-global-header-display":"","ast-banner-title-visibility":"","ast-main-header-display":"","ast-hfb-above-header-display":"","ast-hfb-below-header-display":"","ast-hfb-mobile-header-display":"","site-post-title":"","ast-breadcrumbs-content":"","ast-featured-img":"","footer-sml-layout":"","ast-disable-related-posts":"","theme-transparent-header-meta":"default","adv-header-id-meta":"","stick-header-meta":"default","header-above-stick-meta":"","header-main-stick-meta":"","header-below-stick-meta":"","astra-migrate-meta-layouts":"set","ast-page-background-enabled":"default","ast-page-background-meta":{"desktop":{"background-color":"var(--ast-global-color-4)","background-image":"","background-repeat":"repeat","background-position":"center center","background-size":"auto","background-attachment":"scroll","background-type":"","background-media":"","overlay-type":"","overlay-color":"","overlay-opacity":"","overlay-gradient":""},"tablet":{"background-color":"","background-image":"","background-repeat":"repeat","background-position":"center center","background-size":"auto","background-attachment":"scroll","background-type":"","background-media":"","overlay-type":"","overlay-color":"","overlay-opacity":"","overlay-gradient":""},"mobile":{"background-color":"","background-image":"","background-repeat":"repeat","background-position":"center center","background-size":"auto","background-attachment":"scroll","background-type":"","background-media":"","overlay-type":"","overlay-color":"","overlay-opacity":"","overlay-gradient":""}},"ast-content-background-meta":{"desktop":{"background-color":"var(--ast-global-color-5)","background-image":"","background-repeat":"repeat","background-position":"center center","background-size":"auto","background-attachment":"scroll","background-type":"","background-media":"","overlay-type":"","overlay-color":"","overlay-opacity":"","overlay-gradient":""},"tablet":{"background-color":"var(--ast-global-color-5)","background-image":"","background-repeat":"repeat","background-position":"center center","background-size":"auto","background-attachment":"scroll","background-type":"","background-media":"","overlay-type":"","overlay-color":"","overlay-opacity":"","overlay-gradient":""},"mobile":{"background-color":"var(--ast-global-color-5)","background-image":"","background-repeat":"repeat","background-position":"center center","background-size":"auto","background-attachment":"scroll","background-type":"","background-media":"","overlay-type":"","overlay-color":"","overlay-opacity":"","overlay-gradient":""}},"_joinchat":[]},"product_brand":[],"product_cat":[158,202,151,31],"product_tag":[],"class_list":{"0":"post-10581","1":"product","2":"type-product","3":"status-publish","4":"has-post-thumbnail","6":"product_cat-gorras","7":"product_cat-gorras-y-gorros","8":"product_cat-moda","9":"product_cat-regalos-y-accesorios","10":"desktop-align-center","11":"tablet-align-center","12":"mobile-align-center","13":"ast-product-gallery-layout-horizontal-slider","14":"ast-product-single-variable","15":"ast-product-tabs-layout-vertical","17":"first","18":"instock","19":"taxable","20":"shipping-taxable","21":"purchasable","22":"product-type-variable","23":"has-default-attributes"},"exclude_global_add_ons":[],"addons":[],"_links":{"self":[{"href":"https:\/\/www.realmurcia.es\/tiendaonline\/wp-json\/wp\/v2\/product\/10581","targetHints":{"allow":["GET"]}}],"collection":[{"href":"https:\/\/www.realmurcia.es\/tiendaonline\/wp-json\/wp\/v2\/product"}],"about":[{"href":"https:\/\/www.realmurcia.es\/tiendaonline\/wp-json\/wp\/v2\/types\/product"}],"wp:featuredmedia":[{"embeddable":true,"href":"https:\/\/www.realmurcia.es\/tiendaonline\/wp-json\/wp\/v2\/media\/11379"}],"wp:attachment":[{"href":"https:\/\/www.realmurcia.es\/tiendaonline\/wp-json\/wp\/v2\/media?parent=10581"}],"wp:term":[{"taxonomy":"product_brand","embeddable":true,"href":"https:\/\/www.realmurcia.es\/tiendaonline\/wp-json\/wp\/v2\/product_brand?post=10581"},{"taxonomy":"product_cat","embeddable":true,"href":"https:\/\/www.realmurcia.es\/tiendaonline\/wp-json\/wp\/v2\/product_cat?post=10581"},{"taxonomy":"product_tag","embeddable":true,"href":"https:\/\/www.realmurcia.es\/tiendaonline\/wp-json\/wp\/v2\/product_tag?post=10581"}],"curies":[{"name":"wp","href":"https:\/\/api.w.org\/{rel}","templated":true}]}}