{"id":10585,"date":"2025-08-27T09:55:58","date_gmt":"2025-08-27T07:55:58","guid":{"rendered":"https:\/\/www.realmurcia.es\/tiendaonline\/?post_type=product&#038;p=10585"},"modified":"2026-04-11T17:21:22","modified_gmt":"2026-04-11T15:21:22","slug":"baraja-de-cartas-fournier","status":"publish","type":"product","link":"https:\/\/www.realmurcia.es\/tiendaonline\/producto\/baraja-de-cartas-fournier\/","title":{"rendered":"BARAJA DE CARTAS FOURNIER"},"content":{"rendered":"<p><b>\u00bfQu\u00e9 incluye este magn\u00edfico estuche?<\/b><\/p>\n<ul>\n<li><b>Elegante Estuche de Polipiel:<\/b> Un estuche robusto y con acabados de alta calidad, perfecto para guardar y transportar tu juego de forma segura y con estilo. El cierre de broche y el logo del Real Murcia grabado en negro le dan un toque distinguido.<\/li>\n<li><b>Baraja Espa\u00f1ola Fournier Personalizada:<\/b> La aut\u00e9ntica baraja espa\u00f1ola de 40 cartas de Heraclio Fournier, con el reverso personalizado con el escudo de nuestro club. La calidad de los naipes garantiza un deslizamiento perfecto y una gran resistencia al uso.<\/li>\n<li><b>Tapete de Juego Profesional:<\/b> Extiende este tapete de fieltro verde para crear el ambiente de juego perfecto. Con el escudo del Real Murcia impreso en las cuatro esquinas, cada mano se sentir\u00e1 como una victoria en casa.<\/li>\n<li><b>Bolsa de amarracos:<\/b> Olv\u00eddate de apuntar los puntos en un papel. Este set incluye una pr\u00e1ctica bolsita de tela roja, tambi\u00e9n con el escudo del club, que contiene las fichas necesarias para llevar el tanteo de tus partidas de Mus, Brisca, Tute y muchos otros juegos.<\/li>\n<\/ul>\n","protected":false},"excerpt":{"rendered":"<p><strong>Estuche de Juego de Cartas Premium del Real Murcia | Edici\u00f3n Oficial Fournier<\/strong><\/p>\n<p>Presentamos el set de juego definitivo para cualquier seguidor del Real Murcia. Este elegante estuche de polipiel marr\u00f3n, grabado con el escudo del club y la corona, es mucho m\u00e1s que un simple accesorio; es una declaraci\u00f3n de lealtad y una invitaci\u00f3n a disfrutar de inolvidables tardes de juego con amigos y familiares.<\/p>\n<p>Fabricado por la prestigiosa casa <b>Naipes Heraclio Fournier<\/b>, sin\u00f3nimo de calidad y durabilidad, este completo set tiene todo lo necesario para empezar a jugar al instante.<\/p>\n","protected":false},"featured_media":10601,"template":"","meta":{"_mo_disable_npp":"","site-sidebar-layout":"default","site-content-layout":"","ast-site-content-layout":"default","site-content-style":"default","site-sidebar-style":"default","ast-global-header-display":"","ast-banner-title-visibility":"","ast-main-header-display":"","ast-hfb-above-header-display":"","ast-hfb-below-header-display":"","ast-hfb-mobile-header-display":"","site-post-title":"","ast-breadcrumbs-content":"","ast-featured-img":"","footer-sml-layout":"","ast-disable-related-posts":"","theme-transparent-header-meta":"default","adv-header-id-meta":"","stick-header-meta":"default","header-above-stick-meta":"","header-main-stick-meta":"","header-below-stick-meta":"","astra-migrate-meta-layouts":"set","ast-page-background-enabled":"default","ast-page-background-meta":{"desktop":{"background-color":"var(--ast-global-color-4)","background-image":"","background-repeat":"repeat","background-position":"center center","background-size":"auto","background-attachment":"scroll","background-type":"","background-media":"","overlay-type":"","overlay-color":"","overlay-opacity":"","overlay-gradient":""},"tablet":{"background-color":"","background-image":"","background-repeat":"repeat","background-position":"center center","background-size":"auto","background-attachment":"scroll","background-type":"","background-media":"","overlay-type":"","overlay-color":"","overlay-opacity":"","overlay-gradient":""},"mobile":{"background-color":"","background-image":"","background-repeat":"repeat","background-position":"center center","background-size":"auto","background-attachment":"scroll","background-type":"","background-media":"","overlay-type":"","overlay-color":"","overlay-opacity":"","overlay-gradient":""}},"ast-content-background-meta":{"desktop":{"background-color":"var(--ast-global-color-5)","background-image":"","background-repeat":"repeat","background-position":"center center","background-size":"auto","background-attachment":"scroll","background-type":"","background-media":"","overlay-type":"","overlay-color":"","overlay-opacity":"","overlay-gradient":""},"tablet":{"background-color":"var(--ast-global-color-5)","background-image":"","background-repeat":"repeat","background-position":"center center","background-size":"auto","background-attachment":"scroll","background-type":"","background-media":"","overlay-type":"","overlay-color":"","overlay-opacity":"","overlay-gradient":""},"mobile":{"background-color":"var(--ast-global-color-5)","background-image":"","background-repeat":"repeat","background-position":"center center","background-size":"auto","background-attachment":"scroll","background-type":"","background-media":"","overlay-type":"","overlay-color":"","overlay-opacity":"","overlay-gradient":""}},"_joinchat":[]},"product_brand":[],"product_cat":[182,39,183,31],"product_tag":[],"class_list":{"0":"post-10585","1":"product","2":"type-product","3":"status-publish","4":"has-post-thumbnail","6":"product_cat-accesorios","7":"product_cat-hogar-y-oficina-2","8":"product_cat-juegos","9":"product_cat-regalos-y-accesorios","10":"desktop-align-center","11":"tablet-align-center","12":"mobile-align-center","13":"ast-product-gallery-layout-horizontal-slider","14":"ast-product-single-variable","15":"ast-product-tabs-layout-vertical","17":"first","18":"instock","19":"taxable","20":"shipping-taxable","21":"purchasable","22":"product-type-variable","23":"has-default-attributes"},"exclude_global_add_ons":[],"addons":[],"_links":{"self":[{"href":"https:\/\/www.realmurcia.es\/tiendaonline\/wp-json\/wp\/v2\/product\/10585","targetHints":{"allow":["GET"]}}],"collection":[{"href":"https:\/\/www.realmurcia.es\/tiendaonline\/wp-json\/wp\/v2\/product"}],"about":[{"href":"https:\/\/www.realmurcia.es\/tiendaonline\/wp-json\/wp\/v2\/types\/product"}],"wp:featuredmedia":[{"embeddable":true,"href":"https:\/\/www.realmurcia.es\/tiendaonline\/wp-json\/wp\/v2\/media\/10601"}],"wp:attachment":[{"href":"https:\/\/www.realmurcia.es\/tiendaonline\/wp-json\/wp\/v2\/media?parent=10585"}],"wp:term":[{"taxonomy":"product_brand","embeddable":true,"href":"https:\/\/www.realmurcia.es\/tiendaonline\/wp-json\/wp\/v2\/product_brand?post=10585"},{"taxonomy":"product_cat","embeddable":true,"href":"https:\/\/www.realmurcia.es\/tiendaonline\/wp-json\/wp\/v2\/product_cat?post=10585"},{"taxonomy":"product_tag","embeddable":true,"href":"https:\/\/www.realmurcia.es\/tiendaonline\/wp-json\/wp\/v2\/product_tag?post=10585"}],"curies":[{"name":"wp","href":"https:\/\/api.w.org\/{rel}","templated":true}]}}