{"id":10780,"date":"2025-09-30T10:58:20","date_gmt":"2025-09-30T08:58:20","guid":{"rendered":"https:\/\/www.realmurcia.es\/tiendaonline\/?post_type=product&#038;p=10780"},"modified":"2026-04-18T18:03:43","modified_gmt":"2026-04-18T16:03:43","slug":"estuche-rmu","status":"publish","type":"product","link":"https:\/\/www.realmurcia.es\/tiendaonline\/producto\/estuche-rmu\/","title":{"rendered":"ESTUCHE RMU"},"content":{"rendered":"<p data-start=\"187\" data-end=\"441\">Estuche del <strong data-start=\"199\" data-end=\"217\">Real Murcia CF<\/strong>, pr\u00e1ctico y resistente, ideal para el colegio, la oficina o el d\u00eda a d\u00eda. Su dise\u00f1o en los colores representativos del club incluye el <strong data-start=\"353\" data-end=\"382\">escudo del Real Murcia CF<\/strong> en el frontal, aportando un toque distintivo y elegante.<\/p>\n<p data-start=\"443\" data-end=\"636\">Fabricado en <strong data-start=\"456\" data-end=\"477\">material duradero<\/strong>, dispone de cierre con cremallera que garantiza una apertura y cierre seguros, ofreciendo espacio suficiente para bol\u00edgrafos, l\u00e1pices y peque\u00f1os accesorios.<\/p>\n<p data-start=\"638\" data-end=\"663\">\ud83d\udd34 <strong data-start=\"641\" data-end=\"661\">Caracter\u00edsticas:<\/strong><\/p>\n<ul data-start=\"664\" data-end=\"852\">\n<li data-start=\"664\" data-end=\"706\">\n<p data-start=\"666\" data-end=\"706\">Estuche con escudo del Real Murcia CF.<\/p>\n<\/li>\n<li data-start=\"707\" data-end=\"742\">\n<p data-start=\"709\" data-end=\"742\">Material: poli\u00e9ster resistente.<\/p>\n<\/li>\n<li data-start=\"743\" data-end=\"769\">\n<p data-start=\"745\" data-end=\"769\">Cierre con cremallera.<\/p>\n<\/li>\n<li data-start=\"770\" data-end=\"808\">\n<p data-start=\"772\" data-end=\"808\">Color rojo con detalles en blanco.<\/p>\n<\/li>\n<\/ul>\n<p data-start=\"854\" data-end=\"897\">\ud83d\udccd <em data-start=\"857\" data-end=\"895\">Producto oficial del Real Murcia CF.<\/em><\/p>\n","protected":false},"excerpt":{"rendered":"<p>Estuche del Real Murcia CF, pr\u00e1ctico y resistente, ideal para el colegio, la oficina o el d\u00eda a d\u00eda. Su dise\u00f1o en los colores representativos del club incluye el escudo del Real Murcia CF en el frontal, aportando un toque distintivo y elegante. Fabricado en material duradero, dispone de cierre con cremallera que garantiza una [&hellip;]<\/p>\n","protected":false},"featured_media":10840,"template":"","meta":{"_mo_disable_npp":"","site-sidebar-layout":"default","site-content-layout":"","ast-site-content-layout":"default","site-content-style":"default","site-sidebar-style":"default","ast-global-header-display":"","ast-banner-title-visibility":"","ast-main-header-display":"","ast-hfb-above-header-display":"","ast-hfb-below-header-display":"","ast-hfb-mobile-header-display":"","site-post-title":"","ast-breadcrumbs-content":"","ast-featured-img":"","footer-sml-layout":"","ast-disable-related-posts":"","theme-transparent-header-meta":"default","adv-header-id-meta":"","stick-header-meta":"default","header-above-stick-meta":"","header-main-stick-meta":"","header-below-stick-meta":"","astra-migrate-meta-layouts":"set","ast-page-background-enabled":"default","ast-page-background-meta":{"desktop":{"background-color":"var(--ast-global-color-4)","background-image":"","background-repeat":"repeat","background-position":"center center","background-size":"auto","background-attachment":"scroll","background-type":"","background-media":"","overlay-type":"","overlay-color":"","overlay-opacity":"","overlay-gradient":""},"tablet":{"background-color":"","background-image":"","background-repeat":"repeat","background-position":"center center","background-size":"auto","background-attachment":"scroll","background-type":"","background-media":"","overlay-type":"","overlay-color":"","overlay-opacity":"","overlay-gradient":""},"mobile":{"background-color":"","background-image":"","background-repeat":"repeat","background-position":"center center","background-size":"auto","background-attachment":"scroll","background-type":"","background-media":"","overlay-type":"","overlay-color":"","overlay-opacity":"","overlay-gradient":""}},"ast-content-background-meta":{"desktop":{"background-color":"var(--ast-global-color-5)","background-image":"","background-repeat":"repeat","background-position":"center center","background-size":"auto","background-attachment":"scroll","background-type":"","background-media":"","overlay-type":"","overlay-color":"","overlay-opacity":"","overlay-gradient":""},"tablet":{"background-color":"var(--ast-global-color-5)","background-image":"","background-repeat":"repeat","background-position":"center center","background-size":"auto","background-attachment":"scroll","background-type":"","background-media":"","overlay-type":"","overlay-color":"","overlay-opacity":"","overlay-gradient":""},"mobile":{"background-color":"var(--ast-global-color-5)","background-image":"","background-repeat":"repeat","background-position":"center center","background-size":"auto","background-attachment":"scroll","background-type":"","background-media":"","overlay-type":"","overlay-color":"","overlay-opacity":"","overlay-gradient":""}},"_joinchat":[]},"product_brand":[],"product_cat":[182,223,222,211,39,213,31],"product_tag":[],"class_list":{"0":"post-10780","1":"product","2":"type-product","3":"status-publish","4":"has-post-thumbnail","6":"product_cat-accesorios","7":"product_cat-acho-pimenton","8":"product_cat-colegio","9":"product_cat-hogar","10":"product_cat-hogar-y-oficina-2","11":"product_cat-oficina-y-papeleria","12":"product_cat-regalos-y-accesorios","13":"desktop-align-center","14":"tablet-align-center","15":"mobile-align-center","16":"ast-product-gallery-layout-horizontal-slider","17":"ast-product-single-variable","18":"ast-product-tabs-layout-vertical","20":"first","21":"instock","22":"taxable","23":"shipping-taxable","24":"purchasable","25":"product-type-variable","26":"has-default-attributes"},"exclude_global_add_ons":[],"addons":[],"_links":{"self":[{"href":"https:\/\/www.realmurcia.es\/tiendaonline\/wp-json\/wp\/v2\/product\/10780","targetHints":{"allow":["GET"]}}],"collection":[{"href":"https:\/\/www.realmurcia.es\/tiendaonline\/wp-json\/wp\/v2\/product"}],"about":[{"href":"https:\/\/www.realmurcia.es\/tiendaonline\/wp-json\/wp\/v2\/types\/product"}],"wp:featuredmedia":[{"embeddable":true,"href":"https:\/\/www.realmurcia.es\/tiendaonline\/wp-json\/wp\/v2\/media\/10840"}],"wp:attachment":[{"href":"https:\/\/www.realmurcia.es\/tiendaonline\/wp-json\/wp\/v2\/media?parent=10780"}],"wp:term":[{"taxonomy":"product_brand","embeddable":true,"href":"https:\/\/www.realmurcia.es\/tiendaonline\/wp-json\/wp\/v2\/product_brand?post=10780"},{"taxonomy":"product_cat","embeddable":true,"href":"https:\/\/www.realmurcia.es\/tiendaonline\/wp-json\/wp\/v2\/product_cat?post=10780"},{"taxonomy":"product_tag","embeddable":true,"href":"https:\/\/www.realmurcia.es\/tiendaonline\/wp-json\/wp\/v2\/product_tag?post=10780"}],"curies":[{"name":"wp","href":"https:\/\/api.w.org\/{rel}","templated":true}]}}