{"id":10944,"date":"2025-10-20T12:55:57","date_gmt":"2025-10-20T10:55:57","guid":{"rendered":"https:\/\/www.realmurcia.es\/tiendaonline\/?post_type=product&#038;p=10944"},"modified":"2026-03-18T10:16:25","modified_gmt":"2026-03-18T09:16:25","slug":"sudadera-entreno-portero-adulto","status":"publish","type":"product","link":"https:\/\/www.realmurcia.es\/tiendaonline\/producto\/sudadera-entreno-portero-adulto\/","title":{"rendered":"SUDADERA ENTRENO PORTERO ADULTO"},"content":{"rendered":"<p>Sudadera con media cremallera para hombre. Una sudadera concebida para entrenamientos de cualquier deporte, c\u00f3moda y vers\u00e1til, que ofrece calidez interior, brindando una excelente resistencia t\u00e9rmica.<\/p>\n<p>Presenta cierre con cremallera hasta el pecho y cuello alto. As\u00ed, el deportista podr\u00e1 regular la cobertura y mejorar la ventilaci\u00f3n.<\/p>\n<p>Fabricaci\u00f3n con tejido suave y confortable. Fleece interior para dar mayor sensaci\u00f3n de abrigo con bajas temperaturas, y fibras el\u00e1sticas para optimizar el ajuste y la libertad de movimiento.<\/p>\n<p>Dise\u00f1o con piezas en contraste a color.<\/p>\n<p>&nbsp;<\/p>\n<h3>Caracter\u00edsticas<\/h3>\n<ul class=\"double-column\">\n<li>Cremallera hasta el pecho<\/li>\n<li>Cuello redondo<\/li>\n<li>Tejido el\u00e1stico<\/li>\n<li>Tipo de ajuste: est\u00e1ndar<\/li>\n<li>90% Poli\u00e9ster, 10% Elastano<\/li>\n<\/ul>\n","protected":false},"excerpt":{"rendered":"<p>Sudadera con media cremallera para hombre. Una sudadera concebida para entrenamientos de cualquier deporte, c\u00f3moda y vers\u00e1til, que ofrece calidez interior, brindando una excelente resistencia t\u00e9rmica. Presenta cierre con cremallera hasta el pecho y cuello alto. As\u00ed, el deportista podr\u00e1 regular la cobertura y mejorar la ventilaci\u00f3n. Fabricaci\u00f3n con tejido suave y confortable. Fleece interior [&hellip;]<\/p>\n","protected":false},"featured_media":11027,"template":"","meta":{"_mo_disable_npp":"","site-sidebar-layout":"default","site-content-layout":"","ast-site-content-layout":"default","site-content-style":"default","site-sidebar-style":"default","ast-global-header-display":"","ast-banner-title-visibility":"","ast-main-header-display":"","ast-hfb-above-header-display":"","ast-hfb-below-header-display":"","ast-hfb-mobile-header-display":"","site-post-title":"","ast-breadcrumbs-content":"","ast-featured-img":"","footer-sml-layout":"","ast-disable-related-posts":"","theme-transparent-header-meta":"default","adv-header-id-meta":"","stick-header-meta":"default","header-above-stick-meta":"","header-main-stick-meta":"","header-below-stick-meta":"","astra-migrate-meta-layouts":"set","ast-page-background-enabled":"default","ast-page-background-meta":{"desktop":{"background-color":"var(--ast-global-color-4)","background-image":"","background-repeat":"repeat","background-position":"center center","background-size":"auto","background-attachment":"scroll","background-type":"","background-media":"","overlay-type":"","overlay-color":"","overlay-opacity":"","overlay-gradient":""},"tablet":{"background-color":"","background-image":"","background-repeat":"repeat","background-position":"center center","background-size":"auto","background-attachment":"scroll","background-type":"","background-media":"","overlay-type":"","overlay-color":"","overlay-opacity":"","overlay-gradient":""},"mobile":{"background-color":"","background-image":"","background-repeat":"repeat","background-position":"center center","background-size":"auto","background-attachment":"scroll","background-type":"","background-media":"","overlay-type":"","overlay-color":"","overlay-opacity":"","overlay-gradient":""}},"ast-content-background-meta":{"desktop":{"background-color":"var(--ast-global-color-5)","background-image":"","background-repeat":"repeat","background-position":"center center","background-size":"auto","background-attachment":"scroll","background-type":"","background-media":"","overlay-type":"","overlay-color":"","overlay-opacity":"","overlay-gradient":""},"tablet":{"background-color":"var(--ast-global-color-5)","background-image":"","background-repeat":"repeat","background-position":"center center","background-size":"auto","background-attachment":"scroll","background-type":"","background-media":"","overlay-type":"","overlay-color":"","overlay-opacity":"","overlay-gradient":""},"mobile":{"background-color":"var(--ast-global-color-5)","background-image":"","background-repeat":"repeat","background-position":"center center","background-size":"auto","background-attachment":"scroll","background-type":"","background-media":"","overlay-type":"","overlay-color":"","overlay-opacity":"","overlay-gradient":""}},"_joinchat":[]},"product_brand":[],"product_cat":[191,152,151,193],"product_tag":[],"class_list":{"0":"post-10944","1":"product","2":"type-product","3":"status-publish","4":"has-post-thumbnail","6":"product_cat-entrenamiento","7":"product_cat-entreno","8":"product_cat-moda","9":"product_cat-sudaderas","10":"desktop-align-center","11":"tablet-align-center","12":"mobile-align-center","13":"ast-product-gallery-layout-horizontal-slider","14":"ast-product-gallery-with-no-image","15":"ast-product-single-variable","16":"ast-product-tabs-layout-vertical","18":"first","19":"instock","20":"taxable","21":"shipping-taxable","22":"purchasable","23":"product-type-variable","24":"has-default-attributes"},"exclude_global_add_ons":[],"addons":[],"_links":{"self":[{"href":"https:\/\/www.realmurcia.es\/tiendaonline\/wp-json\/wp\/v2\/product\/10944","targetHints":{"allow":["GET"]}}],"collection":[{"href":"https:\/\/www.realmurcia.es\/tiendaonline\/wp-json\/wp\/v2\/product"}],"about":[{"href":"https:\/\/www.realmurcia.es\/tiendaonline\/wp-json\/wp\/v2\/types\/product"}],"wp:featuredmedia":[{"embeddable":true,"href":"https:\/\/www.realmurcia.es\/tiendaonline\/wp-json\/wp\/v2\/media\/11027"}],"wp:attachment":[{"href":"https:\/\/www.realmurcia.es\/tiendaonline\/wp-json\/wp\/v2\/media?parent=10944"}],"wp:term":[{"taxonomy":"product_brand","embeddable":true,"href":"https:\/\/www.realmurcia.es\/tiendaonline\/wp-json\/wp\/v2\/product_brand?post=10944"},{"taxonomy":"product_cat","embeddable":true,"href":"https:\/\/www.realmurcia.es\/tiendaonline\/wp-json\/wp\/v2\/product_cat?post=10944"},{"taxonomy":"product_tag","embeddable":true,"href":"https:\/\/www.realmurcia.es\/tiendaonline\/wp-json\/wp\/v2\/product_tag?post=10944"}],"curies":[{"name":"wp","href":"https:\/\/api.w.org\/{rel}","templated":true}]}}