{"id":10972,"date":"2025-10-20T12:56:13","date_gmt":"2025-10-20T10:56:13","guid":{"rendered":"https:\/\/www.realmurcia.es\/tiendaonline\/?post_type=product&#038;p=10972"},"modified":"2026-04-23T10:45:05","modified_gmt":"2026-04-23T08:45:05","slug":"sudadera-prepartido-rojo-adulto","status":"publish","type":"product","link":"https:\/\/www.realmurcia.es\/tiendaonline\/producto\/sudadera-prepartido-rojo-adulto\/","title":{"rendered":"SUDADERA PREPARTIDO ROJO ADULTO"},"content":{"rendered":"<p>Sudadera para hombre que ha sido dise\u00f1ada para ofrecer una combinaci\u00f3n perfecta de estilo y funcionalidad. Perfecta para el d\u00eda a d\u00eda o para complementar tu look deportivo, esta sudadera es una prenda vers\u00e1til que no puede faltar en tu guardarropa.<\/p>\n<p>Su cremallera media, acompa\u00f1ada de un protector de barbilla, asegura un cierre c\u00f3modo y libre de roces, mientras que el dise\u00f1o sublimado en las mangas le otorga un toque moderno y \u00fanico.<\/p>\n<p>Confeccionada en tejido de calidad junto con fleece, proporciona una excelente suavidad al tacto y una gran capacidad de retenci\u00f3n de calor, lo que la hace ideal para mantenerte abrigado durante actividades al aire libre o entrenamientos. Adem\u00e1s, su tejido es ligero y transpirable, garantizando confort durante todo el d\u00eda.<\/p>\n<h3>Caracter\u00edsticas<\/h3>\n<ul class=\"double-column\">\n<li>Cremallera hasta el pecho<\/li>\n<li>Cuello alto<\/li>\n<li>Sin bolsillos<\/li>\n<li>Tejido suave y confortable con fleece en el interior<\/li>\n<li>Dise\u00f1o sublimado<\/li>\n<li>Tipo de ajuste: est\u00e1ndar<\/li>\n<li>100% Poli\u00e9ster<\/li>\n<\/ul>\n","protected":false},"excerpt":{"rendered":"<p>Sudadera para hombre que ha sido dise\u00f1ada para ofrecer una combinaci\u00f3n perfecta de estilo y funcionalidad. Perfecta para el d\u00eda a d\u00eda o para complementar tu look deportivo, esta sudadera es una prenda vers\u00e1til que no puede faltar en tu guardarropa. Su cremallera media, acompa\u00f1ada de un protector de barbilla, asegura un cierre c\u00f3modo y [&hellip;]<\/p>\n","protected":false},"featured_media":11158,"template":"","meta":{"_mo_disable_npp":"","site-sidebar-layout":"default","site-content-layout":"","ast-site-content-layout":"default","site-content-style":"default","site-sidebar-style":"default","ast-global-header-display":"","ast-banner-title-visibility":"","ast-main-header-display":"","ast-hfb-above-header-display":"","ast-hfb-below-header-display":"","ast-hfb-mobile-header-display":"","site-post-title":"","ast-breadcrumbs-content":"","ast-featured-img":"","footer-sml-layout":"","ast-disable-related-posts":"","theme-transparent-header-meta":"default","adv-header-id-meta":"","stick-header-meta":"default","header-above-stick-meta":"","header-main-stick-meta":"","header-below-stick-meta":"","astra-migrate-meta-layouts":"set","ast-page-background-enabled":"default","ast-page-background-meta":{"desktop":{"background-color":"var(--ast-global-color-4)","background-image":"","background-repeat":"repeat","background-position":"center center","background-size":"auto","background-attachment":"scroll","background-type":"","background-media":"","overlay-type":"","overlay-color":"","overlay-opacity":"","overlay-gradient":""},"tablet":{"background-color":"","background-image":"","background-repeat":"repeat","background-position":"center center","background-size":"auto","background-attachment":"scroll","background-type":"","background-media":"","overlay-type":"","overlay-color":"","overlay-opacity":"","overlay-gradient":""},"mobile":{"background-color":"","background-image":"","background-repeat":"repeat","background-position":"center center","background-size":"auto","background-attachment":"scroll","background-type":"","background-media":"","overlay-type":"","overlay-color":"","overlay-opacity":"","overlay-gradient":""}},"ast-content-background-meta":{"desktop":{"background-color":"var(--ast-global-color-5)","background-image":"","background-repeat":"repeat","background-position":"center center","background-size":"auto","background-attachment":"scroll","background-type":"","background-media":"","overlay-type":"","overlay-color":"","overlay-opacity":"","overlay-gradient":""},"tablet":{"background-color":"var(--ast-global-color-5)","background-image":"","background-repeat":"repeat","background-position":"center center","background-size":"auto","background-attachment":"scroll","background-type":"","background-media":"","overlay-type":"","overlay-color":"","overlay-opacity":"","overlay-gradient":""},"mobile":{"background-color":"var(--ast-global-color-5)","background-image":"","background-repeat":"repeat","background-position":"center center","background-size":"auto","background-attachment":"scroll","background-type":"","background-media":"","overlay-type":"","overlay-color":"","overlay-opacity":"","overlay-gradient":""}},"_joinchat":[]},"product_brand":[],"product_cat":[191,152,151,195],"product_tag":[],"class_list":{"0":"post-10972","1":"product","2":"type-product","3":"status-publish","4":"has-post-thumbnail","6":"product_cat-entrenamiento","7":"product_cat-entreno","8":"product_cat-moda","9":"product_cat-prepartido","10":"desktop-align-center","11":"tablet-align-center","12":"mobile-align-center","13":"ast-product-gallery-layout-horizontal-slider","14":"ast-product-gallery-with-no-image","15":"ast-product-single-variable","16":"ast-product-tabs-layout-vertical","18":"first","19":"instock","20":"taxable","21":"shipping-taxable","22":"purchasable","23":"product-type-variable","24":"has-default-attributes"},"exclude_global_add_ons":[],"addons":[],"_links":{"self":[{"href":"https:\/\/www.realmurcia.es\/tiendaonline\/wp-json\/wp\/v2\/product\/10972","targetHints":{"allow":["GET"]}}],"collection":[{"href":"https:\/\/www.realmurcia.es\/tiendaonline\/wp-json\/wp\/v2\/product"}],"about":[{"href":"https:\/\/www.realmurcia.es\/tiendaonline\/wp-json\/wp\/v2\/types\/product"}],"wp:featuredmedia":[{"embeddable":true,"href":"https:\/\/www.realmurcia.es\/tiendaonline\/wp-json\/wp\/v2\/media\/11158"}],"wp:attachment":[{"href":"https:\/\/www.realmurcia.es\/tiendaonline\/wp-json\/wp\/v2\/media?parent=10972"}],"wp:term":[{"taxonomy":"product_brand","embeddable":true,"href":"https:\/\/www.realmurcia.es\/tiendaonline\/wp-json\/wp\/v2\/product_brand?post=10972"},{"taxonomy":"product_cat","embeddable":true,"href":"https:\/\/www.realmurcia.es\/tiendaonline\/wp-json\/wp\/v2\/product_cat?post=10972"},{"taxonomy":"product_tag","embeddable":true,"href":"https:\/\/www.realmurcia.es\/tiendaonline\/wp-json\/wp\/v2\/product_tag?post=10972"}],"curies":[{"name":"wp","href":"https:\/\/api.w.org\/{rel}","templated":true}]}}