{"id":11007,"date":"2025-10-20T12:56:33","date_gmt":"2025-10-20T10:56:33","guid":{"rendered":"https:\/\/www.realmurcia.es\/tiendaonline\/?post_type=product&#038;p=11007"},"modified":"2025-11-24T03:11:34","modified_gmt":"2025-11-24T02:11:34","slug":"chubasquero-tecnico-nino","status":"publish","type":"product","link":"https:\/\/www.realmurcia.es\/tiendaonline\/producto\/chubasquero-tecnico-nino\/","title":{"rendered":"CHUBASQUERO TECNICO NI\u00d1O"},"content":{"rendered":"<p>Chubasquero para hombre, dise\u00f1ado para ofrecer una excelente protecci\u00f3n contra las condiciones meteorol\u00f3gicas adversas sin sacrificar la comodidad ni la funcionalidad. Adem\u00e1s, el dise\u00f1o sublimado en las mangas aporta un toque de estilo moderno, haciendo de este chubasquero una opci\u00f3n funcional y con un dise\u00f1o atractivo para cualquier actividad al aire libre.<\/p>\n<p>Con una cremallera completa y un protector de barbilla, garantiza un ajuste perfecto y evita molestias. Su capucha ajustable proporciona una cobertura adicional, mientras que la banda el\u00e1stica en los pu\u00f1os y el bajo ajustable mediante stoppers laterales aseguran un ajuste personalizado, manteniendo el viento y la lluvia fuera. Los bolsillos exteriores con cremallera ofrecen espacio seguro para tus pertenencias, mientras que el bolsillo interior con velcro proporciona una opci\u00f3n adicional para objetos peque\u00f1os.<\/p>\n<p>El tejido mediante el que se ha confeccionado con interior mesh asegura transpirabilidad, mientras que su impermeabilidad de 5000 mm te protege ante condiciones de lluvia fina y\/o moderada y nieve seca.<\/p>\n<h3>Caracter\u00edsticas<\/h3>\n<ul class=\"double-column\">\n<li>Cierre de cremallera con tirador y protector de barbilla<\/li>\n<li>Pu\u00f1os el\u00e1sticos<\/li>\n<li>Bolsillos laterales con cremallera<\/li>\n<li>Tejido transpirable y resistente al agua<\/li>\n<li>Incluye tecnolog\u00eda Micro-Mesh en las zonas de mayor sudoraci\u00f3n<\/li>\n<li>Impermeable<\/li>\n<li>Tipo de ajuste: est\u00e1ndar<\/li>\n<li>100% Poli\u00e9ster<\/li>\n<\/ul>\n","protected":false},"excerpt":{"rendered":"<p>Chubasquero para hombre, dise\u00f1ado para ofrecer una excelente protecci\u00f3n contra las condiciones meteorol\u00f3gicas adversas sin sacrificar la comodidad ni la funcionalidad. Adem\u00e1s, el dise\u00f1o sublimado en las mangas aporta un toque de estilo moderno, haciendo de este chubasquero una opci\u00f3n funcional y con un dise\u00f1o atractivo para cualquier actividad al aire libre. Con una cremallera [&hellip;]<\/p>\n","protected":false},"featured_media":11153,"template":"","meta":{"_mo_disable_npp":"","site-sidebar-layout":"default","site-content-layout":"","ast-site-content-layout":"default","site-content-style":"default","site-sidebar-style":"default","ast-global-header-display":"","ast-banner-title-visibility":"","ast-main-header-display":"","ast-hfb-above-header-display":"","ast-hfb-below-header-display":"","ast-hfb-mobile-header-display":"","site-post-title":"","ast-breadcrumbs-content":"","ast-featured-img":"","footer-sml-layout":"","ast-disable-related-posts":"","theme-transparent-header-meta":"default","adv-header-id-meta":"","stick-header-meta":"default","header-above-stick-meta":"","header-main-stick-meta":"","header-below-stick-meta":"","astra-migrate-meta-layouts":"set","ast-page-background-enabled":"default","ast-page-background-meta":{"desktop":{"background-color":"var(--ast-global-color-4)","background-image":"","background-repeat":"repeat","background-position":"center center","background-size":"auto","background-attachment":"scroll","background-type":"","background-media":"","overlay-type":"","overlay-color":"","overlay-opacity":"","overlay-gradient":""},"tablet":{"background-color":"","background-image":"","background-repeat":"repeat","background-position":"center center","background-size":"auto","background-attachment":"scroll","background-type":"","background-media":"","overlay-type":"","overlay-color":"","overlay-opacity":"","overlay-gradient":""},"mobile":{"background-color":"","background-image":"","background-repeat":"repeat","background-position":"center center","background-size":"auto","background-attachment":"scroll","background-type":"","background-media":"","overlay-type":"","overlay-color":"","overlay-opacity":"","overlay-gradient":""}},"ast-content-background-meta":{"desktop":{"background-color":"var(--ast-global-color-5)","background-image":"","background-repeat":"repeat","background-position":"center center","background-size":"auto","background-attachment":"scroll","background-type":"","background-media":"","overlay-type":"","overlay-color":"","overlay-opacity":"","overlay-gradient":""},"tablet":{"background-color":"var(--ast-global-color-5)","background-image":"","background-repeat":"repeat","background-position":"center center","background-size":"auto","background-attachment":"scroll","background-type":"","background-media":"","overlay-type":"","overlay-color":"","overlay-opacity":"","overlay-gradient":""},"mobile":{"background-color":"var(--ast-global-color-5)","background-image":"","background-repeat":"repeat","background-position":"center center","background-size":"auto","background-attachment":"scroll","background-type":"","background-media":"","overlay-type":"","overlay-color":"","overlay-opacity":"","overlay-gradient":""}},"_joinchat":[]},"product_brand":[],"product_cat":[203,191,196,151,195,276],"product_tag":[],"class_list":{"0":"post-11007","1":"product","2":"type-product","3":"status-publish","4":"has-post-thumbnail","6":"product_cat-abrigos-y-chubasqueros","7":"product_cat-entrenamiento","8":"product_cat-invierno","9":"product_cat-moda","10":"product_cat-prepartido","11":"product_cat-tecnico","12":"desktop-align-center","13":"tablet-align-center","14":"mobile-align-center","15":"ast-product-gallery-layout-horizontal-slider","16":"ast-product-gallery-with-no-image","17":"ast-product-single-variable","18":"ast-product-tabs-layout-vertical","20":"first","21":"instock","22":"taxable","23":"shipping-taxable","24":"purchasable","25":"product-type-variable","26":"has-default-attributes"},"exclude_global_add_ons":[],"addons":[],"_links":{"self":[{"href":"https:\/\/www.realmurcia.es\/tiendaonline\/wp-json\/wp\/v2\/product\/11007","targetHints":{"allow":["GET"]}}],"collection":[{"href":"https:\/\/www.realmurcia.es\/tiendaonline\/wp-json\/wp\/v2\/product"}],"about":[{"href":"https:\/\/www.realmurcia.es\/tiendaonline\/wp-json\/wp\/v2\/types\/product"}],"wp:featuredmedia":[{"embeddable":true,"href":"https:\/\/www.realmurcia.es\/tiendaonline\/wp-json\/wp\/v2\/media\/11153"}],"wp:attachment":[{"href":"https:\/\/www.realmurcia.es\/tiendaonline\/wp-json\/wp\/v2\/media?parent=11007"}],"wp:term":[{"taxonomy":"product_brand","embeddable":true,"href":"https:\/\/www.realmurcia.es\/tiendaonline\/wp-json\/wp\/v2\/product_brand?post=11007"},{"taxonomy":"product_cat","embeddable":true,"href":"https:\/\/www.realmurcia.es\/tiendaonline\/wp-json\/wp\/v2\/product_cat?post=11007"},{"taxonomy":"product_tag","embeddable":true,"href":"https:\/\/www.realmurcia.es\/tiendaonline\/wp-json\/wp\/v2\/product_tag?post=11007"}],"curies":[{"name":"wp","href":"https:\/\/api.w.org\/{rel}","templated":true}]}}