{"id":11042,"date":"2025-10-20T13:26:44","date_gmt":"2025-10-20T11:26:44","guid":{"rendered":"https:\/\/www.realmurcia.es\/tiendaonline\/?post_type=product&#038;p=11042"},"modified":"2026-04-21T10:25:06","modified_gmt":"2026-04-21T08:25:06","slug":"camiseta-portero-2a-adulto","status":"publish","type":"product","link":"https:\/\/www.realmurcia.es\/tiendaonline\/producto\/camiseta-portero-2a-adulto\/","title":{"rendered":"CAMISETA PORTERO 2\u00aa ADULTO"},"content":{"rendered":"<p>Camiseta de manga corta destinada a competici\u00f3n. Modelo de hombre para f\u00fatbol. Esta camiseta ecol\u00f3gica se ha elaborado en un proceso respetuoso con el medioambiente.<\/p>\n<p>Incorpora cuello redondo en rib y el mismo ajuste en los pu\u00f1os.<\/p>\n<p>Est\u00e1 confeccionada 100% con poli\u00e9ster reciclado, elaborado en un proceso de producci\u00f3n ecol\u00f3gico libre de emisiones de gases contaminantes a la atm\u00f3sfera. As\u00ed, Joma contribuye con el cuidado del medioambiente y ayuda a frenar el calentamiento global. Este tejido destaca adem\u00e1s por su calidad y alta durabilidad, y se le ha dado un toque elegante con un acabado en Jacquard. En las axilas y los costados, lleva la tecnolog\u00eda MICRO-MESH SYSTEM transpirable, que contribuye a la correcta evacuaci\u00f3n del sudor. As\u00ed, la temperatura corporal permanecer\u00e1 constante incluso en los momentos de mayor rendimiento.<\/p>\n<h3>Caracter\u00edsticas<\/h3>\n<ul class=\"double-column\">\n<li>Manga corta<\/li>\n<li>Pu\u00f1os en rib<\/li>\n<li>Cuello redondo en rib<\/li>\n<li>Tejido ligero y transpirable<\/li>\n<li>Incluye tecnolog\u00eda Micro-Mesh en las zonas de mayor sudoraci\u00f3n<\/li>\n<li>Sin costuras en los costados<\/li>\n<li>Confeccionado en poli\u00e9ster reciclado<\/li>\n<li>Tipo de ajuste: ligeramente ajustado<\/li>\n<li>Tejido principal 100% Poli\u00e9ster reciclado \/ Tejido contraste 100% Poli\u00e9ster<\/li>\n<\/ul>\n","protected":false},"excerpt":{"rendered":"<p>Camiseta de manga corta destinada a competici\u00f3n. Modelo de hombre para f\u00fatbol. Esta camiseta ecol\u00f3gica se ha elaborado en un proceso respetuoso con el medioambiente. Incorpora cuello redondo en rib y el mismo ajuste en los pu\u00f1os. Est\u00e1 confeccionada 100% con poli\u00e9ster reciclado, elaborado en un proceso de producci\u00f3n ecol\u00f3gico libre de emisiones de gases [&hellip;]<\/p>\n","protected":false},"featured_media":11227,"template":"","meta":{"_mo_disable_npp":"","site-sidebar-layout":"default","site-content-layout":"","ast-site-content-layout":"default","site-content-style":"default","site-sidebar-style":"default","ast-global-header-display":"","ast-banner-title-visibility":"","ast-main-header-display":"","ast-hfb-above-header-display":"","ast-hfb-below-header-display":"","ast-hfb-mobile-header-display":"","site-post-title":"","ast-breadcrumbs-content":"","ast-featured-img":"","footer-sml-layout":"","ast-disable-related-posts":"","theme-transparent-header-meta":"default","adv-header-id-meta":"","stick-header-meta":"default","header-above-stick-meta":"","header-main-stick-meta":"","header-below-stick-meta":"","astra-migrate-meta-layouts":"set","ast-page-background-enabled":"default","ast-page-background-meta":{"desktop":{"background-color":"var(--ast-global-color-4)","background-image":"","background-repeat":"repeat","background-position":"center center","background-size":"auto","background-attachment":"scroll","background-type":"","background-media":"","overlay-type":"","overlay-color":"","overlay-opacity":"","overlay-gradient":""},"tablet":{"background-color":"","background-image":"","background-repeat":"repeat","background-position":"center center","background-size":"auto","background-attachment":"scroll","background-type":"","background-media":"","overlay-type":"","overlay-color":"","overlay-opacity":"","overlay-gradient":""},"mobile":{"background-color":"","background-image":"","background-repeat":"repeat","background-position":"center center","background-size":"auto","background-attachment":"scroll","background-type":"","background-media":"","overlay-type":"","overlay-color":"","overlay-opacity":"","overlay-gradient":""}},"ast-content-background-meta":{"desktop":{"background-color":"var(--ast-global-color-5)","background-image":"","background-repeat":"repeat","background-position":"center center","background-size":"auto","background-attachment":"scroll","background-type":"","background-media":"","overlay-type":"","overlay-color":"","overlay-opacity":"","overlay-gradient":""},"tablet":{"background-color":"var(--ast-global-color-5)","background-image":"","background-repeat":"repeat","background-position":"center center","background-size":"auto","background-attachment":"scroll","background-type":"","background-media":"","overlay-type":"","overlay-color":"","overlay-opacity":"","overlay-gradient":""},"mobile":{"background-color":"var(--ast-global-color-5)","background-image":"","background-repeat":"repeat","background-position":"center center","background-size":"auto","background-attachment":"scroll","background-type":"","background-media":"","overlay-type":"","overlay-color":"","overlay-opacity":"","overlay-gradient":""}},"_joinchat":[]},"product_brand":[],"product_cat":[30],"product_tag":[],"class_list":{"0":"post-11042","1":"product","2":"type-product","3":"status-publish","4":"has-post-thumbnail","6":"product_cat-cantera","7":"desktop-align-center","8":"tablet-align-center","9":"mobile-align-center","10":"ast-product-gallery-layout-horizontal-slider","11":"ast-product-gallery-with-no-image","12":"ast-product-single-variable","13":"ast-product-tabs-layout-vertical","15":"first","16":"instock","17":"taxable","18":"shipping-taxable","19":"purchasable","20":"product-type-variable","21":"has-default-attributes"},"exclude_global_add_ons":[],"addons":[],"_links":{"self":[{"href":"https:\/\/www.realmurcia.es\/tiendaonline\/wp-json\/wp\/v2\/product\/11042","targetHints":{"allow":["GET"]}}],"collection":[{"href":"https:\/\/www.realmurcia.es\/tiendaonline\/wp-json\/wp\/v2\/product"}],"about":[{"href":"https:\/\/www.realmurcia.es\/tiendaonline\/wp-json\/wp\/v2\/types\/product"}],"wp:featuredmedia":[{"embeddable":true,"href":"https:\/\/www.realmurcia.es\/tiendaonline\/wp-json\/wp\/v2\/media\/11227"}],"wp:attachment":[{"href":"https:\/\/www.realmurcia.es\/tiendaonline\/wp-json\/wp\/v2\/media?parent=11042"}],"wp:term":[{"taxonomy":"product_brand","embeddable":true,"href":"https:\/\/www.realmurcia.es\/tiendaonline\/wp-json\/wp\/v2\/product_brand?post=11042"},{"taxonomy":"product_cat","embeddable":true,"href":"https:\/\/www.realmurcia.es\/tiendaonline\/wp-json\/wp\/v2\/product_cat?post=11042"},{"taxonomy":"product_tag","embeddable":true,"href":"https:\/\/www.realmurcia.es\/tiendaonline\/wp-json\/wp\/v2\/product_tag?post=11042"}],"curies":[{"name":"wp","href":"https:\/\/api.w.org\/{rel}","templated":true}]}}