{"id":11105,"date":"2025-10-20T13:27:16","date_gmt":"2025-10-20T11:27:16","guid":{"rendered":"https:\/\/www.realmurcia.es\/tiendaonline\/?post_type=product&#038;p=11105"},"modified":"2026-04-22T10:06:08","modified_gmt":"2026-04-22T08:06:08","slug":"camiseta-prepartido-rojo-nino","status":"publish","type":"product","link":"https:\/\/www.realmurcia.es\/tiendaonline\/producto\/camiseta-prepartido-rojo-nino\/","title":{"rendered":"CAMISETA PREPARTIDO ROJO NI\u00d1O"},"content":{"rendered":"<p>Camiseta de manga corta para hombre, ideal para los amantes del deporte, dise\u00f1ada para adaptarse a diversas actividades como baloncesto, f\u00fatbol, balonmano y m\u00e1s.<\/p>\n<p>Confeccionada en 100% poli\u00e9ster interlock, ofrece una gran durabilidad y resistencia, asegurando que la camiseta se mantenga en excelentes condiciones incluso despu\u00e9s de un uso intensivo.<\/p>\n<p>Incorpora un cover tape el\u00e1stico que proporciona un ajuste c\u00f3modo y seguro, evitando cualquier tipo de roce o irritaci\u00f3n durante el movimiento. El dise\u00f1o sublimado en la zona de las mangas a\u00f1ade un toque moderno y atractivo, lo que hace que esta camiseta no solo sea funcional, sino tambi\u00e9n estilosa.<\/p>\n<p>Gracias a su tejido transpirable, la camiseta ofrece una gran durabilidad y resistencia, adem\u00e1s de una adecuada circulaci\u00f3n del aire, manteniendo el cuerpo fresco y seco incluso en las sesiones de entrenamiento m\u00e1s intensas. Esta prenda es perfecta para aquellos deportistas que buscan comodidad, estilo y rendimiento en cada una de sus actividades deportivas.<\/p>\n<h3>Caracter\u00edsticas<\/h3>\n<ul class=\"double-column\">\n<li>Manga corta<\/li>\n<li>Cuello redondo<\/li>\n<li>Tejido ligero, transpirable y resistente<\/li>\n<li>Dise\u00f1o sublimado<\/li>\n<li>Tipo de ajuste: est\u00e1ndar<\/li>\n<li>100% Poli\u00e9ster<\/li>\n<\/ul>\n","protected":false},"excerpt":{"rendered":"<p>Camiseta de manga corta para hombre, ideal para los amantes del deporte, dise\u00f1ada para adaptarse a diversas actividades como baloncesto, f\u00fatbol, balonmano y m\u00e1s. Confeccionada en 100% poli\u00e9ster interlock, ofrece una gran durabilidad y resistencia, asegurando que la camiseta se mantenga en excelentes condiciones incluso despu\u00e9s de un uso intensivo. Incorpora un cover tape el\u00e1stico [&hellip;]<\/p>\n","protected":false},"featured_media":11165,"template":"","meta":{"_mo_disable_npp":"","site-sidebar-layout":"default","site-content-layout":"","ast-site-content-layout":"default","site-content-style":"default","site-sidebar-style":"default","ast-global-header-display":"","ast-banner-title-visibility":"","ast-main-header-display":"","ast-hfb-above-header-display":"","ast-hfb-below-header-display":"","ast-hfb-mobile-header-display":"","site-post-title":"","ast-breadcrumbs-content":"","ast-featured-img":"","footer-sml-layout":"","ast-disable-related-posts":"","theme-transparent-header-meta":"default","adv-header-id-meta":"","stick-header-meta":"default","header-above-stick-meta":"","header-main-stick-meta":"","header-below-stick-meta":"","astra-migrate-meta-layouts":"set","ast-page-background-enabled":"default","ast-page-background-meta":{"desktop":{"background-color":"var(--ast-global-color-4)","background-image":"","background-repeat":"repeat","background-position":"center center","background-size":"auto","background-attachment":"scroll","background-type":"","background-media":"","overlay-type":"","overlay-color":"","overlay-opacity":"","overlay-gradient":""},"tablet":{"background-color":"","background-image":"","background-repeat":"repeat","background-position":"center center","background-size":"auto","background-attachment":"scroll","background-type":"","background-media":"","overlay-type":"","overlay-color":"","overlay-opacity":"","overlay-gradient":""},"mobile":{"background-color":"","background-image":"","background-repeat":"repeat","background-position":"center center","background-size":"auto","background-attachment":"scroll","background-type":"","background-media":"","overlay-type":"","overlay-color":"","overlay-opacity":"","overlay-gradient":""}},"ast-content-background-meta":{"desktop":{"background-color":"var(--ast-global-color-5)","background-image":"","background-repeat":"repeat","background-position":"center center","background-size":"auto","background-attachment":"scroll","background-type":"","background-media":"","overlay-type":"","overlay-color":"","overlay-opacity":"","overlay-gradient":""},"tablet":{"background-color":"var(--ast-global-color-5)","background-image":"","background-repeat":"repeat","background-position":"center center","background-size":"auto","background-attachment":"scroll","background-type":"","background-media":"","overlay-type":"","overlay-color":"","overlay-opacity":"","overlay-gradient":""},"mobile":{"background-color":"var(--ast-global-color-5)","background-image":"","background-repeat":"repeat","background-position":"center center","background-size":"auto","background-attachment":"scroll","background-type":"","background-media":"","overlay-type":"","overlay-color":"","overlay-opacity":"","overlay-gradient":""}},"_joinchat":[]},"product_brand":[],"product_cat":[192,200,191,152,151,195],"product_tag":[],"class_list":{"0":"post-11105","1":"product","2":"type-product","3":"status-publish","4":"has-post-thumbnail","6":"product_cat-camisetas","7":"product_cat-camisetas-y-polos","8":"product_cat-entrenamiento","9":"product_cat-entreno","10":"product_cat-moda","11":"product_cat-prepartido","12":"desktop-align-center","13":"tablet-align-center","14":"mobile-align-center","15":"ast-product-gallery-layout-horizontal-slider","16":"ast-product-gallery-with-no-image","17":"ast-product-single-variable","18":"ast-product-tabs-layout-vertical","20":"first","21":"instock","22":"taxable","23":"shipping-taxable","24":"purchasable","25":"product-type-variable","26":"has-default-attributes"},"exclude_global_add_ons":[],"addons":[],"_links":{"self":[{"href":"https:\/\/www.realmurcia.es\/tiendaonline\/wp-json\/wp\/v2\/product\/11105","targetHints":{"allow":["GET"]}}],"collection":[{"href":"https:\/\/www.realmurcia.es\/tiendaonline\/wp-json\/wp\/v2\/product"}],"about":[{"href":"https:\/\/www.realmurcia.es\/tiendaonline\/wp-json\/wp\/v2\/types\/product"}],"wp:featuredmedia":[{"embeddable":true,"href":"https:\/\/www.realmurcia.es\/tiendaonline\/wp-json\/wp\/v2\/media\/11165"}],"wp:attachment":[{"href":"https:\/\/www.realmurcia.es\/tiendaonline\/wp-json\/wp\/v2\/media?parent=11105"}],"wp:term":[{"taxonomy":"product_brand","embeddable":true,"href":"https:\/\/www.realmurcia.es\/tiendaonline\/wp-json\/wp\/v2\/product_brand?post=11105"},{"taxonomy":"product_cat","embeddable":true,"href":"https:\/\/www.realmurcia.es\/tiendaonline\/wp-json\/wp\/v2\/product_cat?post=11105"},{"taxonomy":"product_tag","embeddable":true,"href":"https:\/\/www.realmurcia.es\/tiendaonline\/wp-json\/wp\/v2\/product_tag?post=11105"}],"curies":[{"name":"wp","href":"https:\/\/api.w.org\/{rel}","templated":true}]}}