{"id":11112,"date":"2025-10-20T13:27:19","date_gmt":"2025-10-20T11:27:19","guid":{"rendered":"https:\/\/www.realmurcia.es\/tiendaonline\/?post_type=product&#038;p=11112"},"modified":"2026-04-06T10:06:54","modified_gmt":"2026-04-06T08:06:54","slug":"espinilleras","status":"publish","type":"product","link":"https:\/\/www.realmurcia.es\/tiendaonline\/producto\/espinilleras\/","title":{"rendered":"ESPINILLERAS"},"content":{"rendered":"<p>Espinilleras indicadas para el uso en f\u00fatbol. Protegen la zona tibial de los impactos gracias al interior de 100% EVA FOAM de 8 mm. Este material ligero absorbe los impactos producidos en esa parte, donde apenas existe cobertura muscular. El sistema de amortiguaci\u00f3n est\u00e1 perforado para mejorar la ventilaci\u00f3n.<\/p>\n<p>El armaz\u00f3n r\u00edgido refuerza la protecci\u00f3n en el juego defensivo. Est\u00e1 elaborado con material de alta ingenier\u00eda, sobre el que ha a\u00f1adido un nuevo dise\u00f1o personalizado en print con el logotipo de Joma.<\/p>\n<p>Su forma asim\u00e9trica se adapta a la perfecci\u00f3n a la parte inferior de la pierna y se sujetan mediante cintas el\u00e1sticas y adherentes, que mantienen las espinilleras en su sitio en todo momento. Adem\u00e1s, permiten que el futbolista pueda jugar con total libertad de movimiento.<\/p>\n<h3>Caracter\u00edsticas<\/h3>\n<ul class=\"double-column\">\n<li>Material resistente<\/li>\n<li>Sujeci\u00f3n de correa el\u00e1stica con cierre adherente<\/li>\n<li>Refuerzo de EVA<\/li>\n<li>Placa protectora r\u00edgida<\/li>\n<li>Ergon\u00f3mica<\/li>\n<li>Alto nivel de protecci\u00f3n<\/li>\n<li>Exterior 100% ABS de alta ingenier\u00eda \/ interior 100% EVA<\/li>\n<\/ul>\n","protected":false},"excerpt":{"rendered":"<p>Espinilleras indicadas para el uso en f\u00fatbol. Protegen la zona tibial de los impactos gracias al interior de 100% EVA FOAM de 8 mm. Este material ligero absorbe los impactos producidos en esa parte, donde apenas existe cobertura muscular. El sistema de amortiguaci\u00f3n est\u00e1 perforado para mejorar la ventilaci\u00f3n. El armaz\u00f3n r\u00edgido refuerza la protecci\u00f3n [&hellip;]<\/p>\n","protected":false},"featured_media":11162,"template":"","meta":{"_mo_disable_npp":"","site-sidebar-layout":"default","site-content-layout":"","ast-site-content-layout":"default","site-content-style":"default","site-sidebar-style":"default","ast-global-header-display":"","ast-banner-title-visibility":"","ast-main-header-display":"","ast-hfb-above-header-display":"","ast-hfb-below-header-display":"","ast-hfb-mobile-header-display":"","site-post-title":"","ast-breadcrumbs-content":"","ast-featured-img":"","footer-sml-layout":"","ast-disable-related-posts":"","theme-transparent-header-meta":"default","adv-header-id-meta":"","stick-header-meta":"default","header-above-stick-meta":"","header-main-stick-meta":"","header-below-stick-meta":"","astra-migrate-meta-layouts":"set","ast-page-background-enabled":"default","ast-page-background-meta":{"desktop":{"background-color":"var(--ast-global-color-4)","background-image":"","background-repeat":"repeat","background-position":"center center","background-size":"auto","background-attachment":"scroll","background-type":"","background-media":"","overlay-type":"","overlay-color":"","overlay-opacity":"","overlay-gradient":""},"tablet":{"background-color":"","background-image":"","background-repeat":"repeat","background-position":"center center","background-size":"auto","background-attachment":"scroll","background-type":"","background-media":"","overlay-type":"","overlay-color":"","overlay-opacity":"","overlay-gradient":""},"mobile":{"background-color":"","background-image":"","background-repeat":"repeat","background-position":"center center","background-size":"auto","background-attachment":"scroll","background-type":"","background-media":"","overlay-type":"","overlay-color":"","overlay-opacity":"","overlay-gradient":""}},"ast-content-background-meta":{"desktop":{"background-color":"var(--ast-global-color-5)","background-image":"","background-repeat":"repeat","background-position":"center center","background-size":"auto","background-attachment":"scroll","background-type":"","background-media":"","overlay-type":"","overlay-color":"","overlay-opacity":"","overlay-gradient":""},"tablet":{"background-color":"var(--ast-global-color-5)","background-image":"","background-repeat":"repeat","background-position":"center center","background-size":"auto","background-attachment":"scroll","background-type":"","background-media":"","overlay-type":"","overlay-color":"","overlay-opacity":"","overlay-gradient":""},"mobile":{"background-color":"var(--ast-global-color-5)","background-image":"","background-repeat":"repeat","background-position":"center center","background-size":"auto","background-attachment":"scroll","background-type":"","background-media":"","overlay-type":"","overlay-color":"","overlay-opacity":"","overlay-gradient":""}},"_joinchat":[]},"product_brand":[],"product_cat":[198,191],"product_tag":[],"class_list":{"0":"post-11112","1":"product","2":"type-product","3":"status-publish","4":"has-post-thumbnail","6":"product_cat-accesorios-entrenamiento","7":"product_cat-entrenamiento","8":"desktop-align-center","9":"tablet-align-center","10":"mobile-align-center","11":"ast-product-gallery-layout-horizontal-slider","12":"ast-product-gallery-with-no-image","13":"ast-product-single-variable","14":"ast-product-tabs-layout-vertical","16":"first","17":"instock","18":"taxable","19":"shipping-taxable","20":"purchasable","21":"product-type-variable","22":"has-default-attributes"},"exclude_global_add_ons":[],"addons":[],"_links":{"self":[{"href":"https:\/\/www.realmurcia.es\/tiendaonline\/wp-json\/wp\/v2\/product\/11112","targetHints":{"allow":["GET"]}}],"collection":[{"href":"https:\/\/www.realmurcia.es\/tiendaonline\/wp-json\/wp\/v2\/product"}],"about":[{"href":"https:\/\/www.realmurcia.es\/tiendaonline\/wp-json\/wp\/v2\/types\/product"}],"wp:featuredmedia":[{"embeddable":true,"href":"https:\/\/www.realmurcia.es\/tiendaonline\/wp-json\/wp\/v2\/media\/11162"}],"wp:attachment":[{"href":"https:\/\/www.realmurcia.es\/tiendaonline\/wp-json\/wp\/v2\/media?parent=11112"}],"wp:term":[{"taxonomy":"product_brand","embeddable":true,"href":"https:\/\/www.realmurcia.es\/tiendaonline\/wp-json\/wp\/v2\/product_brand?post=11112"},{"taxonomy":"product_cat","embeddable":true,"href":"https:\/\/www.realmurcia.es\/tiendaonline\/wp-json\/wp\/v2\/product_cat?post=11112"},{"taxonomy":"product_tag","embeddable":true,"href":"https:\/\/www.realmurcia.es\/tiendaonline\/wp-json\/wp\/v2\/product_tag?post=11112"}],"curies":[{"name":"wp","href":"https:\/\/api.w.org\/{rel}","templated":true}]}}