{"id":11131,"date":"2025-10-20T13:27:34","date_gmt":"2025-10-20T11:27:34","guid":{"rendered":"https:\/\/www.realmurcia.es\/tiendaonline\/?post_type=product&#038;p=11131"},"modified":"2026-04-27T01:06:15","modified_gmt":"2026-04-26T23:06:15","slug":"pantalon-paseo-adulto","status":"publish","type":"product","link":"https:\/\/www.realmurcia.es\/tiendaonline\/producto\/pantalon-paseo-adulto\/","title":{"rendered":"PANTAL\u00d3N PASEO ADULTO"},"content":{"rendered":"<p>Pantal\u00f3n largo de ch\u00e1ndal para hombre dise\u00f1ado pensando en la comodidad y el rendimiento durante todo tipo de actividades, desde entrenamientos deportivos hasta el uso diario.<\/p>\n<p>Con un sistema de doble ajuste, que incluye una cinturilla el\u00e1stica y cordones interiores, permite un ajuste personalizado que se adapta perfectamente a tu cuerpo. Adem\u00e1s, sus pr\u00e1cticos bolsillos con cremallera te ofrecen un lugar seguro para guardar tus objetos esenciales, como las llaves o el tel\u00e9fono.<\/p>\n<p>Su tejido de calidad junto con su componente de fleece proporciona una excelente combinaci\u00f3n de calidez, suavidad y resistencia. Es perfecto para mantener el confort en todo momento, ofreciendo aislamiento t\u00e9rmico sin sacrificar la transpirabilidad.<\/p>\n<h3>Caracter\u00edsticas<\/h3>\n<ul class=\"double-column\">\n<li>Cintura el\u00e1stica con cord\u00f3n interior<\/li>\n<li>Bolsillos laterales con cremallera<\/li>\n<li>Tejido suave y confortable con fleece en el interior<\/li>\n<li>Tipo de ajuste: est\u00e1ndar<\/li>\n<li>100% Poli\u00e9ster<\/li>\n<\/ul>\n","protected":false},"excerpt":{"rendered":"<p>Pantal\u00f3n largo de ch\u00e1ndal para hombre dise\u00f1ado pensando en la comodidad y el rendimiento durante todo tipo de actividades, desde entrenamientos deportivos hasta el uso diario. Con un sistema de doble ajuste, que incluye una cinturilla el\u00e1stica y cordones interiores, permite un ajuste personalizado que se adapta perfectamente a tu cuerpo. Adem\u00e1s, sus pr\u00e1cticos bolsillos [&hellip;]<\/p>\n","protected":false},"featured_media":11151,"template":"","meta":{"_mo_disable_npp":"","site-sidebar-layout":"default","site-content-layout":"","ast-site-content-layout":"default","site-content-style":"default","site-sidebar-style":"default","ast-global-header-display":"","ast-banner-title-visibility":"","ast-main-header-display":"","ast-hfb-above-header-display":"","ast-hfb-below-header-display":"","ast-hfb-mobile-header-display":"","site-post-title":"","ast-breadcrumbs-content":"","ast-featured-img":"","footer-sml-layout":"","ast-disable-related-posts":"","theme-transparent-header-meta":"default","adv-header-id-meta":"","stick-header-meta":"default","header-above-stick-meta":"","header-main-stick-meta":"","header-below-stick-meta":"","astra-migrate-meta-layouts":"set","ast-page-background-enabled":"default","ast-page-background-meta":{"desktop":{"background-color":"var(--ast-global-color-4)","background-image":"","background-repeat":"repeat","background-position":"center center","background-size":"auto","background-attachment":"scroll","background-type":"","background-media":"","overlay-type":"","overlay-color":"","overlay-opacity":"","overlay-gradient":""},"tablet":{"background-color":"","background-image":"","background-repeat":"repeat","background-position":"center center","background-size":"auto","background-attachment":"scroll","background-type":"","background-media":"","overlay-type":"","overlay-color":"","overlay-opacity":"","overlay-gradient":""},"mobile":{"background-color":"","background-image":"","background-repeat":"repeat","background-position":"center center","background-size":"auto","background-attachment":"scroll","background-type":"","background-media":"","overlay-type":"","overlay-color":"","overlay-opacity":"","overlay-gradient":""}},"ast-content-background-meta":{"desktop":{"background-color":"var(--ast-global-color-5)","background-image":"","background-repeat":"repeat","background-position":"center center","background-size":"auto","background-attachment":"scroll","background-type":"","background-media":"","overlay-type":"","overlay-color":"","overlay-opacity":"","overlay-gradient":""},"tablet":{"background-color":"var(--ast-global-color-5)","background-image":"","background-repeat":"repeat","background-position":"center center","background-size":"auto","background-attachment":"scroll","background-type":"","background-media":"","overlay-type":"","overlay-color":"","overlay-opacity":"","overlay-gradient":""},"mobile":{"background-color":"var(--ast-global-color-5)","background-image":"","background-repeat":"repeat","background-position":"center center","background-size":"auto","background-attachment":"scroll","background-type":"","background-media":"","overlay-type":"","overlay-color":"","overlay-opacity":"","overlay-gradient":""}},"_joinchat":[]},"product_brand":[],"product_cat":[191,196,151,156],"product_tag":[],"class_list":{"0":"post-11131","1":"product","2":"type-product","3":"status-publish","4":"has-post-thumbnail","6":"product_cat-entrenamiento","7":"product_cat-invierno","8":"product_cat-moda","9":"product_cat-paseo","10":"desktop-align-center","11":"tablet-align-center","12":"mobile-align-center","13":"ast-product-gallery-layout-horizontal-slider","14":"ast-product-gallery-with-no-image","15":"ast-product-single-variable","16":"ast-product-tabs-layout-vertical","18":"first","19":"instock","20":"taxable","21":"shipping-taxable","22":"purchasable","23":"product-type-variable","24":"has-default-attributes"},"exclude_global_add_ons":[],"addons":[],"_links":{"self":[{"href":"https:\/\/www.realmurcia.es\/tiendaonline\/wp-json\/wp\/v2\/product\/11131","targetHints":{"allow":["GET"]}}],"collection":[{"href":"https:\/\/www.realmurcia.es\/tiendaonline\/wp-json\/wp\/v2\/product"}],"about":[{"href":"https:\/\/www.realmurcia.es\/tiendaonline\/wp-json\/wp\/v2\/types\/product"}],"wp:featuredmedia":[{"embeddable":true,"href":"https:\/\/www.realmurcia.es\/tiendaonline\/wp-json\/wp\/v2\/media\/11151"}],"wp:attachment":[{"href":"https:\/\/www.realmurcia.es\/tiendaonline\/wp-json\/wp\/v2\/media?parent=11131"}],"wp:term":[{"taxonomy":"product_brand","embeddable":true,"href":"https:\/\/www.realmurcia.es\/tiendaonline\/wp-json\/wp\/v2\/product_brand?post=11131"},{"taxonomy":"product_cat","embeddable":true,"href":"https:\/\/www.realmurcia.es\/tiendaonline\/wp-json\/wp\/v2\/product_cat?post=11131"},{"taxonomy":"product_tag","embeddable":true,"href":"https:\/\/www.realmurcia.es\/tiendaonline\/wp-json\/wp\/v2\/product_tag?post=11131"}],"curies":[{"name":"wp","href":"https:\/\/api.w.org\/{rel}","templated":true}]}}