{"id":11189,"date":"2025-10-21T10:55:36","date_gmt":"2025-10-21T08:55:36","guid":{"rendered":"https:\/\/www.realmurcia.es\/tiendaonline\/?post_type=product&#038;p=11189"},"modified":"2026-04-29T00:29:04","modified_gmt":"2026-04-28T22:29:04","slug":"termo-negro-rmu","status":"publish","type":"product","link":"https:\/\/www.realmurcia.es\/tiendaonline\/producto\/termo-negro-rmu\/","title":{"rendered":"TERMO NEGRO RMU"},"content":{"rendered":"<p data-start=\"243\" data-end=\"495\">Termo del\u00a0<strong data-start=\"253\" data-end=\"271\">Real Murcia CF<\/strong>\u00a0dise\u00f1ado para mantener tus bebidas fr\u00edas o calientes durante horas. Su dise\u00f1o moderno, con el\u00a0<strong data-start=\"399\" data-end=\"428\">escudo del Real Murcia CF<\/strong>\u00a0en el frontal, combina estilo y funcionalidad en una sola pieza.<\/p>\n<p data-start=\"497\" data-end=\"726\">Fabricado en\u00a0<strong data-start=\"510\" data-end=\"546\">acero inoxidable de alta calidad<\/strong>, cuenta con\u00a0<strong data-start=\"559\" data-end=\"577\">tapa herm\u00e9tica<\/strong>\u00a0y\u00a0<strong data-start=\"580\" data-end=\"603\">base antideslizante<\/strong>\u00a0que garantizan comodidad y seguridad en cada uso. Ideal para el trabajo, los viajes o acompa\u00f1arte en los entrenamientos.<\/p>\n","protected":false},"excerpt":{"rendered":"<p>Termo del\u00a0Real Murcia CF\u00a0dise\u00f1ado para mantener tus bebidas fr\u00edas o calientes durante horas. Su dise\u00f1o moderno, con el\u00a0escudo del Real Murcia CF\u00a0en el frontal, combina estilo y funcionalidad en una sola pieza. Fabricado en\u00a0acero inoxidable de alta calidad, cuenta con\u00a0tapa herm\u00e9tica\u00a0y\u00a0base antideslizante\u00a0que garantizan comodidad y seguridad en cada uso. Ideal para el trabajo, los viajes [&hellip;]<\/p>\n","protected":false},"featured_media":10852,"template":"","meta":{"_mo_disable_npp":"","site-sidebar-layout":"default","site-content-layout":"","ast-site-content-layout":"default","site-content-style":"default","site-sidebar-style":"default","ast-global-header-display":"","ast-banner-title-visibility":"","ast-main-header-display":"","ast-hfb-above-header-display":"","ast-hfb-below-header-display":"","ast-hfb-mobile-header-display":"","site-post-title":"","ast-breadcrumbs-content":"","ast-featured-img":"","footer-sml-layout":"","ast-disable-related-posts":"","theme-transparent-header-meta":"default","adv-header-id-meta":"","stick-header-meta":"default","header-above-stick-meta":"","header-main-stick-meta":"","header-below-stick-meta":"","astra-migrate-meta-layouts":"set","ast-page-background-enabled":"default","ast-page-background-meta":{"desktop":{"background-color":"var(--ast-global-color-4)","background-image":"","background-repeat":"repeat","background-position":"center center","background-size":"auto","background-attachment":"scroll","background-type":"","background-media":"","overlay-type":"","overlay-color":"","overlay-opacity":"","overlay-gradient":""},"tablet":{"background-color":"","background-image":"","background-repeat":"repeat","background-position":"center center","background-size":"auto","background-attachment":"scroll","background-type":"","background-media":"","overlay-type":"","overlay-color":"","overlay-opacity":"","overlay-gradient":""},"mobile":{"background-color":"","background-image":"","background-repeat":"repeat","background-position":"center center","background-size":"auto","background-attachment":"scroll","background-type":"","background-media":"","overlay-type":"","overlay-color":"","overlay-opacity":"","overlay-gradient":""}},"ast-content-background-meta":{"desktop":{"background-color":"var(--ast-global-color-5)","background-image":"","background-repeat":"repeat","background-position":"center center","background-size":"auto","background-attachment":"scroll","background-type":"","background-media":"","overlay-type":"","overlay-color":"","overlay-opacity":"","overlay-gradient":""},"tablet":{"background-color":"var(--ast-global-color-5)","background-image":"","background-repeat":"repeat","background-position":"center center","background-size":"auto","background-attachment":"scroll","background-type":"","background-media":"","overlay-type":"","overlay-color":"","overlay-opacity":"","overlay-gradient":""},"mobile":{"background-color":"var(--ast-global-color-5)","background-image":"","background-repeat":"repeat","background-position":"center center","background-size":"auto","background-attachment":"scroll","background-type":"","background-media":"","overlay-type":"","overlay-color":"","overlay-opacity":"","overlay-gradient":""}},"_joinchat":[]},"product_brand":[],"product_cat":[182,215,39,213,31,220],"product_tag":[],"class_list":{"0":"post-11189","1":"product","2":"type-product","3":"status-publish","4":"has-post-thumbnail","6":"product_cat-accesorios","7":"product_cat-botellas-y-tazas","8":"product_cat-hogar-y-oficina-2","9":"product_cat-oficina-y-papeleria","10":"product_cat-regalos-y-accesorios","11":"product_cat-verano-accesorios","12":"desktop-align-center","13":"tablet-align-center","14":"mobile-align-center","15":"ast-product-gallery-layout-horizontal-slider","16":"ast-product-single-variable","17":"ast-product-tabs-layout-vertical","19":"first","20":"instock","21":"taxable","22":"shipping-taxable","23":"purchasable","24":"product-type-variable","25":"has-default-attributes"},"exclude_global_add_ons":[],"addons":[],"_links":{"self":[{"href":"https:\/\/www.realmurcia.es\/tiendaonline\/wp-json\/wp\/v2\/product\/11189","targetHints":{"allow":["GET"]}}],"collection":[{"href":"https:\/\/www.realmurcia.es\/tiendaonline\/wp-json\/wp\/v2\/product"}],"about":[{"href":"https:\/\/www.realmurcia.es\/tiendaonline\/wp-json\/wp\/v2\/types\/product"}],"wp:featuredmedia":[{"embeddable":true,"href":"https:\/\/www.realmurcia.es\/tiendaonline\/wp-json\/wp\/v2\/media\/10852"}],"wp:attachment":[{"href":"https:\/\/www.realmurcia.es\/tiendaonline\/wp-json\/wp\/v2\/media?parent=11189"}],"wp:term":[{"taxonomy":"product_brand","embeddable":true,"href":"https:\/\/www.realmurcia.es\/tiendaonline\/wp-json\/wp\/v2\/product_brand?post=11189"},{"taxonomy":"product_cat","embeddable":true,"href":"https:\/\/www.realmurcia.es\/tiendaonline\/wp-json\/wp\/v2\/product_cat?post=11189"},{"taxonomy":"product_tag","embeddable":true,"href":"https:\/\/www.realmurcia.es\/tiendaonline\/wp-json\/wp\/v2\/product_tag?post=11189"}],"curies":[{"name":"wp","href":"https:\/\/api.w.org\/{rel}","templated":true}]}}