{"id":11763,"date":"2025-11-24T10:26:19","date_gmt":"2025-11-24T09:26:19","guid":{"rendered":"https:\/\/www.realmurcia.es\/tiendaonline\/?post_type=product&#038;p=11763"},"modified":"2026-04-08T19:08:37","modified_gmt":"2026-04-08T17:08:37","slug":"zapatillas-joma-nino","status":"publish","type":"product","link":"https:\/\/www.realmurcia.es\/tiendaonline\/producto\/zapatillas-joma-nino\/","title":{"rendered":"ZAPATILLAS JOMA NI\u00d1O"},"content":{"rendered":"<p><strong>\u00a1EDICI\u00d3N LIMITADA!<\/strong><\/p>\n<p>S\u00f3lo disponible recogida en Estadio Enrique Roca de Murcia<\/p>\n<p>El Real Murcia y Joma presentan un nuevo producto exclusivo para los aficionados granas: las zapatillas personalizadas modelo Flexys ya est\u00e1n disponibles en la Tienda Oficial del club. Un dise\u00f1o \u00fanico, cargado de detalles que reflejan el sentimiento murcianista.<\/p>\n<p>Estas deportivas de paseo, elaboradas en colaboraci\u00f3n con Joma, combinan los colores blanco y grana y cuentan con una edici\u00f3n limitada de 1.000 unidades.<\/p>\n<p>Entre los elementos personalizados que las hacen especiales destacan:<\/p>\n<ul>\n<li>Escudo del Real Murcia en la leng\u00fceta.<br \/>\nLema \u2018\u00a1Adelante, vamos Real Murcia!\u2019 en la parte trasera de la leng\u00fceta.<br \/>\nEscudo sublimado en la suela.<br \/>\nLa palabra \u201cREAL\u201d en un tal\u00f3n y \u201cMURCIA\u201d en el otro.<\/li>\n<\/ul>\n<p>Un modelo exclusivo para lucir con orgullo grana en cada paso.<\/p>\n","protected":false},"excerpt":{"rendered":"<p>\u00a1EDICI\u00d3N LIMITADA! S\u00f3lo disponible recogida en Estadio Enrique Roca de Murcia El Real Murcia y Joma presentan un nuevo producto exclusivo para los aficionados granas: las zapatillas personalizadas modelo Flexys ya est\u00e1n disponibles en la Tienda Oficial del club. Un dise\u00f1o \u00fanico, cargado de detalles que reflejan el sentimiento murcianista. Estas deportivas de paseo, elaboradas [&hellip;]<\/p>\n","protected":false},"featured_media":10027,"template":"","meta":{"_mo_disable_npp":"","site-sidebar-layout":"default","site-content-layout":"","ast-site-content-layout":"default","site-content-style":"default","site-sidebar-style":"default","ast-global-header-display":"","ast-banner-title-visibility":"","ast-main-header-display":"","ast-hfb-above-header-display":"","ast-hfb-below-header-display":"","ast-hfb-mobile-header-display":"","site-post-title":"","ast-breadcrumbs-content":"","ast-featured-img":"","footer-sml-layout":"","ast-disable-related-posts":"","theme-transparent-header-meta":"default","adv-header-id-meta":"","stick-header-meta":"default","header-above-stick-meta":"","header-main-stick-meta":"","header-below-stick-meta":"","astra-migrate-meta-layouts":"set","ast-page-background-enabled":"default","ast-page-background-meta":{"desktop":{"background-color":"var(--ast-global-color-4)","background-image":"","background-repeat":"repeat","background-position":"center center","background-size":"auto","background-attachment":"scroll","background-type":"","background-media":"","overlay-type":"","overlay-color":"","overlay-opacity":"","overlay-gradient":""},"tablet":{"background-color":"","background-image":"","background-repeat":"repeat","background-position":"center center","background-size":"auto","background-attachment":"scroll","background-type":"","background-media":"","overlay-type":"","overlay-color":"","overlay-opacity":"","overlay-gradient":""},"mobile":{"background-color":"","background-image":"","background-repeat":"repeat","background-position":"center center","background-size":"auto","background-attachment":"scroll","background-type":"","background-media":"","overlay-type":"","overlay-color":"","overlay-opacity":"","overlay-gradient":""}},"ast-content-background-meta":{"desktop":{"background-color":"var(--ast-global-color-5)","background-image":"","background-repeat":"repeat","background-position":"center center","background-size":"auto","background-attachment":"scroll","background-type":"","background-media":"","overlay-type":"","overlay-color":"","overlay-opacity":"","overlay-gradient":""},"tablet":{"background-color":"var(--ast-global-color-5)","background-image":"","background-repeat":"repeat","background-position":"center center","background-size":"auto","background-attachment":"scroll","background-type":"","background-media":"","overlay-type":"","overlay-color":"","overlay-opacity":"","overlay-gradient":""},"mobile":{"background-color":"var(--ast-global-color-5)","background-image":"","background-repeat":"repeat","background-position":"center center","background-size":"auto","background-attachment":"scroll","background-type":"","background-media":"","overlay-type":"","overlay-color":"","overlay-opacity":"","overlay-gradient":""}},"_joinchat":[]},"product_brand":[],"product_cat":[151,156],"product_tag":[],"class_list":{"0":"post-11763","1":"product","2":"type-product","3":"status-publish","4":"has-post-thumbnail","6":"product_cat-moda","7":"product_cat-paseo","8":"desktop-align-center","9":"tablet-align-center","10":"mobile-align-center","11":"ast-product-gallery-layout-horizontal-slider","12":"ast-product-single-variable","13":"ast-product-tabs-layout-vertical","15":"first","16":"instock","17":"taxable","18":"shipping-taxable","19":"purchasable","20":"product-type-variable","21":"has-default-attributes"},"exclude_global_add_ons":[],"addons":[],"_links":{"self":[{"href":"https:\/\/www.realmurcia.es\/tiendaonline\/wp-json\/wp\/v2\/product\/11763","targetHints":{"allow":["GET"]}}],"collection":[{"href":"https:\/\/www.realmurcia.es\/tiendaonline\/wp-json\/wp\/v2\/product"}],"about":[{"href":"https:\/\/www.realmurcia.es\/tiendaonline\/wp-json\/wp\/v2\/types\/product"}],"wp:featuredmedia":[{"embeddable":true,"href":"https:\/\/www.realmurcia.es\/tiendaonline\/wp-json\/wp\/v2\/media\/10027"}],"wp:attachment":[{"href":"https:\/\/www.realmurcia.es\/tiendaonline\/wp-json\/wp\/v2\/media?parent=11763"}],"wp:term":[{"taxonomy":"product_brand","embeddable":true,"href":"https:\/\/www.realmurcia.es\/tiendaonline\/wp-json\/wp\/v2\/product_brand?post=11763"},{"taxonomy":"product_cat","embeddable":true,"href":"https:\/\/www.realmurcia.es\/tiendaonline\/wp-json\/wp\/v2\/product_cat?post=11763"},{"taxonomy":"product_tag","embeddable":true,"href":"https:\/\/www.realmurcia.es\/tiendaonline\/wp-json\/wp\/v2\/product_tag?post=11763"}],"curies":[{"name":"wp","href":"https:\/\/api.w.org\/{rel}","templated":true}]}}