{"id":5413,"date":"2023-12-18T10:04:49","date_gmt":"2023-12-18T09:04:49","guid":{"rendered":"https:\/\/www.realmurcia.es\/tiendaonline\/?post_type=product&#038;p=5413"},"modified":"2026-01-16T10:09:58","modified_gmt":"2026-01-16T09:09:58","slug":"braga-polar-real-murcia","status":"publish","type":"product","link":"https:\/\/www.realmurcia.es\/tiendaonline\/producto\/braga-polar-real-murcia\/","title":{"rendered":"Braga polar Real Murcia"},"content":{"rendered":"","protected":false},"excerpt":{"rendered":"<div data-pm-slice=\"1 3 []\" data-en-clipboard=\"true\">Mantente abrigado y demuestra tu pasi\u00f3n por el Real Murcia con nuestra exclusiva Braga Polar. Dise\u00f1ada para brindarte la m\u00e1xima protecci\u00f3n contra el fr\u00edo . Confeccionada con materiales de alta calidad, su tejido polar es suave y c\u00e1lido, proporcionando comodidad y un ajuste perfecto.<\/div>\n<div>\n<p>Dise\u00f1o oficial: decorada con los colores y el escudo del Real Murcia.<\/p>\n<p>Talla \u00fanica: se adapta f\u00e1cilmente a todos los tama\u00f1os.<\/p>\n<p>Versatilidad: \u00fasala como bufanda, pasamonta\u00f1as o cinta para la cabeza. \u00dasala en el estadio, en tus entrenamientos o en cualquier momento que necesites ese toque de calidez extra sin renunciar a tu esp\u00edritu murcianista. \u00a1Hazla tuya y apoya al equipo cada d\u00eda!<\/p>\n<\/div>\n<div>Detalles del producto:<\/div>\n<ul>\n<li>Material: Algod\u00f3n 100%<\/li>\n<li>\n<div>Detalles en color: Rojo<\/div>\n<\/li>\n<li>\n<div>Colaboraci\u00f3n con : Soricastel<\/div>\n<\/li>\n<\/ul>\n","protected":false},"featured_media":6587,"template":"","meta":{"_mo_disable_npp":"","site-sidebar-layout":"default","site-content-layout":"","ast-site-content-layout":"default","site-content-style":"default","site-sidebar-style":"default","ast-global-header-display":"","ast-banner-title-visibility":"","ast-main-header-display":"","ast-hfb-above-header-display":"","ast-hfb-below-header-display":"","ast-hfb-mobile-header-display":"","site-post-title":"","ast-breadcrumbs-content":"","ast-featured-img":"","footer-sml-layout":"","ast-disable-related-posts":"","theme-transparent-header-meta":"default","adv-header-id-meta":"","stick-header-meta":"default","header-above-stick-meta":"","header-main-stick-meta":"","header-below-stick-meta":"","astra-migrate-meta-layouts":"set","ast-page-background-enabled":"default","ast-page-background-meta":{"desktop":{"background-color":"var(--ast-global-color-4)","background-image":"","background-repeat":"repeat","background-position":"center center","background-size":"auto","background-attachment":"scroll","background-type":"","background-media":"","overlay-type":"","overlay-color":"","overlay-opacity":"","overlay-gradient":""},"tablet":{"background-color":"","background-image":"","background-repeat":"repeat","background-position":"center center","background-size":"auto","background-attachment":"scroll","background-type":"","background-media":"","overlay-type":"","overlay-color":"","overlay-opacity":"","overlay-gradient":""},"mobile":{"background-color":"","background-image":"","background-repeat":"repeat","background-position":"center center","background-size":"auto","background-attachment":"scroll","background-type":"","background-media":"","overlay-type":"","overlay-color":"","overlay-opacity":"","overlay-gradient":""}},"ast-content-background-meta":{"desktop":{"background-color":"var(--ast-global-color-5)","background-image":"","background-repeat":"repeat","background-position":"center center","background-size":"auto","background-attachment":"scroll","background-type":"","background-media":"","overlay-type":"","overlay-color":"","overlay-opacity":"","overlay-gradient":""},"tablet":{"background-color":"var(--ast-global-color-5)","background-image":"","background-repeat":"repeat","background-position":"center center","background-size":"auto","background-attachment":"scroll","background-type":"","background-media":"","overlay-type":"","overlay-color":"","overlay-opacity":"","overlay-gradient":""},"mobile":{"background-color":"var(--ast-global-color-5)","background-image":"","background-repeat":"repeat","background-position":"center center","background-size":"auto","background-attachment":"scroll","background-type":"","background-media":"","overlay-type":"","overlay-color":"","overlay-opacity":"","overlay-gradient":""}},"_joinchat":[]},"product_brand":[],"product_cat":[37,191,196,31],"product_tag":[],"class_list":{"0":"post-5413","1":"product","2":"type-product","3":"status-publish","4":"has-post-thumbnail","6":"product_cat-complementos-2","7":"product_cat-entrenamiento","8":"product_cat-invierno","9":"product_cat-regalos-y-accesorios","10":"desktop-align-center","11":"tablet-align-center","12":"mobile-align-center","13":"ast-product-gallery-layout-horizontal-slider","14":"ast-product-tabs-layout-vertical","16":"first","17":"instock","18":"taxable","19":"shipping-taxable","20":"purchasable","21":"product-type-simple"},"exclude_global_add_ons":[],"addons":[],"_links":{"self":[{"href":"https:\/\/www.realmurcia.es\/tiendaonline\/wp-json\/wp\/v2\/product\/5413","targetHints":{"allow":["GET"]}}],"collection":[{"href":"https:\/\/www.realmurcia.es\/tiendaonline\/wp-json\/wp\/v2\/product"}],"about":[{"href":"https:\/\/www.realmurcia.es\/tiendaonline\/wp-json\/wp\/v2\/types\/product"}],"wp:featuredmedia":[{"embeddable":true,"href":"https:\/\/www.realmurcia.es\/tiendaonline\/wp-json\/wp\/v2\/media\/6587"}],"wp:attachment":[{"href":"https:\/\/www.realmurcia.es\/tiendaonline\/wp-json\/wp\/v2\/media?parent=5413"}],"wp:term":[{"taxonomy":"product_brand","embeddable":true,"href":"https:\/\/www.realmurcia.es\/tiendaonline\/wp-json\/wp\/v2\/product_brand?post=5413"},{"taxonomy":"product_cat","embeddable":true,"href":"https:\/\/www.realmurcia.es\/tiendaonline\/wp-json\/wp\/v2\/product_cat?post=5413"},{"taxonomy":"product_tag","embeddable":true,"href":"https:\/\/www.realmurcia.es\/tiendaonline\/wp-json\/wp\/v2\/product_tag?post=5413"}],"curies":[{"name":"wp","href":"https:\/\/api.w.org\/{rel}","templated":true}]}}