{"id":6398,"date":"2024-10-03T14:04:09","date_gmt":"2024-10-03T12:04:09","guid":{"rendered":"https:\/\/www.realmurcia.es\/tiendaonline\/?post_type=product&#038;p=6398"},"modified":"2026-04-06T17:58:03","modified_gmt":"2026-04-06T15:58:03","slug":"libro-amoros-idolo-del-futbol-murciano","status":"publish","type":"product","link":"https:\/\/www.realmurcia.es\/tiendaonline\/producto\/libro-amoros-idolo-del-futbol-murciano\/","title":{"rendered":"Libro Amor\u00f3s: \u00cddolo del F\u00fatbol Murciano"},"content":{"rendered":"","protected":false},"excerpt":{"rendered":"<p>Descubre la historia de uno de los jugadores m\u00e1s emblem\u00e1ticos del f\u00fatbol murciano<span style=\"font-size: 16px; font-style: normal; font-weight: 400;\">. La primera biograf\u00eda dedicada a este \u00eddolo de la afici\u00f3n. Este libro es un homenaje a la trayectoria y legado de Amor\u00f3s, cuya habilidad y talento en el campo lo convirtieron en una leyenda del f\u00fatbol de la Regi\u00f3n.\u00a0 <\/span><\/p>\n<p><span style=\"font-size: 16px; font-style: normal; font-weight: 400;\">Caracter\u00edsticas del libro:<\/span><\/p>\n<ul>\n<li>Dimensiones: 14,7 cm x 21 cm<\/li>\n<li>Contiene textos e im\u00e1genes<\/li>\n<\/ul>\n","protected":false},"featured_media":6380,"template":"","meta":{"_mo_disable_npp":"","site-sidebar-layout":"default","site-content-layout":"default","ast-site-content-layout":"default","site-content-style":"default","site-sidebar-style":"default","ast-global-header-display":"","ast-banner-title-visibility":"","ast-main-header-display":"","ast-hfb-above-header-display":"","ast-hfb-below-header-display":"","ast-hfb-mobile-header-display":"","site-post-title":"","ast-breadcrumbs-content":"","ast-featured-img":"","footer-sml-layout":"","ast-disable-related-posts":"","theme-transparent-header-meta":"default","adv-header-id-meta":"","stick-header-meta":"default","header-above-stick-meta":"","header-main-stick-meta":"","header-below-stick-meta":"","astra-migrate-meta-layouts":"set","ast-page-background-enabled":"default","ast-page-background-meta":{"desktop":{"background-color":"var(--ast-global-color-4)","background-image":"","background-repeat":"repeat","background-position":"center center","background-size":"auto","background-attachment":"scroll","background-type":"","background-media":"","overlay-type":"","overlay-color":"","overlay-opacity":"","overlay-gradient":""},"tablet":{"background-color":"","background-image":"","background-repeat":"repeat","background-position":"center center","background-size":"auto","background-attachment":"scroll","background-type":"","background-media":"","overlay-type":"","overlay-color":"","overlay-opacity":"","overlay-gradient":""},"mobile":{"background-color":"","background-image":"","background-repeat":"repeat","background-position":"center center","background-size":"auto","background-attachment":"scroll","background-type":"","background-media":"","overlay-type":"","overlay-color":"","overlay-opacity":"","overlay-gradient":""}},"ast-content-background-meta":{"desktop":{"background-color":"var(--ast-global-color-5)","background-image":"","background-repeat":"repeat","background-position":"center center","background-size":"auto","background-attachment":"scroll","background-type":"","background-media":"","overlay-type":"","overlay-color":"","overlay-opacity":"","overlay-gradient":""},"tablet":{"background-color":"var(--ast-global-color-5)","background-image":"","background-repeat":"repeat","background-position":"center center","background-size":"auto","background-attachment":"scroll","background-type":"","background-media":"","overlay-type":"","overlay-color":"","overlay-opacity":"","overlay-gradient":""},"mobile":{"background-color":"var(--ast-global-color-5)","background-image":"","background-repeat":"repeat","background-position":"center center","background-size":"auto","background-attachment":"scroll","background-type":"","background-media":"","overlay-type":"","overlay-color":"","overlay-opacity":"","overlay-gradient":""}},"_joinchat":[]},"product_brand":[],"product_cat":[182,164,39,213,31],"product_tag":[],"class_list":{"0":"post-6398","1":"product","2":"type-product","3":"status-publish","4":"has-post-thumbnail","6":"product_cat-accesorios","7":"product_cat-dia-del-padre","8":"product_cat-hogar-y-oficina-2","9":"product_cat-oficina-y-papeleria","10":"product_cat-regalos-y-accesorios","11":"desktop-align-center","12":"tablet-align-center","13":"mobile-align-center","14":"ast-product-gallery-layout-horizontal-slider","15":"ast-product-gallery-with-no-image","16":"ast-product-tabs-layout-vertical","18":"first","19":"instock","20":"taxable","21":"shipping-taxable","22":"purchasable","23":"product-type-simple"},"exclude_global_add_ons":[],"addons":[],"_links":{"self":[{"href":"https:\/\/www.realmurcia.es\/tiendaonline\/wp-json\/wp\/v2\/product\/6398","targetHints":{"allow":["GET"]}}],"collection":[{"href":"https:\/\/www.realmurcia.es\/tiendaonline\/wp-json\/wp\/v2\/product"}],"about":[{"href":"https:\/\/www.realmurcia.es\/tiendaonline\/wp-json\/wp\/v2\/types\/product"}],"wp:featuredmedia":[{"embeddable":true,"href":"https:\/\/www.realmurcia.es\/tiendaonline\/wp-json\/wp\/v2\/media\/6380"}],"wp:attachment":[{"href":"https:\/\/www.realmurcia.es\/tiendaonline\/wp-json\/wp\/v2\/media?parent=6398"}],"wp:term":[{"taxonomy":"product_brand","embeddable":true,"href":"https:\/\/www.realmurcia.es\/tiendaonline\/wp-json\/wp\/v2\/product_brand?post=6398"},{"taxonomy":"product_cat","embeddable":true,"href":"https:\/\/www.realmurcia.es\/tiendaonline\/wp-json\/wp\/v2\/product_cat?post=6398"},{"taxonomy":"product_tag","embeddable":true,"href":"https:\/\/www.realmurcia.es\/tiendaonline\/wp-json\/wp\/v2\/product_tag?post=6398"}],"curies":[{"name":"wp","href":"https:\/\/api.w.org\/{rel}","templated":true}]}}