{"id":7355,"date":"2025-02-06T21:21:19","date_gmt":"2025-02-06T20:21:19","guid":{"rendered":"https:\/\/www.realmurcia.es\/tiendaonline\/?post_type=product&#038;p=7355"},"modified":"2025-12-22T16:21:18","modified_gmt":"2025-12-22T15:21:18","slug":"bandera-rmu-espana","status":"publish","type":"product","link":"https:\/\/www.realmurcia.es\/tiendaonline\/producto\/bandera-rmu-espana\/","title":{"rendered":"Bandera RMU | Espa\u00f1a"},"content":{"rendered":"<p data-sourcepos=\"7:1-7:94\">\u00a1Demuestra tu pasi\u00f3n por el Real Murcia y tu orgullo por Espa\u00f1a con esta espectacular bandera!<\/p>\n<p data-sourcepos=\"9:1-9:330\">Esta bandera combina el escudo del Real Murcia, un s\u00edmbolo de tradici\u00f3n y pasi\u00f3n, con los colores de la bandera de Espa\u00f1a, representando la unidad y el esp\u00edritu de un pa\u00eds. Es perfecta para ondearla en el estadio, colgarla en tu balc\u00f3n o decorar cualquier espacio donde quieras mostrar tu apoyo al equipo y a tu pa\u00eds.<\/p>\n<p><em>Caracter\u00edsticas del producto:<\/em><\/p>\n<ul>\n<li>100% Poli\u00e9ster.<\/li>\n<li>Dimensiones: 150 cm x 90 cm.<\/li>\n<li>Remates cosidos en hilo rojo.<\/li>\n<\/ul>\n","protected":false},"excerpt":{"rendered":"<p>\u00a1Demuestra tu pasi\u00f3n por el Real Murcia y tu orgullo por Espa\u00f1a con esta espectacular bandera! Esta bandera combina el escudo del Real Murcia, un s\u00edmbolo de tradici\u00f3n y pasi\u00f3n, con los colores de la bandera de Espa\u00f1a, representando la unidad y el esp\u00edritu de un pa\u00eds. Es perfecta para ondearla en el estadio, colgarla [&hellip;]<\/p>\n","protected":false},"featured_media":7357,"template":"","meta":{"_mo_disable_npp":"","site-sidebar-layout":"default","site-content-layout":"default","ast-site-content-layout":"default","site-content-style":"default","site-sidebar-style":"default","ast-global-header-display":"","ast-banner-title-visibility":"","ast-main-header-display":"","ast-hfb-above-header-display":"","ast-hfb-below-header-display":"","ast-hfb-mobile-header-display":"","site-post-title":"","ast-breadcrumbs-content":"","ast-featured-img":"","footer-sml-layout":"","ast-disable-related-posts":"","theme-transparent-header-meta":"default","adv-header-id-meta":"","stick-header-meta":"default","header-above-stick-meta":"","header-main-stick-meta":"","header-below-stick-meta":"","astra-migrate-meta-layouts":"set","ast-page-background-enabled":"default","ast-page-background-meta":{"desktop":{"background-color":"var(--ast-global-color-4)","background-image":"","background-repeat":"repeat","background-position":"center center","background-size":"auto","background-attachment":"scroll","background-type":"","background-media":"","overlay-type":"","overlay-color":"","overlay-opacity":"","overlay-gradient":""},"tablet":{"background-color":"","background-image":"","background-repeat":"repeat","background-position":"center center","background-size":"auto","background-attachment":"scroll","background-type":"","background-media":"","overlay-type":"","overlay-color":"","overlay-opacity":"","overlay-gradient":""},"mobile":{"background-color":"","background-image":"","background-repeat":"repeat","background-position":"center center","background-size":"auto","background-attachment":"scroll","background-type":"","background-media":"","overlay-type":"","overlay-color":"","overlay-opacity":"","overlay-gradient":""}},"ast-content-background-meta":{"desktop":{"background-color":"var(--ast-global-color-5)","background-image":"","background-repeat":"repeat","background-position":"center center","background-size":"auto","background-attachment":"scroll","background-type":"","background-media":"","overlay-type":"","overlay-color":"","overlay-opacity":"","overlay-gradient":""},"tablet":{"background-color":"var(--ast-global-color-5)","background-image":"","background-repeat":"repeat","background-position":"center center","background-size":"auto","background-attachment":"scroll","background-type":"","background-media":"","overlay-type":"","overlay-color":"","overlay-opacity":"","overlay-gradient":""},"mobile":{"background-color":"var(--ast-global-color-5)","background-image":"","background-repeat":"repeat","background-position":"center center","background-size":"auto","background-attachment":"scroll","background-type":"","background-media":"","overlay-type":"","overlay-color":"","overlay-opacity":"","overlay-gradient":""}},"_joinchat":[]},"product_brand":[],"product_cat":[182,163,210,37,31],"product_tag":[],"class_list":{"0":"post-7355","1":"product","2":"type-product","3":"status-publish","4":"has-post-thumbnail","6":"product_cat-accesorios","7":"product_cat-banderas","8":"product_cat-bufandas-y-banderas","9":"product_cat-complementos-2","10":"product_cat-regalos-y-accesorios","11":"desktop-align-center","12":"tablet-align-center","13":"mobile-align-center","14":"ast-product-gallery-layout-horizontal-slider","15":"ast-product-tabs-layout-vertical","17":"first","18":"outofstock","19":"taxable","20":"shipping-taxable","21":"purchasable","22":"product-type-simple"},"exclude_global_add_ons":[],"addons":[],"_links":{"self":[{"href":"https:\/\/www.realmurcia.es\/tiendaonline\/wp-json\/wp\/v2\/product\/7355","targetHints":{"allow":["GET"]}}],"collection":[{"href":"https:\/\/www.realmurcia.es\/tiendaonline\/wp-json\/wp\/v2\/product"}],"about":[{"href":"https:\/\/www.realmurcia.es\/tiendaonline\/wp-json\/wp\/v2\/types\/product"}],"wp:featuredmedia":[{"embeddable":true,"href":"https:\/\/www.realmurcia.es\/tiendaonline\/wp-json\/wp\/v2\/media\/7357"}],"wp:attachment":[{"href":"https:\/\/www.realmurcia.es\/tiendaonline\/wp-json\/wp\/v2\/media?parent=7355"}],"wp:term":[{"taxonomy":"product_brand","embeddable":true,"href":"https:\/\/www.realmurcia.es\/tiendaonline\/wp-json\/wp\/v2\/product_brand?post=7355"},{"taxonomy":"product_cat","embeddable":true,"href":"https:\/\/www.realmurcia.es\/tiendaonline\/wp-json\/wp\/v2\/product_cat?post=7355"},{"taxonomy":"product_tag","embeddable":true,"href":"https:\/\/www.realmurcia.es\/tiendaonline\/wp-json\/wp\/v2\/product_tag?post=7355"}],"curies":[{"name":"wp","href":"https:\/\/api.w.org\/{rel}","templated":true}]}}