{"id":7747,"date":"2025-04-15T14:16:27","date_gmt":"2025-04-15T12:16:27","guid":{"rendered":"https:\/\/www.realmurcia.es\/tiendaonline\/?post_type=product&#038;p=7747"},"modified":"2026-02-19T19:30:06","modified_gmt":"2026-02-19T18:30:06","slug":"puzzle-de-madera-escudo-real-murcia","status":"publish","type":"product","link":"https:\/\/www.realmurcia.es\/tiendaonline\/producto\/puzzle-de-madera-escudo-real-murcia\/","title":{"rendered":"Puzzle de Madera Escudo Real Murcia"},"content":{"rendered":"<p data-sourcepos=\"9:1-9:20\">\u00a1Demuestra tu pasi\u00f3n por el Real Murcia pieza a pieza! Este exclusivo puzzle de madera presenta el escudo oficial del Real Murcia.<\/p>\n<p data-sourcepos=\"9:1-9:20\">Con un total de <strong data-start=\"394\" data-end=\"408\">137 piezas<\/strong>, este puzzle no solo es un desaf\u00edo divertido, sino tambi\u00e9n un art\u00edculo de colecci\u00f3n imprescindible para cualquier verdadero grana.<\/p>\n<p class=\"\" data-start=\"541\" data-end=\"564\"><strong data-start=\"544\" data-end=\"564\">Caracter\u00edsticas:<\/strong><\/p>\n<ul data-start=\"565\" data-end=\"878\">\n<li class=\"\" data-start=\"565\" data-end=\"603\">\n<p class=\"\" data-start=\"567\" data-end=\"603\"><strong data-start=\"567\" data-end=\"580\">Material:<\/strong> Madera<\/p>\n<\/li>\n<li class=\"\" data-start=\"604\" data-end=\"653\">\n<p class=\"\" data-start=\"606\" data-end=\"653\"><strong data-start=\"606\" data-end=\"617\">Dise\u00f1o:<\/strong> Escudo oficial del Real Murcia<\/p>\n<\/li>\n<li class=\"\" data-start=\"654\" data-end=\"687\">\n<p class=\"\" data-start=\"656\" data-end=\"687\"><strong data-start=\"656\" data-end=\"667\">Tama\u00f1o:<\/strong> 29,7 x 37,7 cm<\/p>\n<\/li>\n<li class=\"\" data-start=\"688\" data-end=\"750\">\n<p class=\"\" data-start=\"690\" data-end=\"750\"><strong data-start=\"690\" data-end=\"701\">Piezas:<\/strong> 137 piezas \u00fanicas con formas especiales<\/p>\n<\/li>\n<li class=\"\" data-start=\"751\" data-end=\"821\">\n<p class=\"\" data-start=\"753\" data-end=\"821\"><strong data-start=\"753\" data-end=\"770\">Presentaci\u00f3n:<\/strong> Incluye bolsa de tela roja y soporte de exposici\u00f3n<\/p>\n<\/li>\n<li class=\"\" data-start=\"822\" data-end=\"878\">\n<p class=\"\" data-start=\"824\" data-end=\"878\"><strong data-start=\"824\" data-end=\"878\">Ideal para regalar o decorar tu rinc\u00f3n murcianista<\/strong><\/p>\n<\/li>\n<\/ul>\n<p class=\"\" data-start=\"880\" data-end=\"1018\">Perfecto para disfrutar en familia, regalar a un aficionado o exhibir con orgullo. \u00a1Hazte con el tuyo y arma tu pasi\u00f3n por el Real Murcia!<\/p>\n","protected":false},"excerpt":{"rendered":"<p>Puzzle de Madera con la forma del escudo del Real Murcia de 137 piezas.<\/p>\n","protected":false},"featured_media":7748,"template":"","meta":{"_mo_disable_npp":"","site-sidebar-layout":"default","site-content-layout":"","ast-site-content-layout":"default","site-content-style":"default","site-sidebar-style":"default","ast-global-header-display":"","ast-banner-title-visibility":"","ast-main-header-display":"","ast-hfb-above-header-display":"","ast-hfb-below-header-display":"","ast-hfb-mobile-header-display":"","site-post-title":"","ast-breadcrumbs-content":"","ast-featured-img":"","footer-sml-layout":"","ast-disable-related-posts":"","theme-transparent-header-meta":"default","adv-header-id-meta":"","stick-header-meta":"default","header-above-stick-meta":"","header-main-stick-meta":"","header-below-stick-meta":"","astra-migrate-meta-layouts":"set","ast-page-background-enabled":"default","ast-page-background-meta":{"desktop":{"background-color":"var(--ast-global-color-4)","background-image":"","background-repeat":"repeat","background-position":"center center","background-size":"auto","background-attachment":"scroll","background-type":"","background-media":"","overlay-type":"","overlay-color":"","overlay-opacity":"","overlay-gradient":""},"tablet":{"background-color":"","background-image":"","background-repeat":"repeat","background-position":"center center","background-size":"auto","background-attachment":"scroll","background-type":"","background-media":"","overlay-type":"","overlay-color":"","overlay-opacity":"","overlay-gradient":""},"mobile":{"background-color":"","background-image":"","background-repeat":"repeat","background-position":"center center","background-size":"auto","background-attachment":"scroll","background-type":"","background-media":"","overlay-type":"","overlay-color":"","overlay-opacity":"","overlay-gradient":""}},"ast-content-background-meta":{"desktop":{"background-color":"var(--ast-global-color-5)","background-image":"","background-repeat":"repeat","background-position":"center center","background-size":"auto","background-attachment":"scroll","background-type":"","background-media":"","overlay-type":"","overlay-color":"","overlay-opacity":"","overlay-gradient":""},"tablet":{"background-color":"var(--ast-global-color-5)","background-image":"","background-repeat":"repeat","background-position":"center center","background-size":"auto","background-attachment":"scroll","background-type":"","background-media":"","overlay-type":"","overlay-color":"","overlay-opacity":"","overlay-gradient":""},"mobile":{"background-color":"var(--ast-global-color-5)","background-image":"","background-repeat":"repeat","background-position":"center center","background-size":"auto","background-attachment":"scroll","background-type":"","background-media":"","overlay-type":"","overlay-color":"","overlay-opacity":"","overlay-gradient":""}},"_joinchat":[]},"product_brand":[],"product_cat":[182,183],"product_tag":[],"class_list":{"0":"post-7747","1":"product","2":"type-product","3":"status-publish","4":"has-post-thumbnail","6":"product_cat-accesorios","7":"product_cat-juegos","8":"desktop-align-center","9":"tablet-align-center","10":"mobile-align-center","11":"ast-product-gallery-layout-horizontal-slider","12":"ast-product-tabs-layout-vertical","14":"first","15":"instock","16":"taxable","17":"shipping-taxable","18":"purchasable","19":"product-type-simple"},"exclude_global_add_ons":[],"addons":[],"_links":{"self":[{"href":"https:\/\/www.realmurcia.es\/tiendaonline\/wp-json\/wp\/v2\/product\/7747","targetHints":{"allow":["GET"]}}],"collection":[{"href":"https:\/\/www.realmurcia.es\/tiendaonline\/wp-json\/wp\/v2\/product"}],"about":[{"href":"https:\/\/www.realmurcia.es\/tiendaonline\/wp-json\/wp\/v2\/types\/product"}],"wp:featuredmedia":[{"embeddable":true,"href":"https:\/\/www.realmurcia.es\/tiendaonline\/wp-json\/wp\/v2\/media\/7748"}],"wp:attachment":[{"href":"https:\/\/www.realmurcia.es\/tiendaonline\/wp-json\/wp\/v2\/media?parent=7747"}],"wp:term":[{"taxonomy":"product_brand","embeddable":true,"href":"https:\/\/www.realmurcia.es\/tiendaonline\/wp-json\/wp\/v2\/product_brand?post=7747"},{"taxonomy":"product_cat","embeddable":true,"href":"https:\/\/www.realmurcia.es\/tiendaonline\/wp-json\/wp\/v2\/product_cat?post=7747"},{"taxonomy":"product_tag","embeddable":true,"href":"https:\/\/www.realmurcia.es\/tiendaonline\/wp-json\/wp\/v2\/product_tag?post=7747"}],"curies":[{"name":"wp","href":"https:\/\/api.w.org\/{rel}","templated":true}]}}