{"id":8223,"date":"2025-06-04T14:08:32","date_gmt":"2025-06-04T12:08:32","guid":{"rendered":"https:\/\/www.realmurcia.es\/tiendaonline\/?post_type=product&#038;p=8223"},"modified":"2025-11-24T12:28:12","modified_gmt":"2025-11-24T11:28:12","slug":"bufanda-cien-anos-contigo","status":"publish","type":"product","link":"https:\/\/www.realmurcia.es\/tiendaonline\/producto\/bufanda-cien-anos-contigo\/","title":{"rendered":"Bufanda Cien A\u00f1os Contigo"},"content":{"rendered":"<p data-sourcepos=\"3:1-3:57\"><strong>Bufanda Oficial Real Murcia CF \u00ab100 A\u00f1os Contigo\u00bb<\/strong><\/p>\n<p data-sourcepos=\"5:1-5:229\">Celebra la pasi\u00f3n y la historia de tu equipo con la bufanda oficial del Real Murcia C.F. Con un dise\u00f1o vibrante en el ic\u00f3nico color grana, esta bufanda de alta definici\u00f3n (HD) es el complemento perfecto para cualquier aficionado.<\/p>\n<p data-sourcepos=\"7:1-7:309\">Conmemora m\u00e1s de un siglo de historia grana con el emotivo lema \u00abCIEN A\u00d1OS CONTIGO Y TODOS LOS QUE VENGAN\u00bb elegantemente tejido en blanco. El escudo oficial del Real Murcia, con su corona distintiva y los detalles de \u00abMURCIA CLUB FUTBOL\u00bb, se presenta prominentemente en ambos extremos, reafirmando tu lealtad.<\/p>\n<p data-sourcepos=\"9:1-9:242\">Fabricada con materiales de alta calidad, esta bufanda no solo es un s\u00edmbolo de apoyo, sino tambi\u00e9n un accesorio c\u00f3modo y duradero. Con unas dimensiones de 130&#215;20 cm, es ideal para lucirla en el estadio, en la calle o como pieza de colecci\u00f3n.<\/p>\n<p data-sourcepos=\"11:1-11:20\"><strong>Caracter\u00edsticas:<\/strong><\/p>\n<ul data-sourcepos=\"13:1-20:0\">\n<li data-sourcepos=\"13:1-13:39\"><strong>Producto Oficial Real Murcia C.F.<\/strong><\/li>\n<li data-sourcepos=\"14:1-14:71\"><strong>Dise\u00f1o HD:<\/strong> Alta definici\u00f3n para colores vivos y detalles n\u00edtidos.<\/li>\n<li data-sourcepos=\"15:1-15:43\"><strong>Color:<\/strong> Grana.<\/li>\n<li data-sourcepos=\"16:1-16:55\"><strong>Lema:<\/strong> \u00abCIEN A\u00d1OS CONTIGO Y TODOS LOS QUE VENGAN\u00bb.<\/li>\n<li data-sourcepos=\"17:1-17:68\"><strong>Escudo:<\/strong> Escudo oficial del Real Murcia C.F. en ambos extremos.<\/li>\n<li data-sourcepos=\"18:1-18:31\"><strong>Dimensiones:<\/strong> 130 x 20 cm.<\/li>\n<li data-sourcepos=\"19:1-20:0\"><strong>Material:<\/strong> Calidad premium para mayor durabilidad y confort.<\/li>\n<\/ul>\n","protected":false},"excerpt":{"rendered":"<p>Luce tu pasi\u00f3n con la bufanda oficial del Real Murcia. En el emblem\u00e1tico color grana y con el lema \u00abCIEN A\u00d1OS CONTIGO\u00bb, esta bufanda HD de 130&#215;20 cm incluye el escudo del club. \u00a1Imprescindible para todo aficionado!<\/p>\n","protected":false},"featured_media":8225,"template":"","meta":{"_mo_disable_npp":"","site-sidebar-layout":"default","site-content-layout":"default","ast-site-content-layout":"default","site-content-style":"default","site-sidebar-style":"default","ast-global-header-display":"","ast-banner-title-visibility":"","ast-main-header-display":"","ast-hfb-above-header-display":"","ast-hfb-below-header-display":"","ast-hfb-mobile-header-display":"","site-post-title":"","ast-breadcrumbs-content":"","ast-featured-img":"","footer-sml-layout":"","ast-disable-related-posts":"","theme-transparent-header-meta":"default","adv-header-id-meta":"","stick-header-meta":"default","header-above-stick-meta":"","header-main-stick-meta":"","header-below-stick-meta":"","astra-migrate-meta-layouts":"set","ast-page-background-enabled":"default","ast-page-background-meta":{"desktop":{"background-color":"var(--ast-global-color-4)","background-image":"","background-repeat":"repeat","background-position":"center center","background-size":"auto","background-attachment":"scroll","background-type":"","background-media":"","overlay-type":"","overlay-color":"","overlay-opacity":"","overlay-gradient":""},"tablet":{"background-color":"","background-image":"","background-repeat":"repeat","background-position":"center center","background-size":"auto","background-attachment":"scroll","background-type":"","background-media":"","overlay-type":"","overlay-color":"","overlay-opacity":"","overlay-gradient":""},"mobile":{"background-color":"","background-image":"","background-repeat":"repeat","background-position":"center center","background-size":"auto","background-attachment":"scroll","background-type":"","background-media":"","overlay-type":"","overlay-color":"","overlay-opacity":"","overlay-gradient":""}},"ast-content-background-meta":{"desktop":{"background-color":"var(--ast-global-color-5)","background-image":"","background-repeat":"repeat","background-position":"center center","background-size":"auto","background-attachment":"scroll","background-type":"","background-media":"","overlay-type":"","overlay-color":"","overlay-opacity":"","overlay-gradient":""},"tablet":{"background-color":"var(--ast-global-color-5)","background-image":"","background-repeat":"repeat","background-position":"center center","background-size":"auto","background-attachment":"scroll","background-type":"","background-media":"","overlay-type":"","overlay-color":"","overlay-opacity":"","overlay-gradient":""},"mobile":{"background-color":"var(--ast-global-color-5)","background-image":"","background-repeat":"repeat","background-position":"center center","background-size":"auto","background-attachment":"scroll","background-type":"","background-media":"","overlay-type":"","overlay-color":"","overlay-opacity":"","overlay-gradient":""}},"_joinchat":[]},"product_brand":[],"product_cat":[182,154,210,37,31],"product_tag":[],"class_list":{"0":"post-8223","1":"product","2":"type-product","3":"status-publish","4":"has-post-thumbnail","6":"product_cat-accesorios","7":"product_cat-bufanda","8":"product_cat-bufandas-y-banderas","9":"product_cat-complementos-2","10":"product_cat-regalos-y-accesorios","11":"desktop-align-center","12":"tablet-align-center","13":"mobile-align-center","14":"ast-product-gallery-layout-horizontal-slider","15":"ast-product-tabs-layout-vertical","17":"first","18":"outofstock","19":"taxable","20":"shipping-taxable","21":"purchasable","22":"product-type-simple"},"exclude_global_add_ons":[],"addons":[],"_links":{"self":[{"href":"https:\/\/www.realmurcia.es\/tiendaonline\/wp-json\/wp\/v2\/product\/8223","targetHints":{"allow":["GET"]}}],"collection":[{"href":"https:\/\/www.realmurcia.es\/tiendaonline\/wp-json\/wp\/v2\/product"}],"about":[{"href":"https:\/\/www.realmurcia.es\/tiendaonline\/wp-json\/wp\/v2\/types\/product"}],"wp:featuredmedia":[{"embeddable":true,"href":"https:\/\/www.realmurcia.es\/tiendaonline\/wp-json\/wp\/v2\/media\/8225"}],"wp:attachment":[{"href":"https:\/\/www.realmurcia.es\/tiendaonline\/wp-json\/wp\/v2\/media?parent=8223"}],"wp:term":[{"taxonomy":"product_brand","embeddable":true,"href":"https:\/\/www.realmurcia.es\/tiendaonline\/wp-json\/wp\/v2\/product_brand?post=8223"},{"taxonomy":"product_cat","embeddable":true,"href":"https:\/\/www.realmurcia.es\/tiendaonline\/wp-json\/wp\/v2\/product_cat?post=8223"},{"taxonomy":"product_tag","embeddable":true,"href":"https:\/\/www.realmurcia.es\/tiendaonline\/wp-json\/wp\/v2\/product_tag?post=8223"}],"curies":[{"name":"wp","href":"https:\/\/api.w.org\/{rel}","templated":true}]}}