{"id":8697,"date":"2025-07-16T10:30:43","date_gmt":"2025-07-16T08:30:43","guid":{"rendered":"https:\/\/www.realmurcia.es\/tiendaonline\/?post_type=product&#038;p=8697"},"modified":"2026-04-29T10:05:29","modified_gmt":"2026-04-29T08:05:29","slug":"camiseta-1o-equipacion-nino","status":"publish","type":"product","link":"https:\/\/www.realmurcia.es\/tiendaonline\/producto\/camiseta-1o-equipacion-nino\/","title":{"rendered":"CAMISETA 1\u00ba EQUIPACI\u00d3N NI\u00d1O"},"content":{"rendered":"<p>El Real Murcia C.F., en colaboraci\u00f3n con la firma deportiva Joma, presenta la primera equipaci\u00f3n oficial para la temporada 2025-2026. Una camiseta que une tradici\u00f3n, identidad y sentimiento bajo el lema\u00a0<strong>\u201cEl grana es nuestra se\u00f1a\u201d<\/strong>, una declaraci\u00f3n que reafirma la pertenencia a un club que representa a toda una ciudad.<\/p>\n<p>La camiseta, de color\u00a0<strong>grana intenso<\/strong>, ha sido desarrollada de forma\u00a0<strong>personalizada y exclusiva<\/strong>\u00a0para el club dentro de la colecci\u00f3n\u00a0<em>Real Murcia x Joma 2025-2026<\/em>, con un dise\u00f1o que rinde homenaje a los s\u00edmbolos hist\u00f3ricos del murcianismo y a su papel como estandarte de la ciudad.<\/p>\n<p>Entre sus principales detalles destacan:<\/p>\n<ul>\n<li><strong>Coronas estampadas en los hombros <\/strong>y un tramado de coronas en la espalda mediante t\u00e9cnica\u00a0<strong>embosse<\/strong>, en referencia al car\u00e1cter real del escudo y a la historia centenaria del club.<\/li>\n<li>Una <strong>estampaci\u00f3n degradada del mapa de la ciudad de Murcia<\/strong>\u00a0en el frontal inferior de la camiseta, integrando visualmente el v\u00ednculo entre equipo y territorio.<\/li>\n<li>La frase <strong>\u201cEl mejor embajador\u201d<\/strong>, inspirada en el himno cl\u00e1sico del club, aparece en la camiseta como s\u00edmbolo del papel del Real Murcia como representante de la ciudad y sus valores.<\/li>\n<\/ul>\n<p><span style=\"color: black;\">Una camiseta con alma, dise\u00f1ada para llevar la historia de Murcia en el pecho, y para que cada murcianista siga sintiendo que, temporada tras temporada,<span class=\"apple-converted-space\">\u00a0<\/span><strong>el grana es nuestra se\u00f1a<\/strong>.<\/span><\/p>\n","protected":false},"excerpt":{"rendered":"<p>El Real Murcia C.F., en colaboraci\u00f3n con la firma deportiva Joma, presenta la primera equipaci\u00f3n oficial para la temporada 2025-2026. Una camiseta que une tradici\u00f3n, identidad y sentimiento bajo el lema\u00a0\u201cEl grana es nuestra se\u00f1a\u201d, una declaraci\u00f3n que reafirma la pertenencia a un club que representa a toda una ciudad. La camiseta, de color\u00a0grana intenso, [&hellip;]<\/p>\n","protected":false},"featured_media":9780,"template":"","meta":{"_mo_disable_npp":"","site-sidebar-layout":"default","site-content-layout":"","ast-site-content-layout":"default","site-content-style":"default","site-sidebar-style":"default","ast-global-header-display":"","ast-banner-title-visibility":"","ast-main-header-display":"","ast-hfb-above-header-display":"","ast-hfb-below-header-display":"","ast-hfb-mobile-header-display":"","site-post-title":"","ast-breadcrumbs-content":"","ast-featured-img":"","footer-sml-layout":"","ast-disable-related-posts":"","theme-transparent-header-meta":"default","adv-header-id-meta":"","stick-header-meta":"default","header-above-stick-meta":"","header-main-stick-meta":"","header-below-stick-meta":"","astra-migrate-meta-layouts":"set","ast-page-background-enabled":"default","ast-page-background-meta":{"desktop":{"background-color":"var(--ast-global-color-4)","background-image":"","background-repeat":"repeat","background-position":"center center","background-size":"auto","background-attachment":"scroll","background-type":"","background-media":"","overlay-type":"","overlay-color":"","overlay-opacity":"","overlay-gradient":""},"tablet":{"background-color":"","background-image":"","background-repeat":"repeat","background-position":"center center","background-size":"auto","background-attachment":"scroll","background-type":"","background-media":"","overlay-type":"","overlay-color":"","overlay-opacity":"","overlay-gradient":""},"mobile":{"background-color":"","background-image":"","background-repeat":"repeat","background-position":"center center","background-size":"auto","background-attachment":"scroll","background-type":"","background-media":"","overlay-type":"","overlay-color":"","overlay-opacity":"","overlay-gradient":""}},"ast-content-background-meta":{"desktop":{"background-color":"var(--ast-global-color-5)","background-image":"","background-repeat":"repeat","background-position":"center center","background-size":"auto","background-attachment":"scroll","background-type":"","background-media":"","overlay-type":"","overlay-color":"","overlay-opacity":"","overlay-gradient":""},"tablet":{"background-color":"var(--ast-global-color-5)","background-image":"","background-repeat":"repeat","background-position":"center center","background-size":"auto","background-attachment":"scroll","background-type":"","background-media":"","overlay-type":"","overlay-color":"","overlay-opacity":"","overlay-gradient":""},"mobile":{"background-color":"var(--ast-global-color-5)","background-image":"","background-repeat":"repeat","background-position":"center center","background-size":"auto","background-attachment":"scroll","background-type":"","background-media":"","overlay-type":"","overlay-color":"","overlay-opacity":"","overlay-gradient":""}},"_joinchat":[]},"product_brand":[],"product_cat":[41,17,184,185],"product_tag":[],"class_list":{"0":"post-8697","1":"product","2":"type-product","3":"status-publish","4":"has-post-thumbnail","6":"product_cat-1o-equipacion","7":"product_cat-equipacion","8":"product_cat-equipaciones-juego","9":"product_cat-primera","10":"desktop-align-center","11":"tablet-align-center","12":"mobile-align-center","13":"ast-product-gallery-layout-horizontal-slider","14":"ast-product-single-variable","15":"ast-product-tabs-layout-vertical","17":"first","18":"instock","19":"taxable","20":"shipping-taxable","21":"purchasable","22":"product-type-variable","23":"has-default-attributes"},"exclude_global_add_ons":false,"addons":[{"name":"\u00bfQuieres a\u00f1adir nombre a la camiseta?","type":"custom_text","position":1,"required":false,"title_format":"label","default":"","description_enable":true,"description":"Los nombres que resulten ofensivos o atenten contra la integridad moral del club podr\u00e1n ser rechazados. La realizaci\u00f3n de la serigrafia afectar\u00e1 al plazo de entrega de tu pedido.\r\nLas camisetas serigrafiadas no se pondr\u00e1n devolver ni cambiar.","placeholder_enable":false,"placeholder":"","display":"radiobutton","restrictions_type":"any_text","adjust_price":true,"price":"9.50","price_type":"flat_fee","restrictions":true,"min":"0","max":"12","options":[],"id":1752679041},{"name":"-","type":"custom_text","position":2,"required":false,"title_format":"label","default":"","description_enable":false,"description":"","placeholder_enable":false,"placeholder":"","display":"select","restrictions_type":"any_text","adjust_price":false,"price":"","price_type":"flat_fee","restrictions":false,"min":"0","max":"0","options":[],"id":1752679038},{"name":"\u00bfQuieres a\u00f1adir n\u00famero a la camiseta?","type":"custom_text","position":3,"required":false,"title_format":"label","default":"","description_enable":true,"description":"La realizaci\u00f3n de la serigrafia afectar\u00e1 al plazo de entrega de tu pedido.","placeholder_enable":false,"placeholder":"","display":"select","restrictions_type":"only_numbers","adjust_price":true,"price":"9.50","price_type":"flat_fee","restrictions":true,"min":"0","max":"2","options":[],"id":1752679039},{"name":"\u00bfQuieres a\u00f1adir parche de la RFEF?","type":"checkbox","position":4,"required":true,"title_format":"label","default":"","description_enable":false,"description":"","placeholder_enable":false,"placeholder":"","display":"select","restrictions_type":"any_text","adjust_price":false,"price":"","price_type":"flat_fee","restrictions":false,"min":"0","max":"0","options":[{"label":"SI","price":"6","price_type":"flat_fee","image":0,"visibility":true},{"label":"NO","price":"","price_type":"flat_fee","image":0,"visibility":true}],"id":1752679040}],"_links":{"self":[{"href":"https:\/\/www.realmurcia.es\/tiendaonline\/wp-json\/wp\/v2\/product\/8697","targetHints":{"allow":["GET"]}}],"collection":[{"href":"https:\/\/www.realmurcia.es\/tiendaonline\/wp-json\/wp\/v2\/product"}],"about":[{"href":"https:\/\/www.realmurcia.es\/tiendaonline\/wp-json\/wp\/v2\/types\/product"}],"wp:featuredmedia":[{"embeddable":true,"href":"https:\/\/www.realmurcia.es\/tiendaonline\/wp-json\/wp\/v2\/media\/9780"}],"wp:attachment":[{"href":"https:\/\/www.realmurcia.es\/tiendaonline\/wp-json\/wp\/v2\/media?parent=8697"}],"wp:term":[{"taxonomy":"product_brand","embeddable":true,"href":"https:\/\/www.realmurcia.es\/tiendaonline\/wp-json\/wp\/v2\/product_brand?post=8697"},{"taxonomy":"product_cat","embeddable":true,"href":"https:\/\/www.realmurcia.es\/tiendaonline\/wp-json\/wp\/v2\/product_cat?post=8697"},{"taxonomy":"product_tag","embeddable":true,"href":"https:\/\/www.realmurcia.es\/tiendaonline\/wp-json\/wp\/v2\/product_tag?post=8697"}],"curies":[{"name":"wp","href":"https:\/\/api.w.org\/{rel}","templated":true}]}}