{"id":8776,"date":"2025-06-30T18:27:17","date_gmt":"2025-06-30T16:27:17","guid":{"rendered":"https:\/\/www.realmurcia.es\/tiendaonline\/?post_type=product&#038;p=8776"},"modified":"2026-04-25T09:57:39","modified_gmt":"2026-04-25T07:57:39","slug":"mochila-fb","status":"publish","type":"product","link":"https:\/\/www.realmurcia.es\/tiendaonline\/producto\/mochila-fb\/","title":{"rendered":"MOCHILA FB"},"content":{"rendered":"<h3>Caracter\u00edsticas<\/h3>\n<ul class=\"double-column\">\n<li>Cierre de cremallera<\/li>\n<li>Tejido resistente<\/li>\n<li>Bolsillo para bal\u00f3n<\/li>\n<li>Bolsillos frontal<\/li>\n<li>Espalda acolchada<\/li>\n<li>Capacidad 44,2 L<\/li>\n<li>Dimensiones: alto 47 cm x ancho 32 cm x fondo 32 cm<\/li>\n<li>Correas ajustables acolchadas<\/li>\n<li>100% Poli\u00e9ster<\/li>\n<\/ul>\n","protected":false},"excerpt":{"rendered":"<p>Mochila indicada para entrenamientos deportivos. Te ofrecer\u00e1 espacio suficiente para organizar todos tus b\u00e1sicos de entrenamiento, adem\u00e1s de contar con abertura frontal con capacidad para guardar un bal\u00f3n. Con esta mochila deportiva podr\u00e1s transportar tu equipaci\u00f3n de casa al campo y del campo a casa de manera c\u00f3moda. Amplia capacidad de 44,2 L.<\/p>\n<p>Entre sus caracter\u00edsticas, cuenta con un compartimento especial fabricado en parte con rejilla para guardar y transportar el bal\u00f3n, ubicado en la parte frontal para que sea m\u00e1s accesible. Incorpora otro bolsillo principal con capacidad para guardar la equipaci\u00f3n de f\u00fatbol y dem\u00e1s objetos personales. Igualmente, incluye otro bolsillo de menor capacidad. Todos ellos tienen cierre seguro de cremallera met\u00e1lica.<\/p>\n<p>La espalda est\u00e1 reforzada para aportar mayor comodidad al cargarla. Los tirantes regulables tambi\u00e9n est\u00e1n acolchadas para proporcionar un confort y una durabilidad incre\u00edbles. En la parte interior de los tirantes presenta tejido de rejilla que absorbe el sudor.<\/p>\n<p>La mochila en su totalidad est\u00e1 elaborada con material resistente al desgaste, pensado para cargar peso sin romperse.<\/p>\n<p>Logotipo Joma serigrafiado con dise\u00f1o personalizado en la parte frontal a conjunto con el resto de detalles.<\/p>\n<p>Dimensiones: alto 47 cm x ancho 32 cm x fondo 32 cm.<\/p>\n<p>Este modelo, utilizado por las bases del Real Murcia, est\u00e1 construido para soportar la exigente rutina de entrenamientos y competiciones, garantizando que tu equipamiento est\u00e9 siempre protegido y ordenado.<\/p>\n","protected":false},"featured_media":10110,"template":"","meta":{"_mo_disable_npp":"","site-sidebar-layout":"default","site-content-layout":"","ast-site-content-layout":"default","site-content-style":"default","site-sidebar-style":"default","ast-global-header-display":"","ast-banner-title-visibility":"","ast-main-header-display":"","ast-hfb-above-header-display":"","ast-hfb-below-header-display":"","ast-hfb-mobile-header-display":"","site-post-title":"","ast-breadcrumbs-content":"","ast-featured-img":"","footer-sml-layout":"","ast-disable-related-posts":"","theme-transparent-header-meta":"default","adv-header-id-meta":"","stick-header-meta":"default","header-above-stick-meta":"","header-main-stick-meta":"","header-below-stick-meta":"","astra-migrate-meta-layouts":"set","ast-page-background-enabled":"default","ast-page-background-meta":{"desktop":{"background-color":"var(--ast-global-color-4)","background-image":"","background-repeat":"repeat","background-position":"center center","background-size":"auto","background-attachment":"scroll","background-type":"","background-media":"","overlay-type":"","overlay-color":"","overlay-opacity":"","overlay-gradient":""},"tablet":{"background-color":"","background-image":"","background-repeat":"repeat","background-position":"center center","background-size":"auto","background-attachment":"scroll","background-type":"","background-media":"","overlay-type":"","overlay-color":"","overlay-opacity":"","overlay-gradient":""},"mobile":{"background-color":"","background-image":"","background-repeat":"repeat","background-position":"center center","background-size":"auto","background-attachment":"scroll","background-type":"","background-media":"","overlay-type":"","overlay-color":"","overlay-opacity":"","overlay-gradient":""}},"ast-content-background-meta":{"desktop":{"background-color":"var(--ast-global-color-5)","background-image":"","background-repeat":"repeat","background-position":"center center","background-size":"auto","background-attachment":"scroll","background-type":"","background-media":"","overlay-type":"","overlay-color":"","overlay-opacity":"","overlay-gradient":""},"tablet":{"background-color":"var(--ast-global-color-5)","background-image":"","background-repeat":"repeat","background-position":"center center","background-size":"auto","background-attachment":"scroll","background-type":"","background-media":"","overlay-type":"","overlay-color":"","overlay-opacity":"","overlay-gradient":""},"mobile":{"background-color":"var(--ast-global-color-5)","background-image":"","background-repeat":"repeat","background-position":"center center","background-size":"auto","background-attachment":"scroll","background-type":"","background-media":"","overlay-type":"","overlay-color":"","overlay-opacity":"","overlay-gradient":""}},"_joinchat":[]},"product_brand":[],"product_cat":[198,182,191,152,209],"product_tag":[],"class_list":{"0":"post-8776","1":"product","2":"type-product","3":"status-publish","4":"has-post-thumbnail","6":"product_cat-accesorios-entrenamiento","7":"product_cat-accesorios","8":"product_cat-entrenamiento","9":"product_cat-entreno","10":"product_cat-mochilas-y-bolsas","11":"desktop-align-center","12":"tablet-align-center","13":"mobile-align-center","14":"ast-product-gallery-layout-horizontal-slider","15":"ast-product-gallery-with-no-image","16":"ast-product-single-variable","17":"ast-product-tabs-layout-vertical","19":"first","20":"instock","21":"taxable","22":"shipping-taxable","23":"purchasable","24":"product-type-variable","25":"has-default-attributes"},"exclude_global_add_ons":[],"addons":[],"_links":{"self":[{"href":"https:\/\/www.realmurcia.es\/tiendaonline\/wp-json\/wp\/v2\/product\/8776","targetHints":{"allow":["GET"]}}],"collection":[{"href":"https:\/\/www.realmurcia.es\/tiendaonline\/wp-json\/wp\/v2\/product"}],"about":[{"href":"https:\/\/www.realmurcia.es\/tiendaonline\/wp-json\/wp\/v2\/types\/product"}],"wp:featuredmedia":[{"embeddable":true,"href":"https:\/\/www.realmurcia.es\/tiendaonline\/wp-json\/wp\/v2\/media\/10110"}],"wp:attachment":[{"href":"https:\/\/www.realmurcia.es\/tiendaonline\/wp-json\/wp\/v2\/media?parent=8776"}],"wp:term":[{"taxonomy":"product_brand","embeddable":true,"href":"https:\/\/www.realmurcia.es\/tiendaonline\/wp-json\/wp\/v2\/product_brand?post=8776"},{"taxonomy":"product_cat","embeddable":true,"href":"https:\/\/www.realmurcia.es\/tiendaonline\/wp-json\/wp\/v2\/product_cat?post=8776"},{"taxonomy":"product_tag","embeddable":true,"href":"https:\/\/www.realmurcia.es\/tiendaonline\/wp-json\/wp\/v2\/product_tag?post=8776"}],"curies":[{"name":"wp","href":"https:\/\/api.w.org\/{rel}","templated":true}]}}