{"id":9291,"date":"2025-07-02T11:55:39","date_gmt":"2025-07-02T09:55:39","guid":{"rendered":"https:\/\/www.realmurcia.es\/tiendaonline\/?post_type=product&#038;p=9291"},"modified":"2026-04-29T13:40:02","modified_gmt":"2026-04-29T11:40:02","slug":"camiseta-3o-equipacion-nino","status":"publish","type":"product","link":"https:\/\/www.realmurcia.es\/tiendaonline\/producto\/camiseta-3o-equipacion-nino\/","title":{"rendered":"CAMISETA 3\u00ba EQUIPACI\u00d3N NI\u00d1O"},"content":{"rendered":"<p>CAMISETA 3\u00ba EQUIPACI\u00d3N NI\u00d1O<\/p>\n","protected":false},"excerpt":{"rendered":"<div data-pm-slice=\"1 1 []\" data-en-clipboard=\"true\">\n<p>El nuevo modelo de tercera equipaci\u00f3n camiseta oficial 25-26 del primer equipo de Joma es de un dise\u00f1o totalmente personalizado de Joma con estetica de camuflaje y con detalles en recuerdo a los socios que fueron parte del movimiento HAZLOTUYO. EL color principal es el verde militar. El branding de Joma aparece en color verde al igual que el escudo del club.<\/p>\n<p><span style=\"font-size: 16px;\">Su suave tejido cuenta con mangas y cuello transpirable.<\/span><\/p>\n<\/div>\n<div>Caracter\u00edsticas t\u00e9cnicas de la camiseta:<\/div>\n<ul>\n<li>\n<div>\u00a0\u00a0Ajuste entallado<\/div>\n<\/li>\n<\/ul>\n","protected":false},"featured_media":13462,"template":"","meta":{"_mo_disable_npp":"","site-sidebar-layout":"default","site-content-layout":"","ast-site-content-layout":"default","site-content-style":"default","site-sidebar-style":"default","ast-global-header-display":"","ast-banner-title-visibility":"","ast-main-header-display":"","ast-hfb-above-header-display":"","ast-hfb-below-header-display":"","ast-hfb-mobile-header-display":"","site-post-title":"","ast-breadcrumbs-content":"","ast-featured-img":"","footer-sml-layout":"","ast-disable-related-posts":"","theme-transparent-header-meta":"default","adv-header-id-meta":"","stick-header-meta":"default","header-above-stick-meta":"","header-main-stick-meta":"","header-below-stick-meta":"","astra-migrate-meta-layouts":"set","ast-page-background-enabled":"default","ast-page-background-meta":{"desktop":{"background-color":"var(--ast-global-color-4)","background-image":"","background-repeat":"repeat","background-position":"center center","background-size":"auto","background-attachment":"scroll","background-type":"","background-media":"","overlay-type":"","overlay-color":"","overlay-opacity":"","overlay-gradient":""},"tablet":{"background-color":"","background-image":"","background-repeat":"repeat","background-position":"center center","background-size":"auto","background-attachment":"scroll","background-type":"","background-media":"","overlay-type":"","overlay-color":"","overlay-opacity":"","overlay-gradient":""},"mobile":{"background-color":"","background-image":"","background-repeat":"repeat","background-position":"center center","background-size":"auto","background-attachment":"scroll","background-type":"","background-media":"","overlay-type":"","overlay-color":"","overlay-opacity":"","overlay-gradient":""}},"ast-content-background-meta":{"desktop":{"background-color":"var(--ast-global-color-5)","background-image":"","background-repeat":"repeat","background-position":"center center","background-size":"auto","background-attachment":"scroll","background-type":"","background-media":"","overlay-type":"","overlay-color":"","overlay-opacity":"","overlay-gradient":""},"tablet":{"background-color":"var(--ast-global-color-5)","background-image":"","background-repeat":"repeat","background-position":"center center","background-size":"auto","background-attachment":"scroll","background-type":"","background-media":"","overlay-type":"","overlay-color":"","overlay-opacity":"","overlay-gradient":""},"mobile":{"background-color":"var(--ast-global-color-5)","background-image":"","background-repeat":"repeat","background-position":"center center","background-size":"auto","background-attachment":"scroll","background-type":"","background-media":"","overlay-type":"","overlay-color":"","overlay-opacity":"","overlay-gradient":""}},"_joinchat":[]},"product_brand":[],"product_cat":[141,17,187,161],"product_tag":[],"class_list":{"0":"post-9291","1":"product","2":"type-product","3":"status-publish","4":"has-post-thumbnail","6":"product_cat-3a-equipacion","7":"product_cat-equipacion","8":"product_cat-tercera","9":"product_cat-tercera-equipacion","10":"desktop-align-center","11":"tablet-align-center","12":"mobile-align-center","13":"ast-product-gallery-layout-horizontal-slider","14":"ast-product-single-variable","15":"ast-product-tabs-layout-vertical","17":"first","18":"instock","19":"taxable","20":"shipping-taxable","21":"purchasable","22":"product-type-variable","23":"has-default-attributes"},"exclude_global_add_ons":false,"addons":[{"name":"\u00bfQuieres a\u00f1adir nombre a la camiseta?","type":"custom_text","position":0,"required":false,"title_format":"label","default":"","description_enable":true,"description":"Los nombres que resulten ofensivos o atenten contra la integridad moral del club podr\u00e1n ser rechazados. La realizaci\u00f3n de la serigrafia afectar\u00e1 al plazo de entrega de tu pedido.\r\nLas camisetas serigrafiadas no se pondr\u00e1n devolver ni cambiar.","placeholder_enable":false,"placeholder":"","display":"radiobutton","restrictions_type":"any_text","adjust_price":true,"price":"9.50","price_type":"flat_fee","restrictions":true,"min":"0","max":"7","options":[],"id":1751633268},{"name":"\u00bfQuieres a\u00f1adir n\u00famero a la camiseta?","type":"custom_text","position":1,"required":false,"title_format":"label","default":"","description_enable":true,"description":"La realizaci\u00f3n de la serigrafia afectar\u00e1 al plazo de entrega de tu pedido.","placeholder_enable":false,"placeholder":"","display":"select","restrictions_type":"only_numbers","adjust_price":true,"price":"9.50","price_type":"flat_fee","restrictions":true,"min":"0","max":"2","options":[],"id":1751633269}],"_links":{"self":[{"href":"https:\/\/www.realmurcia.es\/tiendaonline\/wp-json\/wp\/v2\/product\/9291","targetHints":{"allow":["GET"]}}],"collection":[{"href":"https:\/\/www.realmurcia.es\/tiendaonline\/wp-json\/wp\/v2\/product"}],"about":[{"href":"https:\/\/www.realmurcia.es\/tiendaonline\/wp-json\/wp\/v2\/types\/product"}],"wp:featuredmedia":[{"embeddable":true,"href":"https:\/\/www.realmurcia.es\/tiendaonline\/wp-json\/wp\/v2\/media\/13462"}],"wp:attachment":[{"href":"https:\/\/www.realmurcia.es\/tiendaonline\/wp-json\/wp\/v2\/media?parent=9291"}],"wp:term":[{"taxonomy":"product_brand","embeddable":true,"href":"https:\/\/www.realmurcia.es\/tiendaonline\/wp-json\/wp\/v2\/product_brand?post=9291"},{"taxonomy":"product_cat","embeddable":true,"href":"https:\/\/www.realmurcia.es\/tiendaonline\/wp-json\/wp\/v2\/product_cat?post=9291"},{"taxonomy":"product_tag","embeddable":true,"href":"https:\/\/www.realmurcia.es\/tiendaonline\/wp-json\/wp\/v2\/product_tag?post=9291"}],"curies":[{"name":"wp","href":"https:\/\/api.w.org\/{rel}","templated":true}]}}