{"id":9351,"date":"2025-07-02T18:55:33","date_gmt":"2025-07-02T16:55:33","guid":{"rendered":"https:\/\/www.realmurcia.es\/tiendaonline\/?post_type=product&#038;p=9351"},"modified":"2026-04-21T17:19:17","modified_gmt":"2026-04-21T15:19:17","slug":"mochila-paseo-real-murcia","status":"publish","type":"product","link":"https:\/\/www.realmurcia.es\/tiendaonline\/producto\/mochila-paseo-real-murcia\/","title":{"rendered":"MOCHILA PASEO REAL MURCIA"},"content":{"rendered":"<p>Mochila fabricada con tejido antidesgarros en la parte delantera. Est\u00e1 compuesta por dos compartimentos principales con cierre de cremallera. Tambi\u00e9n tiene dos bolsillos exteriores en los bajos laterales fabricados con tejido de rejilla, sin cremallera y con el\u00e1stico en la parte superior, donde se pueden guardar objetos o la botella de agua. En la parte trasera, incluye tejido acolchado para aportar comodidad.<\/p>\n<p>En cuanto al interior de la mochila, dispone de compartimento seguro para guardar el ordenador, bolsillos para guardar cartera y dem\u00e1s objetos, y otra parte para guardar los zapatos.<\/p>\n<p>Los tirantes son ajustables, lo que hace que llevarla sea m\u00e1s c\u00f3modo.<\/p>\n<h3>Caracter\u00edsticas<\/h3>\n<ul class=\"double-column\">\n<li>Tejido ligero<\/li>\n<li>Bolsillo para botella y bolsillo para ordenador<\/li>\n<li>Bolsillos principal<\/li>\n<li>Zapatillero<\/li>\n<li>Espalda acolchada<\/li>\n<li>Capacidad 30 L<\/li>\n<li>Dimensiones: alto 45 cm x ancho 29 cm x fondo 22 cm<\/li>\n<li>Asas ajustables<\/li>\n<li>100% Poli\u00e9ster<\/li>\n<\/ul>\n","protected":false},"excerpt":{"rendered":"<p>Descubre la mochila de paseo del Primer Equipo. Con un dise\u00f1o funcional y moderno en rojo y negro, esta mochila destaca por su resistencia y comodidad. Un accesorio vers\u00e1til y duradero, con el detalle del escudo del Real Murcia, perfecto para llevar todo lo que necesitas en tu d\u00eda a d\u00eda.<\/p>\n<p>Este accesorio ha sido dise\u00f1ado pensando en la versatilidad y la durabilidad, convirti\u00e9ndose en el compa\u00f1ero ideal para tu rutina diaria, ya sea para el trabajo, los estudios o tus actividades deportivas.<\/p>\n<p>Su estructura combina un dise\u00f1o inteligente con materiales de primera calidad. El cuerpo principal, en un sobrio color negro, garantiza resistencia al desgaste, mientras que el bolsillo frontal en un vibrante color rojo no solo a\u00f1ade un toque de estilo, sino que tambi\u00e9n ofrece un acceso r\u00e1pido a tus objetos m\u00e1s importantes.<\/p>\n","protected":false},"featured_media":10107,"template":"","meta":{"_mo_disable_npp":"","site-sidebar-layout":"default","site-content-layout":"","ast-site-content-layout":"default","site-content-style":"default","site-sidebar-style":"default","ast-global-header-display":"","ast-banner-title-visibility":"","ast-main-header-display":"","ast-hfb-above-header-display":"","ast-hfb-below-header-display":"","ast-hfb-mobile-header-display":"","site-post-title":"","ast-breadcrumbs-content":"","ast-featured-img":"","footer-sml-layout":"","ast-disable-related-posts":"","theme-transparent-header-meta":"default","adv-header-id-meta":"","stick-header-meta":"default","header-above-stick-meta":"","header-main-stick-meta":"","header-below-stick-meta":"","astra-migrate-meta-layouts":"set","ast-page-background-enabled":"default","ast-page-background-meta":{"desktop":{"background-color":"var(--ast-global-color-4)","background-image":"","background-repeat":"repeat","background-position":"center center","background-size":"auto","background-attachment":"scroll","background-type":"","background-media":"","overlay-type":"","overlay-color":"","overlay-opacity":"","overlay-gradient":""},"tablet":{"background-color":"","background-image":"","background-repeat":"repeat","background-position":"center center","background-size":"auto","background-attachment":"scroll","background-type":"","background-media":"","overlay-type":"","overlay-color":"","overlay-opacity":"","overlay-gradient":""},"mobile":{"background-color":"","background-image":"","background-repeat":"repeat","background-position":"center center","background-size":"auto","background-attachment":"scroll","background-type":"","background-media":"","overlay-type":"","overlay-color":"","overlay-opacity":"","overlay-gradient":""}},"ast-content-background-meta":{"desktop":{"background-color":"var(--ast-global-color-5)","background-image":"","background-repeat":"repeat","background-position":"center center","background-size":"auto","background-attachment":"scroll","background-type":"","background-media":"","overlay-type":"","overlay-color":"","overlay-opacity":"","overlay-gradient":""},"tablet":{"background-color":"var(--ast-global-color-5)","background-image":"","background-repeat":"repeat","background-position":"center center","background-size":"auto","background-attachment":"scroll","background-type":"","background-media":"","overlay-type":"","overlay-color":"","overlay-opacity":"","overlay-gradient":""},"mobile":{"background-color":"var(--ast-global-color-5)","background-image":"","background-repeat":"repeat","background-position":"center center","background-size":"auto","background-attachment":"scroll","background-type":"","background-media":"","overlay-type":"","overlay-color":"","overlay-opacity":"","overlay-gradient":""}},"_joinchat":[]},"product_brand":[],"product_cat":[182,209,156],"product_tag":[],"class_list":{"0":"post-9351","1":"product","2":"type-product","3":"status-publish","4":"has-post-thumbnail","6":"product_cat-accesorios","7":"product_cat-mochilas-y-bolsas","8":"product_cat-paseo","9":"desktop-align-center","10":"tablet-align-center","11":"mobile-align-center","12":"ast-product-gallery-layout-horizontal-slider","13":"ast-product-gallery-with-no-image","14":"ast-product-single-variable","15":"ast-product-tabs-layout-vertical","17":"first","18":"instock","19":"taxable","20":"shipping-taxable","21":"purchasable","22":"product-type-variable","23":"has-default-attributes"},"exclude_global_add_ons":[],"addons":[],"_links":{"self":[{"href":"https:\/\/www.realmurcia.es\/tiendaonline\/wp-json\/wp\/v2\/product\/9351","targetHints":{"allow":["GET"]}}],"collection":[{"href":"https:\/\/www.realmurcia.es\/tiendaonline\/wp-json\/wp\/v2\/product"}],"about":[{"href":"https:\/\/www.realmurcia.es\/tiendaonline\/wp-json\/wp\/v2\/types\/product"}],"wp:featuredmedia":[{"embeddable":true,"href":"https:\/\/www.realmurcia.es\/tiendaonline\/wp-json\/wp\/v2\/media\/10107"}],"wp:attachment":[{"href":"https:\/\/www.realmurcia.es\/tiendaonline\/wp-json\/wp\/v2\/media?parent=9351"}],"wp:term":[{"taxonomy":"product_brand","embeddable":true,"href":"https:\/\/www.realmurcia.es\/tiendaonline\/wp-json\/wp\/v2\/product_brand?post=9351"},{"taxonomy":"product_cat","embeddable":true,"href":"https:\/\/www.realmurcia.es\/tiendaonline\/wp-json\/wp\/v2\/product_cat?post=9351"},{"taxonomy":"product_tag","embeddable":true,"href":"https:\/\/www.realmurcia.es\/tiendaonline\/wp-json\/wp\/v2\/product_tag?post=9351"}],"curies":[{"name":"wp","href":"https:\/\/api.w.org\/{rel}","templated":true}]}}