{"id":9625,"date":"2025-07-09T19:27:31","date_gmt":"2025-07-09T17:27:31","guid":{"rendered":"https:\/\/www.realmurcia.es\/tiendaonline\/?post_type=product&#038;p=9625"},"modified":"2026-04-25T09:57:40","modified_gmt":"2026-04-25T07:57:40","slug":"abrigo-paseo-nino","status":"publish","type":"product","link":"https:\/\/www.realmurcia.es\/tiendaonline\/producto\/abrigo-paseo-nino\/","title":{"rendered":"ABRIGO PASEO NI\u00d1O"},"content":{"rendered":"<p>Abrigo acolchado para hombre. Modelo de entrenamiento y uso diario.<\/p>\n<p>Dispone de capucha con una banda el\u00e1stica alrededor para facilitar el ajuste. Tambi\u00e9n incorpora cierre con cremallera y tirador, dos bolsillos exteriores con cremallera invisible y el\u00e1stico en pu\u00f1os y bajo. Los bolsillos seguros son ideales para guardar peque\u00f1os objetos personales.<\/p>\n<p>Esta chaqueta est\u00e1 fabricada con tejido acolchado muy ligero, que mantiene constante la temperatura corporal y que proporciona confort al deportista. Su volumen abriga, pero no aporta peso extra. Para mayor comodidad, el anorak est\u00e1 equipado con un covertape protector en la barbilla, evitando cualquier rozadura o irritaci\u00f3n.<\/p>\n<p>*En las tallas Junior no se incluyen cordones<\/p>\n<h3>Caracter\u00edsticas<\/h3>\n<ul class=\"double-column\">\n<li>Bajo y pu\u00f1os el\u00e1sticos<\/li>\n<li>Capucha<\/li>\n<li>Bolsillos con cremallera<\/li>\n<li>Tejido confortable y abrigado<\/li>\n<li>Tipo de ajuste: est\u00e1ndar<\/li>\n<li>Tejido principal 100% Nylon \/ Forro interior 100% Poli\u00e9ster<\/li>\n<\/ul>\n","protected":false},"excerpt":{"rendered":"<p>Abrigo acolchado para hombre. Modelo de entrenamiento y uso diario. Dispone de capucha con una banda el\u00e1stica alrededor para facilitar el ajuste. Tambi\u00e9n incorpora cierre con cremallera y tirador, dos bolsillos exteriores con cremallera invisible y el\u00e1stico en pu\u00f1os y bajo. Los bolsillos seguros son ideales para guardar peque\u00f1os objetos personales. Esta chaqueta est\u00e1 fabricada [&hellip;]<\/p>\n","protected":false},"featured_media":11296,"template":"","meta":{"_mo_disable_npp":"","site-sidebar-layout":"default","site-content-layout":"","ast-site-content-layout":"default","site-content-style":"default","site-sidebar-style":"default","ast-global-header-display":"","ast-banner-title-visibility":"","ast-main-header-display":"","ast-hfb-above-header-display":"","ast-hfb-below-header-display":"","ast-hfb-mobile-header-display":"","site-post-title":"","ast-breadcrumbs-content":"","ast-featured-img":"","footer-sml-layout":"","ast-disable-related-posts":"","theme-transparent-header-meta":"default","adv-header-id-meta":"","stick-header-meta":"default","header-above-stick-meta":"","header-main-stick-meta":"","header-below-stick-meta":"","astra-migrate-meta-layouts":"set","ast-page-background-enabled":"default","ast-page-background-meta":{"desktop":{"background-color":"var(--ast-global-color-4)","background-image":"","background-repeat":"repeat","background-position":"center center","background-size":"auto","background-attachment":"scroll","background-type":"","background-media":"","overlay-type":"","overlay-color":"","overlay-opacity":"","overlay-gradient":""},"tablet":{"background-color":"","background-image":"","background-repeat":"repeat","background-position":"center center","background-size":"auto","background-attachment":"scroll","background-type":"","background-media":"","overlay-type":"","overlay-color":"","overlay-opacity":"","overlay-gradient":""},"mobile":{"background-color":"","background-image":"","background-repeat":"repeat","background-position":"center center","background-size":"auto","background-attachment":"scroll","background-type":"","background-media":"","overlay-type":"","overlay-color":"","overlay-opacity":"","overlay-gradient":""}},"ast-content-background-meta":{"desktop":{"background-color":"var(--ast-global-color-5)","background-image":"","background-repeat":"repeat","background-position":"center center","background-size":"auto","background-attachment":"scroll","background-type":"","background-media":"","overlay-type":"","overlay-color":"","overlay-opacity":"","overlay-gradient":""},"tablet":{"background-color":"var(--ast-global-color-5)","background-image":"","background-repeat":"repeat","background-position":"center center","background-size":"auto","background-attachment":"scroll","background-type":"","background-media":"","overlay-type":"","overlay-color":"","overlay-opacity":"","overlay-gradient":""},"mobile":{"background-color":"var(--ast-global-color-5)","background-image":"","background-repeat":"repeat","background-position":"center center","background-size":"auto","background-attachment":"scroll","background-type":"","background-media":"","overlay-type":"","overlay-color":"","overlay-opacity":"","overlay-gradient":""}},"_joinchat":[]},"product_brand":[],"product_cat":[203,196,151,156],"product_tag":[],"class_list":{"0":"post-9625","1":"product","2":"type-product","3":"status-publish","4":"has-post-thumbnail","6":"product_cat-abrigos-y-chubasqueros","7":"product_cat-invierno","8":"product_cat-moda","9":"product_cat-paseo","10":"desktop-align-center","11":"tablet-align-center","12":"mobile-align-center","13":"ast-product-gallery-layout-horizontal-slider","14":"ast-product-gallery-with-no-image","15":"ast-product-single-variable","16":"ast-product-tabs-layout-vertical","18":"first","19":"instock","20":"taxable","21":"shipping-taxable","22":"purchasable","23":"product-type-variable","24":"has-default-attributes"},"exclude_global_add_ons":[],"addons":[],"_links":{"self":[{"href":"https:\/\/www.realmurcia.es\/tiendaonline\/wp-json\/wp\/v2\/product\/9625","targetHints":{"allow":["GET"]}}],"collection":[{"href":"https:\/\/www.realmurcia.es\/tiendaonline\/wp-json\/wp\/v2\/product"}],"about":[{"href":"https:\/\/www.realmurcia.es\/tiendaonline\/wp-json\/wp\/v2\/types\/product"}],"wp:featuredmedia":[{"embeddable":true,"href":"https:\/\/www.realmurcia.es\/tiendaonline\/wp-json\/wp\/v2\/media\/11296"}],"wp:attachment":[{"href":"https:\/\/www.realmurcia.es\/tiendaonline\/wp-json\/wp\/v2\/media?parent=9625"}],"wp:term":[{"taxonomy":"product_brand","embeddable":true,"href":"https:\/\/www.realmurcia.es\/tiendaonline\/wp-json\/wp\/v2\/product_brand?post=9625"},{"taxonomy":"product_cat","embeddable":true,"href":"https:\/\/www.realmurcia.es\/tiendaonline\/wp-json\/wp\/v2\/product_cat?post=9625"},{"taxonomy":"product_tag","embeddable":true,"href":"https:\/\/www.realmurcia.es\/tiendaonline\/wp-json\/wp\/v2\/product_tag?post=9625"}],"curies":[{"name":"wp","href":"https:\/\/api.w.org\/{rel}","templated":true}]}}