{"id":9639,"date":"2025-07-09T19:56:36","date_gmt":"2025-07-09T17:56:36","guid":{"rendered":"https:\/\/www.realmurcia.es\/tiendaonline\/?post_type=product&#038;p=9639"},"modified":"2026-04-29T18:16:41","modified_gmt":"2026-04-29T16:16:41","slug":"pantalon-largo-entreno-azul-nino","status":"publish","type":"product","link":"https:\/\/www.realmurcia.es\/tiendaonline\/producto\/pantalon-largo-entreno-azul-nino\/","title":{"rendered":"PANTAL\u00d3N LARGO ENTRENO AZUL NI\u00d1O"},"content":{"rendered":"<p>Pantal\u00f3n largo de hombre. Se trata de un pantal\u00f3n de ch\u00e1ndal c\u00f3modo y vers\u00e1til, apto para entrenamientos en m\u00faltiples deportes.<\/p>\n<p>Incorpora cintura el\u00e1stica ajustable mediante cord\u00f3n interior para conseguir una adaptabilidad y fijaci\u00f3n completas.<\/p>\n<p>Presenta corte skinny muy ajustado. Elaborado con tejido el\u00e1stico para optimizar la libertad de movimiento, as\u00ed como con fleece interior que ayuda a mantener la temperatura corporal constante. Su calidez y suavidad proporcionan un alto nivel de confort durante su uso.<\/p>\n<h3>Caracter\u00edsticas<\/h3>\n<ul class=\"double-column\">\n<li>Cintura el\u00e1stica con cord\u00f3n interior<\/li>\n<li>Bolsillos con cremallera<\/li>\n<li>Tejido el\u00e1stico con fleece interior<\/li>\n<li>Tipo de ajuste: est\u00e1ndar<\/li>\n<li>90% Poli\u00e9ster, 10% Elastano<\/li>\n<\/ul>\n","protected":false},"excerpt":{"rendered":"<p>Pantal\u00f3n largo de hombre. Se trata de un pantal\u00f3n de ch\u00e1ndal c\u00f3modo y vers\u00e1til, apto para entrenamientos en m\u00faltiples deportes. Incorpora cintura el\u00e1stica ajustable mediante cord\u00f3n interior para conseguir una adaptabilidad y fijaci\u00f3n completas. Presenta corte skinny muy ajustado. Elaborado con tejido el\u00e1stico para optimizar la libertad de movimiento, as\u00ed como con fleece interior que [&hellip;]<\/p>\n","protected":false},"featured_media":11150,"template":"","meta":{"_mo_disable_npp":"","site-sidebar-layout":"default","site-content-layout":"","ast-site-content-layout":"default","site-content-style":"default","site-sidebar-style":"default","ast-global-header-display":"","ast-banner-title-visibility":"","ast-main-header-display":"","ast-hfb-above-header-display":"","ast-hfb-below-header-display":"","ast-hfb-mobile-header-display":"","site-post-title":"","ast-breadcrumbs-content":"","ast-featured-img":"","footer-sml-layout":"","ast-disable-related-posts":"","theme-transparent-header-meta":"default","adv-header-id-meta":"","stick-header-meta":"default","header-above-stick-meta":"","header-main-stick-meta":"","header-below-stick-meta":"","astra-migrate-meta-layouts":"set","ast-page-background-enabled":"default","ast-page-background-meta":{"desktop":{"background-color":"var(--ast-global-color-4)","background-image":"","background-repeat":"repeat","background-position":"center center","background-size":"auto","background-attachment":"scroll","background-type":"","background-media":"","overlay-type":"","overlay-color":"","overlay-opacity":"","overlay-gradient":""},"tablet":{"background-color":"","background-image":"","background-repeat":"repeat","background-position":"center center","background-size":"auto","background-attachment":"scroll","background-type":"","background-media":"","overlay-type":"","overlay-color":"","overlay-opacity":"","overlay-gradient":""},"mobile":{"background-color":"","background-image":"","background-repeat":"repeat","background-position":"center center","background-size":"auto","background-attachment":"scroll","background-type":"","background-media":"","overlay-type":"","overlay-color":"","overlay-opacity":"","overlay-gradient":""}},"ast-content-background-meta":{"desktop":{"background-color":"var(--ast-global-color-5)","background-image":"","background-repeat":"repeat","background-position":"center center","background-size":"auto","background-attachment":"scroll","background-type":"","background-media":"","overlay-type":"","overlay-color":"","overlay-opacity":"","overlay-gradient":""},"tablet":{"background-color":"var(--ast-global-color-5)","background-image":"","background-repeat":"repeat","background-position":"center center","background-size":"auto","background-attachment":"scroll","background-type":"","background-media":"","overlay-type":"","overlay-color":"","overlay-opacity":"","overlay-gradient":""},"mobile":{"background-color":"var(--ast-global-color-5)","background-image":"","background-repeat":"repeat","background-position":"center center","background-size":"auto","background-attachment":"scroll","background-type":"","background-media":"","overlay-type":"","overlay-color":"","overlay-opacity":"","overlay-gradient":""}},"_joinchat":[]},"product_brand":[],"product_cat":[191,152,194],"product_tag":[],"class_list":{"0":"post-9639","1":"product","2":"type-product","3":"status-publish","4":"has-post-thumbnail","6":"product_cat-entrenamiento","7":"product_cat-entreno","8":"product_cat-pantalones","9":"desktop-align-center","10":"tablet-align-center","11":"mobile-align-center","12":"ast-product-gallery-layout-horizontal-slider","13":"ast-product-gallery-with-no-image","14":"ast-product-single-variable","15":"ast-product-tabs-layout-vertical","17":"first","18":"instock","19":"taxable","20":"shipping-taxable","21":"purchasable","22":"product-type-variable","23":"has-default-attributes"},"exclude_global_add_ons":[],"addons":[],"_links":{"self":[{"href":"https:\/\/www.realmurcia.es\/tiendaonline\/wp-json\/wp\/v2\/product\/9639","targetHints":{"allow":["GET"]}}],"collection":[{"href":"https:\/\/www.realmurcia.es\/tiendaonline\/wp-json\/wp\/v2\/product"}],"about":[{"href":"https:\/\/www.realmurcia.es\/tiendaonline\/wp-json\/wp\/v2\/types\/product"}],"wp:featuredmedia":[{"embeddable":true,"href":"https:\/\/www.realmurcia.es\/tiendaonline\/wp-json\/wp\/v2\/media\/11150"}],"wp:attachment":[{"href":"https:\/\/www.realmurcia.es\/tiendaonline\/wp-json\/wp\/v2\/media?parent=9639"}],"wp:term":[{"taxonomy":"product_brand","embeddable":true,"href":"https:\/\/www.realmurcia.es\/tiendaonline\/wp-json\/wp\/v2\/product_brand?post=9639"},{"taxonomy":"product_cat","embeddable":true,"href":"https:\/\/www.realmurcia.es\/tiendaonline\/wp-json\/wp\/v2\/product_cat?post=9639"},{"taxonomy":"product_tag","embeddable":true,"href":"https:\/\/www.realmurcia.es\/tiendaonline\/wp-json\/wp\/v2\/product_tag?post=9639"}],"curies":[{"name":"wp","href":"https:\/\/api.w.org\/{rel}","templated":true}]}}